{"id":308,"date":"2025-03-07T11:02:34","date_gmt":"2025-03-07T10:02:34","guid":{"rendered":"https:\/\/actionmall.act.at\/shop\/1785\/?post_type=product&#038;p=308"},"modified":"2025-03-07T11:03:16","modified_gmt":"2025-03-07T10:03:16","slug":"sony-xperia-1v-i187","status":"publish","type":"product","link":"https:\/\/actionmall.act.at\/shop\/1785\/produkt\/sony-xperia-1v-i187\/","title":{"rendered":"Sony Xperia 1V I187"},"content":{"rendered":"<p>Das Sony Xperia 1 V hat ein 6,5 Zoll 4K HDR OLED-Display, Snapdragon 8 Gen 2 Prozessor, 12 GB RAM und 256 GB oder 512 GB Speicher. Es bietet eine 48-MP-Kamera, 5.000 mAh Akku mit schnellem Laden und 5G-Konnektivit\u00e4t. Es l\u00e4uft auf Android 13 und ist in Schwarz, Wei\u00df und Khaki erh\u00e4ltlich.<\/p>\n","protected":false},"excerpt":{"rendered":"<p>Das Sony Xperia 1 V hat ein 6,5 Zoll 4K HDR OLED-Display, Snapdragon 8 Gen 2 Prozessor, 12 GB RAM und 256 GB oder 512 GB Speicher. Es bietet eine 48-MP-Kamera, 5.000 mAh Akku mit schnellem Laden und 5G-Konnektivit\u00e4t. Es l\u00e4uft auf Android 13 und ist in Schwarz, Wei\u00df und Khaki erh\u00e4ltlich.<\/p>\n","protected":false},"featured_media":309,"template":"","meta":[],"product_cat":[],"product_tag":[],"class_list":{"0":"post-308","1":"product","2":"type-product","3":"status-publish","4":"has-post-thumbnail","7":"first","8":"instock","9":"taxable","10":"shipping-taxable","11":"purchasable","12":"product-type-simple"},"_links":{"self":[{"href":"https:\/\/actionmall.act.at\/shop\/1785\/wp-json\/wp\/v2\/product\/308"}],"collection":[{"href":"https:\/\/actionmall.act.at\/shop\/1785\/wp-json\/wp\/v2\/product"}],"about":[{"href":"https:\/\/actionmall.act.at\/shop\/1785\/wp-json\/wp\/v2\/types\/product"}],"wp:featuredmedia":[{"embeddable":true,"href":"https:\/\/actionmall.act.at\/shop\/1785\/wp-json\/wp\/v2\/media\/309"}],"wp:attachment":[{"href":"https:\/\/actionmall.act.at\/shop\/1785\/wp-json\/wp\/v2\/media?parent=308"}],"wp:term":[{"taxonomy":"product_cat","embeddable":true,"href":"https:\/\/actionmall.act.at\/shop\/1785\/wp-json\/wp\/v2\/product_cat?post=308"},{"taxonomy":"product_tag","embeddable":true,"href":"https:\/\/actionmall.act.at\/shop\/1785\/wp-json\/wp\/v2\/product_tag?post=308"}],"curies":[{"name":"wp","href":"https:\/\/api.w.org\/{rel}","templated":true}]}}