{"id":365,"date":"2025-03-21T12:57:57","date_gmt":"2025-03-21T11:57:57","guid":{"rendered":"https:\/\/actionmall.act.at\/shop\/1785\/?post_type=product&#038;p=365"},"modified":"2025-03-21T12:57:58","modified_gmt":"2025-03-21T11:57:58","slug":"lenovo-thinkbook-plus-gen-6-i202","status":"publish","type":"product","link":"https:\/\/actionmall.act.at\/shop\/1785\/produkt\/lenovo-thinkbook-plus-gen-6-i202\/","title":{"rendered":"Lenovo ThinkBook Plus Gen 6 I202"},"content":{"rendered":"<p><span class=\"relative -mx-px my-[-0.2rem] rounded px-px py-[0.2rem]\">Der Lenovo ThinkBook Plus Gen 6 ist ein innovatives Notebook mit einem ausrollbaren OLED-Display, das von 14 Zoll auf 16,7 Zoll erweitert werden kann.<\/span> <span class=\"relative -mx-px my-[-0.2rem] rounded px-px py-[0.2rem]\">Diese Funktion erm\u00f6glicht es Nutzern, ihre Arbeitsfl\u00e4che flexibel zu vergr\u00f6\u00dfern, ideal f\u00fcr Multitasking und produktives Arbeiten.<\/span> <span class=\"relative -mx-px my-[-0.2rem] rounded px-px py-[0.2rem]\">Ausgestattet mit den neuesten Intel Core Ultra Prozessoren, bis zu 32 GB RAM und einer 1 TB SSD, bietet es leistungsstarke Performance.<\/span><\/p>\n","protected":false},"excerpt":{"rendered":"<p>Der Lenovo ThinkBook Plus Gen 6 ist ein innovatives Notebook mit einem ausrollbaren OLED-Display, das von 14 Zoll auf 16,7 Zoll erweitert werden kann. Diese Funktion erm\u00f6glicht es Nutzern, ihre Arbeitsfl\u00e4che flexibel zu vergr\u00f6\u00dfern, ideal f\u00fcr Multitasking und produktives Arbeiten. Ausgestattet mit den neuesten Intel Core Ultra Prozessoren, bis zu 32 GB RAM und einer [&hellip;]<\/p>\n","protected":false},"featured_media":368,"template":"","meta":[],"product_cat":[],"product_tag":[],"class_list":{"0":"post-365","1":"product","2":"type-product","3":"status-publish","4":"has-post-thumbnail","7":"first","8":"instock","9":"taxable","10":"shipping-taxable","11":"purchasable","12":"product-type-simple"},"_links":{"self":[{"href":"https:\/\/actionmall.act.at\/shop\/1785\/wp-json\/wp\/v2\/product\/365"}],"collection":[{"href":"https:\/\/actionmall.act.at\/shop\/1785\/wp-json\/wp\/v2\/product"}],"about":[{"href":"https:\/\/actionmall.act.at\/shop\/1785\/wp-json\/wp\/v2\/types\/product"}],"wp:featuredmedia":[{"embeddable":true,"href":"https:\/\/actionmall.act.at\/shop\/1785\/wp-json\/wp\/v2\/media\/368"}],"wp:attachment":[{"href":"https:\/\/actionmall.act.at\/shop\/1785\/wp-json\/wp\/v2\/media?parent=365"}],"wp:term":[{"taxonomy":"product_cat","embeddable":true,"href":"https:\/\/actionmall.act.at\/shop\/1785\/wp-json\/wp\/v2\/product_cat?post=365"},{"taxonomy":"product_tag","embeddable":true,"href":"https:\/\/actionmall.act.at\/shop\/1785\/wp-json\/wp\/v2\/product_tag?post=365"}],"curies":[{"name":"wp","href":"https:\/\/api.w.org\/{rel}","templated":true}]}}