{"id":389,"date":"2025-03-28T12:48:02","date_gmt":"2025-03-28T11:48:02","guid":{"rendered":"https:\/\/actionmall.act.at\/shop\/1785\/?post_type=product&#038;p=389"},"modified":"2025-03-28T12:48:02","modified_gmt":"2025-03-28T11:48:02","slug":"seminar-lehrgang-internationales-steuer-i112","status":"publish","type":"product","link":"https:\/\/actionmall.act.at\/shop\/1785\/produkt\/seminar-lehrgang-internationales-steuer-i112\/","title":{"rendered":"Seminar &#8222;Lehrgang Internationales Steuer.&#8220; I112"},"content":{"rendered":"<p class=\"\" data-start=\"0\" data-end=\"166\">Der <strong data-start=\"4\" data-end=\"44\">Lehrgang Internationales Steuerrecht<\/strong> ist ein spezialisiertes Seminar, das sich mit grenz\u00fcberschreitenden Steuerfragen besch\u00e4ftigt. Themen k\u00f6nnen u. a. sein:<\/p>\n<ul data-start=\"168\" data-end=\"463\">\n<li class=\"\" data-start=\"168\" data-end=\"208\">\n<p class=\"\" data-start=\"170\" data-end=\"208\"><strong data-start=\"170\" data-end=\"206\">Doppelbesteuerungsabkommen (DBA)<\/strong><\/p>\n<\/li>\n<li class=\"\" data-start=\"168\" data-end=\"208\">\n<p class=\"\" data-start=\"170\" data-end=\"208\"><strong data-start=\"211\" data-end=\"243\">Internationale Steuerplanung<\/strong> und Vermeidung von Steuerfallen<\/p>\n<\/li>\n<li class=\"\" data-start=\"278\" data-end=\"355\">\n<p class=\"\" data-start=\"280\" data-end=\"355\"><strong data-start=\"280\" data-end=\"302\">Verrechnungspreise<\/strong> und deren Bedeutung f\u00fcr multinationale Unternehmen<\/p>\n<\/li>\n<li class=\"\" data-start=\"356\" data-end=\"403\">\n<p class=\"\" data-start=\"358\" data-end=\"403\"><strong data-start=\"358\" data-end=\"401\">Umsatzsteuer im internationalen Kontext<\/strong><\/p>\n<\/li>\n<li class=\"\" data-start=\"404\" data-end=\"463\">\n<p class=\"\" data-start=\"406\" data-end=\"463\"><strong data-start=\"406\" data-end=\"461\">Rechtliche Rahmenbedingungen in der EU und weltweit<\/strong><\/p>\n<\/li>\n<\/ul>\n<p class=\"\" data-start=\"465\" data-end=\"632\">Das Seminar richtet sich an Steuerberater, Wirtschaftspr\u00fcfer, Juristen und Finanzexperten, die ihr Wissen im Bereich der internationalen Besteuerung vertiefen m\u00f6chten.<\/p>\n","protected":false},"excerpt":{"rendered":"<p>Der Lehrgang Internationales Steuerrecht ist ein spezialisiertes Seminar, das sich mit grenz\u00fcberschreitenden Steuerfragen besch\u00e4ftigt. Themen k\u00f6nnen u. a. sein: Doppelbesteuerungsabkommen (DBA) Internationale Steuerplanung und Vermeidung von Steuerfallen Verrechnungspreise und deren Bedeutung f\u00fcr multinationale Unternehmen Umsatzsteuer im internationalen Kontext Rechtliche Rahmenbedingungen in der EU und weltweit Das Seminar richtet sich an Steuerberater, Wirtschaftspr\u00fcfer, Juristen und Finanzexperten, [&hellip;]<\/p>\n","protected":false},"featured_media":388,"template":"","meta":[],"product_cat":[],"product_tag":[],"class_list":{"0":"post-389","1":"product","2":"type-product","3":"status-publish","4":"has-post-thumbnail","7":"first","8":"instock","9":"taxable","10":"shipping-taxable","11":"purchasable","12":"product-type-simple"},"_links":{"self":[{"href":"https:\/\/actionmall.act.at\/shop\/1785\/wp-json\/wp\/v2\/product\/389"}],"collection":[{"href":"https:\/\/actionmall.act.at\/shop\/1785\/wp-json\/wp\/v2\/product"}],"about":[{"href":"https:\/\/actionmall.act.at\/shop\/1785\/wp-json\/wp\/v2\/types\/product"}],"wp:featuredmedia":[{"embeddable":true,"href":"https:\/\/actionmall.act.at\/shop\/1785\/wp-json\/wp\/v2\/media\/388"}],"wp:attachment":[{"href":"https:\/\/actionmall.act.at\/shop\/1785\/wp-json\/wp\/v2\/media?parent=389"}],"wp:term":[{"taxonomy":"product_cat","embeddable":true,"href":"https:\/\/actionmall.act.at\/shop\/1785\/wp-json\/wp\/v2\/product_cat?post=389"},{"taxonomy":"product_tag","embeddable":true,"href":"https:\/\/actionmall.act.at\/shop\/1785\/wp-json\/wp\/v2\/product_tag?post=389"}],"curies":[{"name":"wp","href":"https:\/\/api.w.org\/{rel}","templated":true}]}}