{"id":401,"date":"2025-03-28T13:03:26","date_gmt":"2025-03-28T12:03:26","guid":{"rendered":"https:\/\/actionmall.act.at\/shop\/1785\/?post_type=product&#038;p=401"},"modified":"2025-03-28T13:03:26","modified_gmt":"2025-03-28T12:03:26","slug":"surface-thunderbolt-4-dock-i145","status":"publish","type":"product","link":"https:\/\/actionmall.act.at\/shop\/1785\/produkt\/surface-thunderbolt-4-dock-i145\/","title":{"rendered":"Surface Thunderbolt 4-Dock I145"},"content":{"rendered":"<p class=\"\" data-start=\"0\" data-end=\"232\">Das <strong data-start=\"4\" data-end=\"34\">Surface Thunderbolt 4-Dock<\/strong> von Microsoft bietet eine erweiterte Konnektivit\u00e4t f\u00fcr Surface-Ger\u00e4te und andere kompatible Laptops. Es erm\u00f6glicht eine einfache Verbindung zu mehreren Ger\u00e4ten und bietet schnelle Daten\u00fcbertragung.<\/p>\n<p class=\"\" data-start=\"234\" data-end=\"247\"><strong data-start=\"234\" data-end=\"247\">Merkmale:<\/strong><\/p>\n<ul data-start=\"248\" data-end=\"692\">\n<li class=\"\" data-start=\"248\" data-end=\"343\">\n<p class=\"\" data-start=\"250\" data-end=\"343\"><strong data-start=\"250\" data-end=\"264\">Anschl\u00fcsse<\/strong>: 2x Thunderbolt 4, 2x USB-A 3.2, 1x Ethernet, 1x Audio-Out, 1x DisplayPort 1.4<\/p>\n<\/li>\n<li class=\"\" data-start=\"344\" data-end=\"416\">\n<p class=\"\" data-start=\"346\" data-end=\"416\"><strong data-start=\"346\" data-end=\"374\">Unterst\u00fctzte Aufl\u00f6sungen<\/strong>: Bis zu 2x 4K-Displays oder 1x 8K-Display<\/p>\n<\/li>\n<li class=\"\" data-start=\"417\" data-end=\"487\">\n<p class=\"\" data-start=\"419\" data-end=\"487\"><strong data-start=\"419\" data-end=\"428\">Laden<\/strong>: Kann Surface-Ger\u00e4te mit bis zu 60W Ladeleistung versorgen<\/p>\n<\/li>\n<li class=\"\" data-start=\"488\" data-end=\"573\">\n<p class=\"\" data-start=\"490\" data-end=\"573\"><strong data-start=\"490\" data-end=\"509\">Geschwindigkeit<\/strong>: Daten\u00fcbertragungsraten von bis zu 40 Gbit\/s \u00fcber Thunderbolt 4<\/p>\n<\/li>\n<li class=\"\" data-start=\"574\" data-end=\"692\">\n<p class=\"\" data-start=\"576\" data-end=\"692\"><strong data-start=\"576\" data-end=\"594\">Kompatibilit\u00e4t<\/strong>: Windows 10\/11 und macOS, ideal f\u00fcr professionelle Workflows und erweitertes Multi-Display-Setup.<\/p>\n<\/li>\n<\/ul>\n<p class=\"\" data-start=\"694\" data-end=\"849\"><strong data-start=\"694\" data-end=\"716\">Besondere Features<\/strong>: \u2705 Kompakte Bauweise<br data-start=\"737\" data-end=\"740\" \/>\u2705 Schnell und zuverl\u00e4ssig f\u00fcr produktives Arbeiten<br data-start=\"790\" data-end=\"793\" \/>\u2705 Plug-and-Play, keine zus\u00e4tzliche Software erforderlich<\/p>\n","protected":false},"excerpt":{"rendered":"<p>Das Surface Thunderbolt 4-Dock von Microsoft bietet eine erweiterte Konnektivit\u00e4t f\u00fcr Surface-Ger\u00e4te und andere kompatible Laptops. Es erm\u00f6glicht eine einfache Verbindung zu mehreren Ger\u00e4ten und bietet schnelle Daten\u00fcbertragung. Merkmale: Anschl\u00fcsse: 2x Thunderbolt 4, 2x USB-A 3.2, 1x Ethernet, 1x Audio-Out, 1x DisplayPort 1.4 Unterst\u00fctzte Aufl\u00f6sungen: Bis zu 2x 4K-Displays oder 1x 8K-Display Laden: Kann Surface-Ger\u00e4te [&hellip;]<\/p>\n","protected":false},"featured_media":402,"template":"","meta":[],"product_cat":[],"product_tag":[],"class_list":{"0":"post-401","1":"product","2":"type-product","3":"status-publish","4":"has-post-thumbnail","7":"first","8":"instock","9":"taxable","10":"shipping-taxable","11":"purchasable","12":"product-type-simple"},"_links":{"self":[{"href":"https:\/\/actionmall.act.at\/shop\/1785\/wp-json\/wp\/v2\/product\/401"}],"collection":[{"href":"https:\/\/actionmall.act.at\/shop\/1785\/wp-json\/wp\/v2\/product"}],"about":[{"href":"https:\/\/actionmall.act.at\/shop\/1785\/wp-json\/wp\/v2\/types\/product"}],"wp:featuredmedia":[{"embeddable":true,"href":"https:\/\/actionmall.act.at\/shop\/1785\/wp-json\/wp\/v2\/media\/402"}],"wp:attachment":[{"href":"https:\/\/actionmall.act.at\/shop\/1785\/wp-json\/wp\/v2\/media?parent=401"}],"wp:term":[{"taxonomy":"product_cat","embeddable":true,"href":"https:\/\/actionmall.act.at\/shop\/1785\/wp-json\/wp\/v2\/product_cat?post=401"},{"taxonomy":"product_tag","embeddable":true,"href":"https:\/\/actionmall.act.at\/shop\/1785\/wp-json\/wp\/v2\/product_tag?post=401"}],"curies":[{"name":"wp","href":"https:\/\/api.w.org\/{rel}","templated":true}]}}