{"id":403,"date":"2025-03-28T13:05:00","date_gmt":"2025-03-28T12:05:00","guid":{"rendered":"https:\/\/actionmall.act.at\/shop\/1785\/?post_type=product&#038;p=403"},"modified":"2025-03-28T13:05:00","modified_gmt":"2025-03-28T12:05:00","slug":"panzer-schutz-glas-3-stueck-fuer-google-pixel-8-pro-i146","status":"publish","type":"product","link":"https:\/\/actionmall.act.at\/shop\/1785\/produkt\/panzer-schutz-glas-3-stueck-fuer-google-pixel-8-pro-i146\/","title":{"rendered":"Panzer Schutz Glas 3 St\u00fcck f\u00fcr Google Pixel 8 Pro I146"},"content":{"rendered":"<p class=\"\" data-start=\"0\" data-end=\"220\">Das <strong data-start=\"4\" data-end=\"48\">Panzer Schutzglas f\u00fcr Google Pixel 8 Pro<\/strong> (3 St\u00fcck) bietet zuverl\u00e4ssigen Schutz f\u00fcr das Display deines Ger\u00e4ts. Es sch\u00fctzt vor Kratzern, St\u00f6\u00dfen und Fingerabdr\u00fccken, ohne die Touchscreen-Qualit\u00e4t zu beeintr\u00e4chtigen.<\/p>\n<p class=\"\" data-start=\"222\" data-end=\"235\"><strong data-start=\"222\" data-end=\"235\">Merkmale:<\/strong><\/p>\n<ul data-start=\"236\" data-end=\"585\">\n<li class=\"\" data-start=\"236\" data-end=\"287\">\n<p class=\"\" data-start=\"238\" data-end=\"287\"><strong data-start=\"238\" data-end=\"250\">3er-Pack<\/strong>: Drei Schutzgl\u00e4ser f\u00fcr extra Ersatz.<\/p>\n<\/li>\n<li class=\"\" data-start=\"288\" data-end=\"347\">\n<p class=\"\" data-start=\"290\" data-end=\"347\"><strong data-start=\"290\" data-end=\"303\">H\u00e4rtegrad<\/strong>: 9H, extrem kratzfest und widerstandsf\u00e4hig.<\/p>\n<\/li>\n<li class=\"\" data-start=\"348\" data-end=\"438\">\n<p class=\"\" data-start=\"350\" data-end=\"438\"><strong data-start=\"350\" data-end=\"365\">Ultra-clear<\/strong>: Hohe Transparenz f\u00fcr klare Bildqualit\u00e4t und Touchscreen-Funktionalit\u00e4t.<\/p>\n<\/li>\n<li class=\"\" data-start=\"439\" data-end=\"516\">\n<p class=\"\" data-start=\"441\" data-end=\"516\"><strong data-start=\"441\" data-end=\"466\">Einfache Installation<\/strong>: Blasenfreier, kleberfreier Installationsprozess.<\/p>\n<\/li>\n<li class=\"\" data-start=\"517\" data-end=\"585\">\n<p class=\"\" data-start=\"519\" data-end=\"585\"><strong data-start=\"519\" data-end=\"545\">Oleophobe Beschichtung<\/strong>: Verhindert Fingerabdr\u00fccke und Schmutz.<\/p>\n<\/li>\n<\/ul>\n<p class=\"\" data-start=\"587\" data-end=\"737\"><strong data-start=\"587\" data-end=\"610\">Besondere Features:<\/strong> \u2705 Hitzebest\u00e4ndig und langlebig<br data-start=\"641\" data-end=\"644\" \/>\u2705 Optimale Passform f\u00fcr Google Pixel 8 Pro<br data-start=\"686\" data-end=\"689\" \/>\u2705 Hohe Ber\u00fchrungsempfindlichkeit bleibt erhalten<\/p>\n","protected":false},"excerpt":{"rendered":"<p>Das Panzer Schutzglas f\u00fcr Google Pixel 8 Pro (3 St\u00fcck) bietet zuverl\u00e4ssigen Schutz f\u00fcr das Display deines Ger\u00e4ts. Es sch\u00fctzt vor Kratzern, St\u00f6\u00dfen und Fingerabdr\u00fccken, ohne die Touchscreen-Qualit\u00e4t zu beeintr\u00e4chtigen. Merkmale: 3er-Pack: Drei Schutzgl\u00e4ser f\u00fcr extra Ersatz. H\u00e4rtegrad: 9H, extrem kratzfest und widerstandsf\u00e4hig. Ultra-clear: Hohe Transparenz f\u00fcr klare Bildqualit\u00e4t und Touchscreen-Funktionalit\u00e4t. Einfache Installation: Blasenfreier, kleberfreier [&hellip;]<\/p>\n","protected":false},"featured_media":404,"template":"","meta":[],"product_cat":[],"product_tag":[],"class_list":{"0":"post-403","1":"product","2":"type-product","3":"status-publish","4":"has-post-thumbnail","7":"first","8":"instock","9":"taxable","10":"shipping-taxable","11":"purchasable","12":"product-type-simple"},"_links":{"self":[{"href":"https:\/\/actionmall.act.at\/shop\/1785\/wp-json\/wp\/v2\/product\/403"}],"collection":[{"href":"https:\/\/actionmall.act.at\/shop\/1785\/wp-json\/wp\/v2\/product"}],"about":[{"href":"https:\/\/actionmall.act.at\/shop\/1785\/wp-json\/wp\/v2\/types\/product"}],"wp:featuredmedia":[{"embeddable":true,"href":"https:\/\/actionmall.act.at\/shop\/1785\/wp-json\/wp\/v2\/media\/404"}],"wp:attachment":[{"href":"https:\/\/actionmall.act.at\/shop\/1785\/wp-json\/wp\/v2\/media?parent=403"}],"wp:term":[{"taxonomy":"product_cat","embeddable":true,"href":"https:\/\/actionmall.act.at\/shop\/1785\/wp-json\/wp\/v2\/product_cat?post=403"},{"taxonomy":"product_tag","embeddable":true,"href":"https:\/\/actionmall.act.at\/shop\/1785\/wp-json\/wp\/v2\/product_tag?post=403"}],"curies":[{"name":"wp","href":"https:\/\/api.w.org\/{rel}","templated":true}]}}