{"id":482,"date":"2025-05-23T11:56:04","date_gmt":"2025-05-23T09:56:04","guid":{"rendered":"https:\/\/actionmall.act.at\/shop\/1785\/?post_type=product&#038;p=482"},"modified":"2025-05-23T11:56:04","modified_gmt":"2025-05-23T09:56:04","slug":"kabel-fuer-den-monitor-sub-d-stecker-3m","status":"publish","type":"product","link":"https:\/\/actionmall.act.at\/shop\/1785\/produkt\/kabel-fuer-den-monitor-sub-d-stecker-3m\/","title":{"rendered":"Kabel f\u00fcr den Monitor, SUB-D Stecker, 3m"},"content":{"rendered":"<p>Dieses hochwertige Monitor-Kabel mit SUB-D\/VGA-Steckern eignet sich ideal zur Verbindung von PC und Monitor, Beamer oder KVM-Switch. Es \u00fcbertr\u00e4gt analoge Bildsignale zuverl\u00e4ssig und st\u00f6rungsfrei \u2013 perfekt f\u00fcr B\u00fcro oder Homeoffice. Mit einer L\u00e4nge von 3 Metern bietet es genug Flexibilit\u00e4t f\u00fcr verschiedene Einsatzbereiche. Die robuste Bauweise sorgt f\u00fcr eine lange Lebensdauer.<\/p>\n","protected":false},"excerpt":{"rendered":"<p>Dieses hochwertige Monitor-Kabel mit SUB-D\/VGA-Steckern eignet sich ideal zur Verbindung von PC und Monitor, Beamer oder KVM-Switch. Es \u00fcbertr\u00e4gt analoge Bildsignale zuverl\u00e4ssig und st\u00f6rungsfrei \u2013 perfekt f\u00fcr B\u00fcro oder Homeoffice. Mit einer L\u00e4nge von 3 Metern bietet es genug Flexibilit\u00e4t f\u00fcr verschiedene Einsatzbereiche. Die robuste Bauweise sorgt f\u00fcr eine lange Lebensdauer.<\/p>\n","protected":false},"featured_media":483,"template":"","meta":[],"product_cat":[],"product_tag":[],"class_list":{"0":"post-482","1":"product","2":"type-product","3":"status-publish","4":"has-post-thumbnail","7":"first","8":"instock","9":"taxable","10":"shipping-taxable","11":"purchasable","12":"product-type-simple"},"_links":{"self":[{"href":"https:\/\/actionmall.act.at\/shop\/1785\/wp-json\/wp\/v2\/product\/482"}],"collection":[{"href":"https:\/\/actionmall.act.at\/shop\/1785\/wp-json\/wp\/v2\/product"}],"about":[{"href":"https:\/\/actionmall.act.at\/shop\/1785\/wp-json\/wp\/v2\/types\/product"}],"wp:featuredmedia":[{"embeddable":true,"href":"https:\/\/actionmall.act.at\/shop\/1785\/wp-json\/wp\/v2\/media\/483"}],"wp:attachment":[{"href":"https:\/\/actionmall.act.at\/shop\/1785\/wp-json\/wp\/v2\/media?parent=482"}],"wp:term":[{"taxonomy":"product_cat","embeddable":true,"href":"https:\/\/actionmall.act.at\/shop\/1785\/wp-json\/wp\/v2\/product_cat?post=482"},{"taxonomy":"product_tag","embeddable":true,"href":"https:\/\/actionmall.act.at\/shop\/1785\/wp-json\/wp\/v2\/product_tag?post=482"}],"curies":[{"name":"wp","href":"https:\/\/api.w.org\/{rel}","templated":true}]}}