{"id":596,"date":"2026-04-28T09:23:18","date_gmt":"2026-04-28T07:23:18","guid":{"rendered":"https:\/\/actionmall.act.at\/shop\/1785\/?post_type=product&#038;p=596"},"modified":"2026-04-28T09:24:12","modified_gmt":"2026-04-28T07:24:12","slug":"corsair-scimitar-elite-wireless-se","status":"publish","type":"product","link":"https:\/\/actionmall.act.at\/shop\/1785\/produkt\/corsair-scimitar-elite-wireless-se\/","title":{"rendered":"Corsair Scimitar Elite Wireless SE"},"content":{"rendered":"<p>Zum Verkauf steht eine hochwertige Gaming-Maus f\u00fcr anspruchsvolle Spieler.<\/p>\n<p>Ausstattung:<\/p>\n<p>16 programmierbare Tasten (inkl. 12-Tasten-Seitenpanel)<\/p>\n<p>Hochpr\u00e4ziser 33K DPI Sensor<\/p>\n<p>Kabellos (2,4 GHz + Bluetooth)<\/p>\n<p>USB-C Ladeanschluss<\/p>\n<p>Anpassbares Seitentasten-Slider-System<\/p>\n<p>Leistung:<\/p>\n<p>Ideal f\u00fcr MMO-, MOBA- und Shooter-Games<\/p>\n<p>Sehr schnelle und pr\u00e4zise Reaktion<\/p>\n<p>Perfekt f\u00fcr Makros und individuelle Tastenbelegung<\/p>\n","protected":false},"excerpt":{"rendered":"<p>Zum Verkauf steht eine hochwertige Gaming-Maus f\u00fcr anspruchsvolle Spieler. Ausstattung: 16 programmierbare Tasten (inkl. 12-Tasten-Seitenpanel) Hochpr\u00e4ziser 33K DPI Sensor Kabellos (2,4 GHz + Bluetooth) USB-C Ladeanschluss Anpassbares Seitentasten-Slider-System Leistung: Ideal f\u00fcr MMO-, MOBA- und Shooter-Games Sehr schnelle und pr\u00e4zise Reaktion Perfekt f\u00fcr Makros und individuelle Tastenbelegung<\/p>\n","protected":false},"featured_media":598,"template":"","meta":[],"product_cat":[58],"product_tag":[],"class_list":{"0":"post-596","1":"product","2":"type-product","3":"status-publish","4":"has-post-thumbnail","6":"product_cat-it-und-elektronik","8":"first","9":"instock","10":"taxable","11":"shipping-taxable","12":"purchasable","13":"product-type-simple"},"_links":{"self":[{"href":"https:\/\/actionmall.act.at\/shop\/1785\/wp-json\/wp\/v2\/product\/596"}],"collection":[{"href":"https:\/\/actionmall.act.at\/shop\/1785\/wp-json\/wp\/v2\/product"}],"about":[{"href":"https:\/\/actionmall.act.at\/shop\/1785\/wp-json\/wp\/v2\/types\/product"}],"wp:featuredmedia":[{"embeddable":true,"href":"https:\/\/actionmall.act.at\/shop\/1785\/wp-json\/wp\/v2\/media\/598"}],"wp:attachment":[{"href":"https:\/\/actionmall.act.at\/shop\/1785\/wp-json\/wp\/v2\/media?parent=596"}],"wp:term":[{"taxonomy":"product_cat","embeddable":true,"href":"https:\/\/actionmall.act.at\/shop\/1785\/wp-json\/wp\/v2\/product_cat?post=596"},{"taxonomy":"product_tag","embeddable":true,"href":"https:\/\/actionmall.act.at\/shop\/1785\/wp-json\/wp\/v2\/product_tag?post=596"}],"curies":[{"name":"wp","href":"https:\/\/api.w.org\/{rel}","templated":true}]}}