{"id":599,"date":"2026-04-28T09:48:57","date_gmt":"2026-04-28T07:48:57","guid":{"rendered":"https:\/\/actionmall.act.at\/shop\/1785\/?post_type=product&#038;p=599"},"modified":"2026-04-28T09:48:57","modified_gmt":"2026-04-28T07:48:57","slug":"rtx-4070-ryzen-gaming-pc-32gb","status":"publish","type":"product","link":"https:\/\/actionmall.act.at\/shop\/1785\/produkt\/rtx-4070-ryzen-gaming-pc-32gb\/","title":{"rendered":"RTX 4070 Ryzen Gaming PC 32GB"},"content":{"rendered":"<p>Zum Verkauf steht ein leistungsstarker Gaming-PC mit moderner Hardware.<\/p>\n<p>Ausstattung:<\/p>\n<p>NVIDIA GeForce <strong>RTX 4070<\/strong><\/p>\n<p>AMD Ryzen Prozessor<\/p>\n<p><strong>32 GB RAM<\/strong><\/p>\n<p>SSD Speicher<\/p>\n<p>Leistung:<\/p>\n<p>Sehr gut geeignet f\u00fcr aktuelles Gaming in hoher Qualit\u00e4t (1440p)<\/p>\n<p>Hohe und stabile FPS in allen g\u00e4ngigen Spielen<\/p>\n<p>Auch f\u00fcr Streaming und kreative Anwendungen geeignet<\/p>\n","protected":false},"excerpt":{"rendered":"<p>Zum Verkauf steht ein leistungsstarker Gaming-PC mit moderner Hardware. Ausstattung: NVIDIA GeForce RTX 4070 AMD Ryzen Prozessor 32 GB RAM SSD Speicher Leistung: Sehr gut geeignet f\u00fcr aktuelles Gaming in hoher Qualit\u00e4t (1440p) Hohe und stabile FPS in allen g\u00e4ngigen Spielen Auch f\u00fcr Streaming und kreative Anwendungen geeignet<\/p>\n","protected":false},"featured_media":597,"template":"","meta":[],"product_cat":[58],"product_tag":[],"class_list":{"0":"post-599","1":"product","2":"type-product","3":"status-publish","4":"has-post-thumbnail","6":"product_cat-it-und-elektronik","8":"first","9":"instock","10":"taxable","11":"shipping-taxable","12":"purchasable","13":"product-type-simple"},"_links":{"self":[{"href":"https:\/\/actionmall.act.at\/shop\/1785\/wp-json\/wp\/v2\/product\/599"}],"collection":[{"href":"https:\/\/actionmall.act.at\/shop\/1785\/wp-json\/wp\/v2\/product"}],"about":[{"href":"https:\/\/actionmall.act.at\/shop\/1785\/wp-json\/wp\/v2\/types\/product"}],"wp:featuredmedia":[{"embeddable":true,"href":"https:\/\/actionmall.act.at\/shop\/1785\/wp-json\/wp\/v2\/media\/597"}],"wp:attachment":[{"href":"https:\/\/actionmall.act.at\/shop\/1785\/wp-json\/wp\/v2\/media?parent=599"}],"wp:term":[{"taxonomy":"product_cat","embeddable":true,"href":"https:\/\/actionmall.act.at\/shop\/1785\/wp-json\/wp\/v2\/product_cat?post=599"},{"taxonomy":"product_tag","embeddable":true,"href":"https:\/\/actionmall.act.at\/shop\/1785\/wp-json\/wp\/v2\/product_tag?post=599"}],"curies":[{"name":"wp","href":"https:\/\/api.w.org\/{rel}","templated":true}]}}