{"id":251,"date":"2024-11-01T17:55:53","date_gmt":"2024-11-01T16:55:53","guid":{"rendered":"https:\/\/actionmall.act.at\/shop\/18\/?post_type=product&#038;p=251"},"modified":"2025-11-18T11:46:19","modified_gmt":"2025-11-18T10:46:19","slug":"bk-05-flipchart-das-praxisbuch-fuer-einsteiger","status":"publish","type":"product","link":"https:\/\/actionmall.act.at\/shop\/18\/en\/produkt\/bk-05-flipchart-das-praxisbuch-fuer-einsteiger\/","title":{"rendered":"BK-05 Flipchart-Das Praxisbuch f\u00fcr Einsteiger"},"content":{"rendered":"<p><span data-contrast=\"none\">In diesem Buch zeigt dir Heike Haas, wie du mit ganz einfachen Mitteln gut strukturierte und einpr\u00e4gsame Flipchart-Poster erstellst \u2013 und dabei kommt es nicht darauf an, zeichnen zu k\u00f6nnen. Du wirst sehen, wie schnell auch du ansprechende und professionelle Poster zauberst.<\/span><span data-ccp-props=\"{\"><br \/>\n<\/span><span data-contrast=\"none\">Dar\u00fcber hinaus findest du viele Vorlagen, die du f\u00fcr deine eigenen Poster \u00fcbernehmen kannst: Brainstorming, Agenda, Feedback, Ma\u00dfnahmenpakete in Meetings, Visionen u.v.m.<\/span><span data-ccp-props=\"{\"><br \/>\n<\/span><span data-contrast=\"none\">Mit zahlreichen Zeichen\u00fcbungen, Tipps und Hinweisen lernst du ganz praktisch, wie du Inhalte f\u00fcr Flipcharts visualisierst. So verlierst du schnell die Angst vor dem wei\u00dfen Blatt Papier.<\/span><span data-ccp-props=\"{\">\u00a0<\/span><\/p>\n<p><span data-contrast=\"auto\">ISBN: <\/span><span data-contrast=\"none\">9783958456778<\/span><span data-ccp-props=\"{}\"><br \/>\n<\/span><span data-contrast=\"auto\">Seitenanzahl: 240<\/span><span data-ccp-props=\"{}\"><br \/>\n<\/span><span data-contrast=\"auto\">Verlag: mitp<\/span><span data-ccp-props=\"{}\">\u00a0<\/span><\/p>\n","protected":false},"excerpt":{"rendered":"<p><span data-contrast=\"none\">Mit ganz einfachen Mitteln gut strukturierte und einpr\u00e4gsame Flipchart-Poster erstellen!<\/span><\/p>\n","protected":false},"featured_media":252,"template":"","meta":[],"product_cat":[],"product_tag":[],"class_list":{"0":"post-251","1":"product","2":"type-product","3":"status-publish","4":"has-post-thumbnail","7":"first","8":"instock","9":"taxable","10":"shipping-taxable","11":"purchasable","12":"product-type-simple"},"_links":{"self":[{"href":"https:\/\/actionmall.act.at\/shop\/18\/en\/wp-json\/wp\/v2\/product\/251"}],"collection":[{"href":"https:\/\/actionmall.act.at\/shop\/18\/en\/wp-json\/wp\/v2\/product"}],"about":[{"href":"https:\/\/actionmall.act.at\/shop\/18\/en\/wp-json\/wp\/v2\/types\/product"}],"wp:featuredmedia":[{"embeddable":true,"href":"https:\/\/actionmall.act.at\/shop\/18\/en\/wp-json\/wp\/v2\/media\/252"}],"wp:attachment":[{"href":"https:\/\/actionmall.act.at\/shop\/18\/en\/wp-json\/wp\/v2\/media?parent=251"}],"wp:term":[{"taxonomy":"product_cat","embeddable":true,"href":"https:\/\/actionmall.act.at\/shop\/18\/en\/wp-json\/wp\/v2\/product_cat?post=251"},{"taxonomy":"product_tag","embeddable":true,"href":"https:\/\/actionmall.act.at\/shop\/18\/en\/wp-json\/wp\/v2\/product_tag?post=251"}],"curies":[{"name":"wp","href":"https:\/\/api.w.org\/{rel}","templated":true}]}}