{"id":268,"date":"2024-11-21T16:05:54","date_gmt":"2024-11-21T15:05:54","guid":{"rendered":"https:\/\/actionmall.act.at\/shop\/18\/?post_type=product&#038;p=268"},"modified":"2025-11-18T11:45:25","modified_gmt":"2025-11-18T10:45:25","slug":"kal_03-excel-2021-das-handbuch-zur-software","status":"publish","type":"product","link":"https:\/\/actionmall.act.at\/shop\/18\/en\/produkt\/kal_03-excel-2021-das-handbuch-zur-software\/","title":{"rendered":"KAL_03 Excel 2021- Das Handbuch zur Software"},"content":{"rendered":"<p><span data-contrast=\"none\">Ein Handbuch randvoll mit praktischen L\u00f6sungen zu allen nur denkbaren Aufgaben mit Excel 2021 und Excel 365! Sie erfahren unter anderem, wie Sie Tabellen gestalten, Formeln zur Berechnung einsetzen, Analysen erstellen und Ihre Daten und Ergebnisse\u202fgrafisch\u202faufbereiten und mit anderen teilen. Auch Einsteiger werden hier Schritt f\u00fcr Schritt von den allerersten Grundlagen und Funktionen bis zu den anspruchsvollen Anwendungen angeleitet. Somit eignet sich das Handbuch gleicherma\u00dfen zum Erlernen des Programms wie als zuverl\u00e4ssiges Nachschlagewerk f\u00fcr die t\u00e4gliche Arbeit. Auch f\u00fcr Excel 2019, 2016, 2013 und 2010 geeignet.<\/span><\/p>\n<p>&nbsp;<\/p>\n","protected":false},"excerpt":{"rendered":"<p>Ein Handbuch randvoll mit praktischen L\u00f6sungen zu allen nur denkbaren Aufgaben mit Excel 2021 und Excel 365! Sie erfahren unter anderem, wie Sie Tabellen gestalten, Formeln zur Berechnung einsetzen, Analysen erstellen und Ihre Daten und Ergebnisse\u202fgrafisch\u202faufbereiten und mit anderen teilen. Auch Einsteiger werden hier Schritt f\u00fcr Schritt von den allerersten Grundlagen und Funktionen bis zu [&hellip;]<\/p>\n","protected":false},"featured_media":271,"template":"","meta":[],"product_cat":[],"product_tag":[],"class_list":{"0":"post-268","1":"product","2":"type-product","3":"status-publish","4":"has-post-thumbnail","7":"first","8":"instock","9":"taxable","10":"shipping-taxable","11":"purchasable","12":"product-type-simple"},"_links":{"self":[{"href":"https:\/\/actionmall.act.at\/shop\/18\/en\/wp-json\/wp\/v2\/product\/268"}],"collection":[{"href":"https:\/\/actionmall.act.at\/shop\/18\/en\/wp-json\/wp\/v2\/product"}],"about":[{"href":"https:\/\/actionmall.act.at\/shop\/18\/en\/wp-json\/wp\/v2\/types\/product"}],"wp:featuredmedia":[{"embeddable":true,"href":"https:\/\/actionmall.act.at\/shop\/18\/en\/wp-json\/wp\/v2\/media\/271"}],"wp:attachment":[{"href":"https:\/\/actionmall.act.at\/shop\/18\/en\/wp-json\/wp\/v2\/media?parent=268"}],"wp:term":[{"taxonomy":"product_cat","embeddable":true,"href":"https:\/\/actionmall.act.at\/shop\/18\/en\/wp-json\/wp\/v2\/product_cat?post=268"},{"taxonomy":"product_tag","embeddable":true,"href":"https:\/\/actionmall.act.at\/shop\/18\/en\/wp-json\/wp\/v2\/product_tag?post=268"}],"curies":[{"name":"wp","href":"https:\/\/api.w.org\/{rel}","templated":true}]}}