{"id":284,"date":"2024-11-21T16:26:23","date_gmt":"2024-11-21T15:26:23","guid":{"rendered":"https:\/\/actionmall.act.at\/shop\/18\/?post_type=product&#038;p=284"},"modified":"2025-11-18T11:50:25","modified_gmt":"2025-11-18T10:50:25","slug":"web-05-css-3-leitfaden-fuer-webdesigner","status":"publish","type":"product","link":"https:\/\/actionmall.act.at\/shop\/18\/en\/produkt\/web-05-css-3-leitfaden-fuer-webdesigner\/","title":{"rendered":"WEB-05 CSS 3 &#8211; Leitfaden f\u00fcr Webdesigner"},"content":{"rendered":"<p><span data-contrast=\"none\">Wie l\u00e4\u00dft sich CSS 3 heute schon in Webdesign und -entwicklung nutzen? Florence Maurice f\u00fchrt mit ihrem Leitfaden f\u00fcr Webdesigner durch alle wesentlichen Bereiche der Anwendung des neuen CSS-Levels. Angefangen bei den neuen Selektoren \u00fcber neue Wege zur Gestaltung mit\/von Farben, Fonts, Bildern, Rahmen, Mehrspaltenlayouts, die Nutzung von Media Queries, Transformationen und Animationen bis zum praktischen Einsatz mit den g\u00e4ngigen Browsern (auch mit mobilen Plattformen iPhone und iPad).<\/span><\/p>\n<p><b><span data-contrast=\"none\">36,34 EUR<\/span><\/b><\/p>\n<p><b><span data-contrast=\"none\">Art. Nr.: WEB-05<\/span><\/b><br \/>\n<span data-contrast=\"none\">ISBN: 978-3-827-33031-4<\/span><br \/>\n<span data-contrast=\"none\">288 Seiten<\/span><\/p>\n<p><span data-contrast=\"none\">Verlag: Addison Wesley<\/span><\/p>\n","protected":false},"excerpt":{"rendered":"<p>Wie l\u00e4\u00dft sich CSS 3 heute schon in Webdesign und -entwicklung nutzen? Florence Maurice f\u00fchrt mit ihrem Leitfaden f\u00fcr Webdesigner durch alle wesentlichen Bereiche der Anwendung des neuen CSS-Levels. Angefangen bei den neuen Selektoren \u00fcber neue Wege zur Gestaltung mit\/von Farben, Fonts, Bildern, Rahmen, Mehrspaltenlayouts, die Nutzung von Media Queries, Transformationen und Animationen bis zum [&hellip;]<\/p>\n","protected":false},"featured_media":286,"template":"","meta":[],"product_cat":[],"product_tag":[],"class_list":{"0":"post-284","1":"product","2":"type-product","3":"status-publish","4":"has-post-thumbnail","7":"first","8":"instock","9":"taxable","10":"shipping-taxable","11":"purchasable","12":"product-type-simple"},"_links":{"self":[{"href":"https:\/\/actionmall.act.at\/shop\/18\/en\/wp-json\/wp\/v2\/product\/284"}],"collection":[{"href":"https:\/\/actionmall.act.at\/shop\/18\/en\/wp-json\/wp\/v2\/product"}],"about":[{"href":"https:\/\/actionmall.act.at\/shop\/18\/en\/wp-json\/wp\/v2\/types\/product"}],"wp:featuredmedia":[{"embeddable":true,"href":"https:\/\/actionmall.act.at\/shop\/18\/en\/wp-json\/wp\/v2\/media\/286"}],"wp:attachment":[{"href":"https:\/\/actionmall.act.at\/shop\/18\/en\/wp-json\/wp\/v2\/media?parent=284"}],"wp:term":[{"taxonomy":"product_cat","embeddable":true,"href":"https:\/\/actionmall.act.at\/shop\/18\/en\/wp-json\/wp\/v2\/product_cat?post=284"},{"taxonomy":"product_tag","embeddable":true,"href":"https:\/\/actionmall.act.at\/shop\/18\/en\/wp-json\/wp\/v2\/product_tag?post=284"}],"curies":[{"name":"wp","href":"https:\/\/api.w.org\/{rel}","templated":true}]}}