{"id":291,"date":"2024-11-28T14:50:35","date_gmt":"2024-11-28T13:50:35","guid":{"rendered":"https:\/\/actionmall.act.at\/shop\/18\/?post_type=product&#038;p=291"},"modified":"2025-11-18T11:47:47","modified_gmt":"2025-11-18T10:47:47","slug":"bs-08-windows-11-fuer-profis","status":"publish","type":"product","link":"https:\/\/actionmall.act.at\/shop\/18\/en\/produkt\/bs-08-windows-11-fuer-profis\/","title":{"rendered":"BS-08 Windows 11 f\u00fcr Profis"},"content":{"rendered":"<p><span class=\"TextRun SCXW34513234 BCX8\" lang=\"DE-DE\" xml:lang=\"DE-DE\" data-contrast=\"none\"><span class=\"NormalTextRun SCXW34513234 BCX8\">Windows 11 ist nicht nur ein einfaches Update, es ist eine gr\u00fcndliche und durchdachte \u00dcberarbeitung von Windows, von der Benutzeroberfl\u00e4che bis zur Sicherheit. Mit der Unterst\u00fctzung von Microsoft-Insidern zeigt Ihnen der legend\u00e4re Windows-Experte Ed Bott in diesem Handbuch, wie Sie Windows 11 optimal nutzen: Hunderte von zeitsparenden Tipps, praktische L\u00f6sungen und Techniken zur Fehlerbehebung sowie clevere Tricks, die Sie nirgendwo sonst finden, werden abgerundet durch anschauliche Beispiele und praktische Schritt-f\u00fcr-Schritt-Anleitungen. Egal ob Administrator, Power-Userin oder neugieriger Umsteiger: Mit diesem Standardwerk meistern Sie die Herausforderungen des neuen Betriebssystems wie die Profis.<\/span><\/span><span class=\"EOP SCXW34513234 BCX8\" data-ccp-props=\"{\">\u00a0<\/span><\/p>\n","protected":false},"excerpt":{"rendered":"<p><span class=\"TextRun SCXW34513234 BCX8\" lang=\"DE-DE\" xml:lang=\"DE-DE\" data-contrast=\"none\"><span class=\"NormalTextRun SCXW34513234 BCX8\">Windows 11 ist nicht nur ein einfaches Update, es ist eine gr\u00fcndliche und durchdachte \u00dcberarbeitung von Windows, von der Benutzeroberfl\u00e4che bis zur Sicherheit. Mit der Unterst\u00fctzung von Microsoft-Insidern zeigt Ihnen der legend\u00e4re Windows-Experte Ed Bott in diesem Handbuch, wie Sie Windows 11 optimal nutzen: Hunderte von zeitsparenden Tipps, praktische L\u00f6sungen und Techniken zur Fehlerbehebung sowie clevere Tricks, die Sie nirgendwo sonst finden, werden abgerundet durch anschauliche Beispiele und praktische Schritt-f\u00fcr-Schritt-Anleitungen. Egal ob Administrator, Power-Userin oder neugieriger Umsteiger: Mit diesem Standardwerk meistern Sie die Herausforderungen des neuen Betriebssystems wie die Profis.<\/span><\/span><span class=\"EOP SCXW34513234 BCX8\" data-ccp-props=\"{\">\u00a0<\/span><\/p>\n","protected":false},"featured_media":292,"template":"","meta":[],"product_cat":[],"product_tag":[],"class_list":{"0":"post-291","1":"product","2":"type-product","3":"status-publish","4":"has-post-thumbnail","7":"first","8":"instock","9":"taxable","10":"shipping-taxable","11":"purchasable","12":"product-type-simple"},"_links":{"self":[{"href":"https:\/\/actionmall.act.at\/shop\/18\/en\/wp-json\/wp\/v2\/product\/291"}],"collection":[{"href":"https:\/\/actionmall.act.at\/shop\/18\/en\/wp-json\/wp\/v2\/product"}],"about":[{"href":"https:\/\/actionmall.act.at\/shop\/18\/en\/wp-json\/wp\/v2\/types\/product"}],"wp:featuredmedia":[{"embeddable":true,"href":"https:\/\/actionmall.act.at\/shop\/18\/en\/wp-json\/wp\/v2\/media\/292"}],"wp:attachment":[{"href":"https:\/\/actionmall.act.at\/shop\/18\/en\/wp-json\/wp\/v2\/media?parent=291"}],"wp:term":[{"taxonomy":"product_cat","embeddable":true,"href":"https:\/\/actionmall.act.at\/shop\/18\/en\/wp-json\/wp\/v2\/product_cat?post=291"},{"taxonomy":"product_tag","embeddable":true,"href":"https:\/\/actionmall.act.at\/shop\/18\/en\/wp-json\/wp\/v2\/product_tag?post=291"}],"curies":[{"name":"wp","href":"https:\/\/api.w.org\/{rel}","templated":true}]}}