{"id":310,"date":"2025-01-30T15:27:56","date_gmt":"2025-01-30T14:27:56","guid":{"rendered":"https:\/\/actionmall.act.at\/shop\/18\/?post_type=product&#038;p=310"},"modified":"2025-11-18T11:48:34","modified_gmt":"2025-11-18T10:48:34","slug":"einfach-erklaert-kuenstliche-intelligenz-fake-news-unsere-digitale-zukunft","status":"publish","type":"product","link":"https:\/\/actionmall.act.at\/shop\/18\/en\/produkt\/einfach-erklaert-kuenstliche-intelligenz-fake-news-unsere-digitale-zukunft\/","title":{"rendered":"KI-01 Einfach erkl\u00e4rt &#8211; K\u00fcnstliche Intelligenz &#8211; Fake News &#8211; Unsere digitale Zukunft"},"content":{"rendered":"<p><span data-contrast=\"auto\">Das Buch ist bei deiner Buchhandlung vor Ort und bei vielen Online-Buchshops erh\u00e4ltlich!<\/span><span data-ccp-props=\"{}\">\u00a0<\/span><\/p>\n<p><span data-contrast=\"auto\">K\u00fcnstliche Intelligenz \u2013 Fake News \u2013 Unsere digitale Zukunft<\/span><span data-ccp-props=\"{}\">\u00a0<\/span><\/p>\n<p><span data-contrast=\"auto\">Was ist ein Algorithmus? K\u00f6nnen Maschinen denken? Welche technischen Entwicklungen wird es in der Zukunft geben? Wie entstehen Fake News? Und wie k\u00f6nnen Staaten und Regierungen all das nutzen, um ihre Bev\u00f6lkerung zu beeinflussen?<\/span><span data-ccp-props=\"{}\">\u00a0<\/span><\/p>\n<p><span data-contrast=\"auto\">Dieses Buch bietet einen umfassenden Einblick in unsere spannende digitale Zukunft. In kurzen Kapiteln werden Fragen zu technischen Entwicklungen und M\u00f6glichkeiten beantwortet und komplexe Sachverhalte einfach erkl\u00e4rt. So klappt es mit dem Durchblick \u2013 garantiert!<\/span><span data-ccp-props=\"{}\">\u00a0<\/span><\/p>\n","protected":false},"excerpt":{"rendered":"<p>Das Buch ist bei deiner Buchhandlung vor Ort und bei vielen Online-Buchshops erh\u00e4ltlich!\u00a0 K\u00fcnstliche Intelligenz \u2013 Fake News \u2013 Unsere digitale Zukunft\u00a0 Was ist ein Algorithmus? K\u00f6nnen Maschinen denken? Welche technischen Entwicklungen wird es in der Zukunft geben? Wie entstehen Fake News? Und wie k\u00f6nnen Staaten und Regierungen all das nutzen, um ihre Bev\u00f6lkerung zu [&hellip;]<\/p>\n","protected":false},"featured_media":311,"template":"","meta":[],"product_cat":[],"product_tag":[],"class_list":{"0":"post-310","1":"product","2":"type-product","3":"status-publish","4":"has-post-thumbnail","7":"first","8":"instock","9":"taxable","10":"shipping-taxable","11":"purchasable","12":"product-type-simple"},"_links":{"self":[{"href":"https:\/\/actionmall.act.at\/shop\/18\/en\/wp-json\/wp\/v2\/product\/310"}],"collection":[{"href":"https:\/\/actionmall.act.at\/shop\/18\/en\/wp-json\/wp\/v2\/product"}],"about":[{"href":"https:\/\/actionmall.act.at\/shop\/18\/en\/wp-json\/wp\/v2\/types\/product"}],"wp:featuredmedia":[{"embeddable":true,"href":"https:\/\/actionmall.act.at\/shop\/18\/en\/wp-json\/wp\/v2\/media\/311"}],"wp:attachment":[{"href":"https:\/\/actionmall.act.at\/shop\/18\/en\/wp-json\/wp\/v2\/media?parent=310"}],"wp:term":[{"taxonomy":"product_cat","embeddable":true,"href":"https:\/\/actionmall.act.at\/shop\/18\/en\/wp-json\/wp\/v2\/product_cat?post=310"},{"taxonomy":"product_tag","embeddable":true,"href":"https:\/\/actionmall.act.at\/shop\/18\/en\/wp-json\/wp\/v2\/product_tag?post=310"}],"curies":[{"name":"wp","href":"https:\/\/api.w.org\/{rel}","templated":true}]}}