{"id":329,"date":"2025-03-06T14:21:26","date_gmt":"2025-03-06T13:21:26","guid":{"rendered":"https:\/\/actionmall.act.at\/shop\/18\/?post_type=product&#038;p=329"},"modified":"2025-11-18T11:48:12","modified_gmt":"2025-11-18T10:48:12","slug":"bs-02-das-raspberry-pi-praxishandbuch","status":"publish","type":"product","link":"https:\/\/actionmall.act.at\/shop\/18\/en\/produkt\/bs-02-das-raspberry-pi-praxishandbuch\/","title":{"rendered":"BS-02 Das Raspberry Pi Praxishandbuch"},"content":{"rendered":"<p>Der Minicomputer Raspberry Pi bietet viele M\u00f6glichkeiten, nur eines hat er nicht: eine Gebrauchsanweisung. Die ersten Schritte sind zwar schnell mit Anleitungen im Internet erledigt, nur wie geht es dann weiter? Jemand, der es wissen muss, ist Dr. Gray Girling. Er war ma\u00dfgeblich an der Entwicklung des Raspberry Pi beteiligt. Mit dem Raspberry Pi Praxishandbuch liefert Girling alle Antworten, die Sie beim praktischen Einsatz des Raspberry Pi brauchen. Installation, Konfiguration und erste Schritte: Hardware zusammenstellen, SD-Karte vorbereiten und Betriebssystem installieren: Das sind die ersten Aufgaben, die bei einem neuen Raspberry Pi erledigt werden m\u00fcssen. Neben diesen Grundlagen lesen Sie, wie Sie den grafischen Desktop verwenden und den Raspberry Pi optimal f\u00fcr Ihre Bed\u00fcrfnisse konfigurieren. Projekte: Software und Hardware: Aufgrund der Gr\u00f6\u00dfe und der geringen Stromaufnahme eignet sich der Raspberry Pi f\u00fcr viele Projekte. Mit XBMC funktionieren Sie den Minicomputer zum Mediacenter um und k\u00f6nnen sogar Full-HD wiedergeben. Da ein Linux-Betriebssystem im Einsatz ist, sind Serverdienste jeglicher Art m\u00f6glich, z. B. ein MP3-Server. \u00dcber die GPIO steht eine frei programmierbare Schnittstelle zur Verf\u00fcgung. Wie Sie diese ansprechen, ob \u00fcber Kommandozeile oder Python, zeigt Ihnen dieses Buch. Profiwissen: Da der Autor direkt an der Entwicklung des Raspberry Pi beteiligt war, hat er einiges an Insiderwissen &#8211; dieses teilt er mit Ihnen. Ausf\u00fchrlich erfahren Sie, wie Sie einen eigenen Kernel \u00fcbersetzen. Auch wie Sie den Prozessor \u00fcbertakten oder HDMI optimal konfigurieren, erfahren Sie von Girling. Zum Schluss macht er die Schatzkiste ganz auf und zeigt Ihnen die versteckten Demoprogramme in der Referenzinstallation.<\/p>\n","protected":false},"excerpt":{"rendered":"<p>Der Minicomputer Raspberry Pi bietet viele M\u00f6glichkeiten, nur eines hat er nicht: eine Gebrauchsanweisung. Die ersten Schritte sind zwar schnell mit Anleitungen im Internet erledigt, nur wie geht es dann weiter? Jemand, der es wissen muss, ist Dr. Gray Girling. Er war ma\u00dfgeblich an der Entwicklung des Raspberry Pi beteiligt. Mit dem Raspberry Pi Praxishandbuch [&hellip;]<\/p>\n","protected":false},"featured_media":333,"template":"","meta":[],"product_cat":[],"product_tag":[],"class_list":{"0":"post-329","1":"product","2":"type-product","3":"status-publish","4":"has-post-thumbnail","7":"first","8":"instock","9":"taxable","10":"shipping-taxable","11":"purchasable","12":"product-type-simple"},"_links":{"self":[{"href":"https:\/\/actionmall.act.at\/shop\/18\/en\/wp-json\/wp\/v2\/product\/329"}],"collection":[{"href":"https:\/\/actionmall.act.at\/shop\/18\/en\/wp-json\/wp\/v2\/product"}],"about":[{"href":"https:\/\/actionmall.act.at\/shop\/18\/en\/wp-json\/wp\/v2\/types\/product"}],"wp:featuredmedia":[{"embeddable":true,"href":"https:\/\/actionmall.act.at\/shop\/18\/en\/wp-json\/wp\/v2\/media\/333"}],"wp:attachment":[{"href":"https:\/\/actionmall.act.at\/shop\/18\/en\/wp-json\/wp\/v2\/media?parent=329"}],"wp:term":[{"taxonomy":"product_cat","embeddable":true,"href":"https:\/\/actionmall.act.at\/shop\/18\/en\/wp-json\/wp\/v2\/product_cat?post=329"},{"taxonomy":"product_tag","embeddable":true,"href":"https:\/\/actionmall.act.at\/shop\/18\/en\/wp-json\/wp\/v2\/product_tag?post=329"}],"curies":[{"name":"wp","href":"https:\/\/api.w.org\/{rel}","templated":true}]}}