{"id":335,"date":"2025-03-06T14:25:08","date_gmt":"2025-03-06T13:25:08","guid":{"rendered":"https:\/\/actionmall.act.at\/shop\/18\/?post_type=product&#038;p=335"},"modified":"2025-12-09T12:20:58","modified_gmt":"2025-12-09T11:20:58","slug":"bs-03-linux-das-umfassende-handbuch","status":"publish","type":"product","link":"https:\/\/actionmall.act.at\/shop\/18\/en\/produkt\/bs-03-linux-das-umfassende-handbuch\/","title":{"rendered":"BS-03 Linux: Das umfassende Handbuch"},"content":{"rendered":"<p>\u00bbDer Kofler\u00ab ist der Standard in Sachen Linux! Wollen Sie einsteigen oder Details nachschlagen, die Distributionen kennenlernen oder intensiv arbeiten? Mit diesem Buch bleiben keine Fragen offen! Von der Installation und den Desktops \u00fcber die\u202fArbeit\u202fim Terminal, die Systemkonfiguration und -administration bis hin zum sicheren Einsatz als Server \u2013 hier werden Sie f\u00fcndig! Distributionsunabh\u00e4ngig und nat\u00fcrlich am Puls der Zeit.<\/p>\n<p>ISBN: 978-3-8362-9620-5<\/p>\n<p>Seitenzahl: 1410<\/p>\n<p>Verlag: Rheinwerk<\/p>\n<p>Erscheinungsdatum: 07.11.2023<\/p>\n","protected":false},"excerpt":{"rendered":"<p>\u00bbDer Kofler\u00ab ist der Standard in Sachen Linux! Wollen Sie einsteigen oder Details nachschlagen, die Distributionen kennenlernen oder intensiv arbeiten? Mit diesem Buch bleiben keine Fragen offen! Von der Installation und den Desktops \u00fcber die\u202fArbeit\u202fim Terminal, die Systemkonfiguration und -administration bis hin zum sicheren Einsatz als Server \u2013 hier werden Sie f\u00fcndig! Distributionsunabh\u00e4ngig und nat\u00fcrlich [&hellip;]<\/p>\n","protected":false},"featured_media":336,"template":"","meta":[],"product_cat":[],"product_tag":[],"class_list":{"0":"post-335","1":"product","2":"type-product","3":"status-publish","4":"has-post-thumbnail","7":"first","8":"instock","9":"taxable","10":"shipping-taxable","11":"purchasable","12":"product-type-simple"},"_links":{"self":[{"href":"https:\/\/actionmall.act.at\/shop\/18\/en\/wp-json\/wp\/v2\/product\/335"}],"collection":[{"href":"https:\/\/actionmall.act.at\/shop\/18\/en\/wp-json\/wp\/v2\/product"}],"about":[{"href":"https:\/\/actionmall.act.at\/shop\/18\/en\/wp-json\/wp\/v2\/types\/product"}],"wp:featuredmedia":[{"embeddable":true,"href":"https:\/\/actionmall.act.at\/shop\/18\/en\/wp-json\/wp\/v2\/media\/336"}],"wp:attachment":[{"href":"https:\/\/actionmall.act.at\/shop\/18\/en\/wp-json\/wp\/v2\/media?parent=335"}],"wp:term":[{"taxonomy":"product_cat","embeddable":true,"href":"https:\/\/actionmall.act.at\/shop\/18\/en\/wp-json\/wp\/v2\/product_cat?post=335"},{"taxonomy":"product_tag","embeddable":true,"href":"https:\/\/actionmall.act.at\/shop\/18\/en\/wp-json\/wp\/v2\/product_tag?post=335"}],"curies":[{"name":"wp","href":"https:\/\/api.w.org\/{rel}","templated":true}]}}