{"id":340,"date":"2025-03-06T14:33:10","date_gmt":"2025-03-06T13:33:10","guid":{"rendered":"https:\/\/actionmall.act.at\/shop\/18\/?post_type=product&#038;p=340"},"modified":"2025-11-18T11:46:59","modified_gmt":"2025-11-18T10:46:59","slug":"bs-05-raspberry-pi-programmieren","status":"publish","type":"product","link":"https:\/\/actionmall.act.at\/shop\/18\/en\/produkt\/bs-05-raspberry-pi-programmieren\/","title":{"rendered":"BS-05 Raspberry Pi programmieren"},"content":{"rendered":"<p>Der Raspberry Pi ist ein preiswerter und \u00e4u\u00dferst energiesparsamer Computer in der Gr\u00f6\u00dfe einer Kreditkarte. In Kombination mit der Programmiersprache Python bietet er eine hervorragende Umgebung f\u00fcr die schnelle Realisierung technischer Ideen und Projekte. Au\u00dferdem ist Python \u2013 auch f\u00fcr Programmiereinsteiger \u2013 einfach zu lernen und deshalb Teil des Gesamtkonzepts des Raspberry Pi. Dieses Buch vermittelt Ihnen anhand vieler anschaulicher Beispiele sowohl die Grundlagen von Python als auch fortgeschrittene Techniken wie Objektorientierung, Internetprogrammierung und grafische Benutzungsoberfl\u00e4chen.<\/p>\n<p>Nach dem Erlernen der Programmierkonzepte finden Sie besonders in der zweiten H\u00e4lfte des Buches eine F\u00fclle von kleinen Projekten, die auf die besondere Hardware des Raspberry Pi und das Linux-Betriebssystem Raspberry Pi OS zugeschnitten sind. Zur Vorbereitung jedes Projekts werden zun\u00e4chst neue Elemente der Python-Programmierung eingef\u00fchrt. Zahlreiche Illustrationen und einfache Beispiele zum Ausprobieren erleichtern das Verst\u00e4ndnis.<\/p>\n<p>Zu den vielf\u00e4ltigen Projekten im Buch geh\u00f6ren Schaltungen mit Sensoren (Temperatur, Licht, Kohlendioxid, Alkohol), Relais, AD-Wandlern und LEDs. Sie erfahren, wie man Peripherieger\u00e4te wie das Kameramodul anschlie\u00dft und den 1-Wire- sowie den SPI-Bus zur Datenkommunikation nutzt.<\/p>\n<p>Am Ende jedes Kapitels finden Sie Aufgaben und L\u00f6sungen, mit denen Sie Ihr Wissen festigen, erweitern und vertiefen k\u00f6nnen.<\/p>\n<p>Preis: 30,95 \u20ac inkl. gesetzl. MwSt.<\/p>\n<p>ISBN: 978-3-7475-0383-6<\/p>\n<p>Seitenzahl: 528<\/p>\n<p>Verlag: Mitp Verlags GmbH &#038; Co.KG<\/p>\n<p>Erscheinungsdatum: 27.05.2021<\/p>\n","protected":false},"excerpt":{"rendered":"<p>Der Raspberry Pi ist ein preiswerter und \u00e4u\u00dferst energiesparsamer Computer in der Gr\u00f6\u00dfe einer Kreditkarte. In Kombination mit der Programmiersprache Python bietet er eine hervorragende Umgebung f\u00fcr die schnelle Realisierung technischer Ideen und Projekte. Au\u00dferdem ist Python \u2013 auch f\u00fcr Programmiereinsteiger \u2013 einfach zu lernen und deshalb Teil des Gesamtkonzepts des Raspberry Pi. Dieses Buch [&hellip;]<\/p>\n","protected":false},"featured_media":341,"template":"","meta":[],"product_cat":[],"product_tag":[],"class_list":{"0":"post-340","1":"product","2":"type-product","3":"status-publish","4":"has-post-thumbnail","7":"first","8":"instock","9":"taxable","10":"shipping-taxable","11":"purchasable","12":"product-type-simple"},"_links":{"self":[{"href":"https:\/\/actionmall.act.at\/shop\/18\/en\/wp-json\/wp\/v2\/product\/340"}],"collection":[{"href":"https:\/\/actionmall.act.at\/shop\/18\/en\/wp-json\/wp\/v2\/product"}],"about":[{"href":"https:\/\/actionmall.act.at\/shop\/18\/en\/wp-json\/wp\/v2\/types\/product"}],"wp:featuredmedia":[{"embeddable":true,"href":"https:\/\/actionmall.act.at\/shop\/18\/en\/wp-json\/wp\/v2\/media\/341"}],"wp:attachment":[{"href":"https:\/\/actionmall.act.at\/shop\/18\/en\/wp-json\/wp\/v2\/media?parent=340"}],"wp:term":[{"taxonomy":"product_cat","embeddable":true,"href":"https:\/\/actionmall.act.at\/shop\/18\/en\/wp-json\/wp\/v2\/product_cat?post=340"},{"taxonomy":"product_tag","embeddable":true,"href":"https:\/\/actionmall.act.at\/shop\/18\/en\/wp-json\/wp\/v2\/product_tag?post=340"}],"curies":[{"name":"wp","href":"https:\/\/api.w.org\/{rel}","templated":true}]}}