{"id":343,"date":"2025-03-06T14:35:53","date_gmt":"2025-03-06T13:35:53","guid":{"rendered":"https:\/\/actionmall.act.at\/shop\/18\/?post_type=product&#038;p=343"},"modified":"2025-11-18T11:46:09","modified_gmt":"2025-11-18T10:46:09","slug":"bs-06-windows-11-die-neuheiten","status":"publish","type":"product","link":"https:\/\/actionmall.act.at\/shop\/18\/en\/produkt\/bs-06-windows-11-die-neuheiten\/","title":{"rendered":"BS-06 Windows 11 &#8211; Die Neuheiten"},"content":{"rendered":"<p>Dieser kleine Ratgeber gibt den Anwendern des neuen Windows 11 auf die Schnelle eine \u00dcbersicht, was in Windows 11 ge\u00e4ndert wurde. Ins Auge fallen zun\u00e4chst das ge\u00e4nderte Design sowie das neue Startmen\u00fc und die optimierte Taskleiste. Hinzu kommen neue Desktop Funktionen wie Snap Layouts, \u00c4nderungen im Explorer und im Edge-Browser und die Integration von Microsoft Teams. Autor Christian Immler bereitet diese und weitere Neuerungen anschaulich auf, sodass Sie auch Windows 11 schnell beherrschen und effizient damit arbeiten k\u00f6nnen.<\/p>\n<p>Preis: 11,00 \u20ac inkl. gesetzl. MwSt.<\/p>\n<p>ISBN: 978-3-95982-513-9<\/p>\n<p>Seitenzahl: 160<\/p>\n<p>Verlag: Markt + Technik Verlag<\/p>\n<p>Erscheinungsdatum: 12.01.2022<\/p>\n","protected":false},"excerpt":{"rendered":"<p>Dieser kleine Ratgeber gibt den Anwendern des neuen Windows 11 auf die Schnelle eine \u00dcbersicht, was in Windows 11 ge\u00e4ndert wurde. Ins Auge fallen zun\u00e4chst das ge\u00e4nderte Design sowie das neue Startmen\u00fc und die optimierte Taskleiste. Hinzu kommen neue Desktop Funktionen wie Snap Layouts, \u00c4nderungen im Explorer und im Edge-Browser und die Integration von Microsoft [&hellip;]<\/p>\n","protected":false},"featured_media":344,"template":"","meta":[],"product_cat":[],"product_tag":[],"class_list":{"0":"post-343","1":"product","2":"type-product","3":"status-publish","4":"has-post-thumbnail","7":"first","8":"instock","9":"taxable","10":"shipping-taxable","11":"purchasable","12":"product-type-simple"},"_links":{"self":[{"href":"https:\/\/actionmall.act.at\/shop\/18\/en\/wp-json\/wp\/v2\/product\/343"}],"collection":[{"href":"https:\/\/actionmall.act.at\/shop\/18\/en\/wp-json\/wp\/v2\/product"}],"about":[{"href":"https:\/\/actionmall.act.at\/shop\/18\/en\/wp-json\/wp\/v2\/types\/product"}],"wp:featuredmedia":[{"embeddable":true,"href":"https:\/\/actionmall.act.at\/shop\/18\/en\/wp-json\/wp\/v2\/media\/344"}],"wp:attachment":[{"href":"https:\/\/actionmall.act.at\/shop\/18\/en\/wp-json\/wp\/v2\/media?parent=343"}],"wp:term":[{"taxonomy":"product_cat","embeddable":true,"href":"https:\/\/actionmall.act.at\/shop\/18\/en\/wp-json\/wp\/v2\/product_cat?post=343"},{"taxonomy":"product_tag","embeddable":true,"href":"https:\/\/actionmall.act.at\/shop\/18\/en\/wp-json\/wp\/v2\/product_tag?post=343"}],"curies":[{"name":"wp","href":"https:\/\/api.w.org\/{rel}","templated":true}]}}