{"id":352,"date":"2025-03-06T14:46:51","date_gmt":"2025-03-06T13:46:51","guid":{"rendered":"https:\/\/actionmall.act.at\/shop\/18\/?post_type=product&#038;p=352"},"modified":"2025-11-18T11:43:00","modified_gmt":"2025-11-18T10:43:00","slug":"gra-04-grafik-und-gestaltung","status":"publish","type":"product","link":"https:\/\/actionmall.act.at\/shop\/18\/en\/produkt\/gra-04-grafik-und-gestaltung\/","title":{"rendered":"GRA-04 Grafik und Gestaltung"},"content":{"rendered":"<p><span data-contrast=\"auto\">Markus W\u00e4ger\u00a0<\/span><span data-ccp-props=\"{}\">\u00a0<\/span><\/p>\n<p><b><span data-contrast=\"auto\">Grafik und Gestaltung<\/span><\/b><br \/>\n<span data-contrast=\"auto\">Design und Mediengestaltung von A bis Z<\/span><span data-ccp-props=\"{}\">\u00a0<\/span><\/p>\n<p><span data-contrast=\"auto\">Die 3. Auflage des Standardwerks \u2013 f\u00fcr alle, die jetzt noch besser gestalten wollen! Der Grafikdesigner Markus W\u00e4ger f\u00fchrt Sie in diesem Buch auf \u00fcber 700 Seiten in die Welt der Gestaltung ein. Er erkl\u00e4rt Ihnen, wie Sie mit Formen, Farben,\u202fTypografie\u202fund Bildern ein perfektes Ergebnis erreichen \u2013 sei es nun eine einfache Visitenkarte oder das Layout f\u00fcr ein ganzes Magazin. Sie erfahren alles zur richtigen Farbwahl, zu Schriftkombinationen, Lesbarkeit, Rastern, Bildqualit\u00e4t und vielem mehr. Ansprechende Beispiele, liebevoll gestaltete Grafiken und genaue Analysen helfen Ihnen dabei, das Gelernte in Ihren eigenen Gestaltungsprojekten anzuwenden. Zahlreiche Tipps und Tricks aus der Praxis, erprobte Arbeitsweisen und Erfahrungswerte des Autors machen das Buch zu einer wahren Fundgrube, die Sie bei Ihrer Arbeit als Nachschlagewerk und Inspirationsquelle nutzen k\u00f6nnen. Kurzum: Mit diesem Buch an Ihrer Seite sind kreative und professionelle Layouts kein Problem mehr. Das Buch ist speziell auch f\u00fcr angehende Mediengestalter ein unverzichtbarer Begleiter!<\/span><span data-ccp-props=\"{}\">\u00a0<\/span><\/p>\n<p><span data-contrast=\"auto\">Preis-> \u20ac 41,10 ikl. Gesetzl. MwSt.<\/span><span data-ccp-props=\"{}\">\u00a0<\/span><\/p>\n<p><b><span data-contrast=\"none\">Details<\/span><\/b><span data-ccp-props=\"{\">\u00a0<\/span><\/p>\n<p><span data-contrast=\"auto\">Overlay schlie\u00dfen<\/span><span data-ccp-props=\"{\">\u00a0<\/span><\/p>\n<p><b><span data-contrast=\"none\">Einband<\/span><\/b><span data-ccp-props=\"{\">\u00a0<\/span><\/p>\n<p><span data-contrast=\"none\">Gebundene Ausgabe<\/span><span data-ccp-props=\"{\">\u00a0<\/span><\/p>\n<p><b><span data-contrast=\"none\">Erscheinungsdatum<\/span><\/b><span data-ccp-props=\"{\">\u00a0<\/span><\/p>\n<p><span data-contrast=\"none\">28.07.2016<\/span><span data-ccp-props=\"{\">\u00a0<\/span><\/p>\n<p><b><span data-contrast=\"none\">Verlag<\/span><\/b><span data-ccp-props=\"{\">\u00a0<\/span><\/p>\n<p><a href=\"https:\/\/www.thalia.at\/shop\/home\/mehr-von-suche\/ANY\/sv\/suche.html?mehrVon=Rheinwerk\"><span data-contrast=\"none\">Rheinwerk<\/span><\/a><span data-ccp-props=\"{\">\u00a0<\/span><\/p>\n<p><b><span data-contrast=\"none\">Seitenzahl<\/span><\/b><span data-ccp-props=\"{\">\u00a0<\/span><\/p>\n<p><span data-contrast=\"none\">728<\/span><span data-ccp-props=\"{\">\u00a0<\/span><\/p>\n<p><b><span data-contrast=\"none\">Ma\u00dfe (L\/B\/H)<\/span><\/b><span data-ccp-props=\"{\">\u00a0<\/span><\/p>\n<p><span data-contrast=\"none\">25\/19\/5 cm<\/span><span data-ccp-props=\"{\">\u00a0<\/span><\/p>\n<p><b><span data-contrast=\"none\">Gewicht<\/span><\/b><span data-ccp-props=\"{\">\u00a0<\/span><\/p>\n<p><span data-contrast=\"none\">2250 g<\/span><span data-ccp-props=\"{\">\u00a0<\/span><\/p>\n<p><b><span data-contrast=\"none\">Auflage<\/span><\/b><span data-ccp-props=\"{\">\u00a0<\/span><\/p>\n<ol start=\"3\">\n<li><span data-contrast=\"none\"> Auflage<\/span><\/li>\n<\/ol>\n<p><b><span data-contrast=\"none\">Sprache<\/span><\/b><span data-ccp-props=\"{\">\u00a0<\/span><\/p>\n<p><span data-contrast=\"none\">Deutsch<\/span><span data-ccp-props=\"{\">\u00a0<\/span><\/p>\n<p><b><span data-contrast=\"none\">ISBN<\/span><\/b><span data-ccp-props=\"{\">\u00a0<\/span><\/p>\n<p><span data-contrast=\"none\">978-3-8362-4186-1<\/span><span data-ccp-props=\"{\">\u00a0<\/span><\/p>\n<p><span data-ccp-props=\"{}\">\u00a0<\/span><\/p>\n","protected":false},"excerpt":{"rendered":"<p>Markus W\u00e4ger\u00a0\u00a0 Grafik und Gestaltung Design und Mediengestaltung von A bis Z\u00a0 Die 3. Auflage des Standardwerks \u2013 f\u00fcr alle, die jetzt noch besser gestalten wollen! Der Grafikdesigner Markus W\u00e4ger f\u00fchrt Sie in diesem Buch auf \u00fcber 700 Seiten in die Welt der Gestaltung ein. Er erkl\u00e4rt Ihnen, wie Sie mit Formen, Farben,\u202fTypografie\u202fund Bildern ein [&hellip;]<\/p>\n","protected":false},"featured_media":353,"template":"","meta":[],"product_cat":[],"product_tag":[],"class_list":{"0":"post-352","1":"product","2":"type-product","3":"status-publish","4":"has-post-thumbnail","7":"first","8":"instock","9":"taxable","10":"shipping-taxable","11":"purchasable","12":"product-type-simple"},"_links":{"self":[{"href":"https:\/\/actionmall.act.at\/shop\/18\/en\/wp-json\/wp\/v2\/product\/352"}],"collection":[{"href":"https:\/\/actionmall.act.at\/shop\/18\/en\/wp-json\/wp\/v2\/product"}],"about":[{"href":"https:\/\/actionmall.act.at\/shop\/18\/en\/wp-json\/wp\/v2\/types\/product"}],"wp:featuredmedia":[{"embeddable":true,"href":"https:\/\/actionmall.act.at\/shop\/18\/en\/wp-json\/wp\/v2\/media\/353"}],"wp:attachment":[{"href":"https:\/\/actionmall.act.at\/shop\/18\/en\/wp-json\/wp\/v2\/media?parent=352"}],"wp:term":[{"taxonomy":"product_cat","embeddable":true,"href":"https:\/\/actionmall.act.at\/shop\/18\/en\/wp-json\/wp\/v2\/product_cat?post=352"},{"taxonomy":"product_tag","embeddable":true,"href":"https:\/\/actionmall.act.at\/shop\/18\/en\/wp-json\/wp\/v2\/product_tag?post=352"}],"curies":[{"name":"wp","href":"https:\/\/api.w.org\/{rel}","templated":true}]}}