{"id":354,"date":"2025-03-06T14:49:39","date_gmt":"2025-03-06T13:49:39","guid":{"rendered":"https:\/\/actionmall.act.at\/shop\/18\/?post_type=product&#038;p=354"},"modified":"2025-11-18T11:42:26","modified_gmt":"2025-11-18T10:42:26","slug":"web-03das-grosse-buch-html-5-praxis-loesungen","status":"publish","type":"product","link":"https:\/\/actionmall.act.at\/shop\/18\/en\/produkt\/web-03das-grosse-buch-html-5-praxis-loesungen\/","title":{"rendered":"WEB -03Das gro\u00dfe Buch: HTML 5 Praxis-L\u00f6sungen"},"content":{"rendered":"<p><span data-contrast=\"auto\">Das gro\u00dfe Buch: HTML5<\/span><span data-ccp-props=\"{\">\u00a0<\/span><\/p>\n<p><span data-ccp-props=\"{\">\u00a0<\/span><\/p>\n<p><span data-contrast=\"auto\">Beschreibung:<\/span><span data-ccp-props=\"{\">\u00a0<\/span><\/p>\n<p><span data-contrast=\"auto\">Anhand vieler Beispielprojekte, Experteninfos und Tipps lernen Sie leicht, anschaulich und praxisnah, worauf es bei der kompetenten Erstellung von modernen Webpr\u00e4senzen und Online-Applikationen mit HTML5 und CSS3 ankommt: Guter Quellcode, Zug\u00e4nglichkeit, die richtigen Farben, die passende Typografie, modernes Design und das abschlie\u00dfende Testen der Website. Dabei geht das Buch auch auf die Gestaltung von Websites f\u00fcr mobile Endger\u00e4te wie Handys und Smartphones ein. So haben Sie HTML5 und CSS3 perfekt im Griff!<\/span><span data-ccp-props=\"{\">\u00a0<\/span><\/p>\n<p><span data-contrast=\"auto\">Preis: 1,93 \u20ac inkl. gesetzl. MwSt.<\/span><span data-ccp-props=\"{\">\u00a0<\/span><\/p>\n<p><span data-contrast=\"auto\">ISBN: 978-3815830703<\/span><span data-ccp-props=\"{\">\u00a0<\/span><\/p>\n<p><span data-contrast=\"auto\">Seitenzahl: 448<\/span><span data-ccp-props=\"{\">\u00a0<\/span><\/p>\n<p><span data-contrast=\"auto\">Verlag: Data Becker<\/span><span data-ccp-props=\"{\">\u00a0<\/span><\/p>\n<p><span data-ccp-props=\"{\">\u00a0<\/span><\/p>\n","protected":false},"excerpt":{"rendered":"<p>Das gro\u00dfe Buch: HTML5\u00a0 \u00a0 Beschreibung:\u00a0 Anhand vieler Beispielprojekte, Experteninfos und Tipps lernen Sie leicht, anschaulich und praxisnah, worauf es bei der kompetenten Erstellung von modernen Webpr\u00e4senzen und Online-Applikationen mit HTML5 und CSS3 ankommt: Guter Quellcode, Zug\u00e4nglichkeit, die richtigen Farben, die passende Typografie, modernes Design und das abschlie\u00dfende Testen der Website. Dabei geht das Buch [&hellip;]<\/p>\n","protected":false},"featured_media":355,"template":"","meta":[],"product_cat":[],"product_tag":[],"class_list":{"0":"post-354","1":"product","2":"type-product","3":"status-publish","4":"has-post-thumbnail","7":"first","8":"instock","9":"taxable","10":"shipping-taxable","11":"purchasable","12":"product-type-simple"},"_links":{"self":[{"href":"https:\/\/actionmall.act.at\/shop\/18\/en\/wp-json\/wp\/v2\/product\/354"}],"collection":[{"href":"https:\/\/actionmall.act.at\/shop\/18\/en\/wp-json\/wp\/v2\/product"}],"about":[{"href":"https:\/\/actionmall.act.at\/shop\/18\/en\/wp-json\/wp\/v2\/types\/product"}],"wp:featuredmedia":[{"embeddable":true,"href":"https:\/\/actionmall.act.at\/shop\/18\/en\/wp-json\/wp\/v2\/media\/355"}],"wp:attachment":[{"href":"https:\/\/actionmall.act.at\/shop\/18\/en\/wp-json\/wp\/v2\/media?parent=354"}],"wp:term":[{"taxonomy":"product_cat","embeddable":true,"href":"https:\/\/actionmall.act.at\/shop\/18\/en\/wp-json\/wp\/v2\/product_cat?post=354"},{"taxonomy":"product_tag","embeddable":true,"href":"https:\/\/actionmall.act.at\/shop\/18\/en\/wp-json\/wp\/v2\/product_tag?post=354"}],"curies":[{"name":"wp","href":"https:\/\/api.w.org\/{rel}","templated":true}]}}