{"id":357,"date":"2025-03-20T14:29:22","date_gmt":"2025-03-20T13:29:22","guid":{"rendered":"https:\/\/actionmall.act.at\/shop\/18\/?post_type=product&#038;p=357"},"modified":"2025-11-18T11:24:39","modified_gmt":"2025-11-18T10:24:39","slug":"business-model-produkttreppe-artikel-nr-wi-03","status":"publish","type":"product","link":"https:\/\/actionmall.act.at\/shop\/18\/en\/produkt\/business-model-produkttreppe-artikel-nr-wi-03\/","title":{"rendered":"WI-03 Business Model Produkttreppe"},"content":{"rendered":"<p>Mit Hilfe der Produkt-Treppe k\u00f6nnen Sie Ihre<br \/>\nGesch\u00e4ftsstrategie auf den Punkt bringen<br \/>\n.Die Produkt-Treppe ist ein intuitives und schnelles Tool<br \/>\nf\u00fcr das Business Modeling, das speziell f\u00fcr<br \/>\nSelbstst\u00e4ndige, Solopreneure, Experten, smarte Teams<br \/>\nund Projektleiter entwickelt wurde.<\/p>\n<p>Verlag: Smart Business Concepts<br \/>\nISBN: 978-3-943895-85-8<br \/>\nUmfang: 219 Seiten<\/p>\n","protected":false},"excerpt":{"rendered":"<p>Mit Hilfe der Produkt-Treppe k\u00f6nnen Sie Ihre Gesch\u00e4ftsstrategie auf den Punkt bringen .Die Produkt-Treppe ist ein intuitives und schnelles Tool f\u00fcr das Business Modeling, das speziell f\u00fcr Selbstst\u00e4ndige, Solopreneure, Experten, smarte Teams und Projektleiter entwickelt wurde. Verlag: Smart Business Concepts ISBN: 978-3-943895-85-8 Umfang: 219 Seiten<\/p>\n","protected":false},"featured_media":359,"template":"","meta":[],"product_cat":[],"product_tag":[],"class_list":{"0":"post-357","1":"product","2":"type-product","3":"status-publish","4":"has-post-thumbnail","7":"first","8":"instock","9":"taxable","10":"shipping-taxable","11":"purchasable","12":"product-type-simple"},"_links":{"self":[{"href":"https:\/\/actionmall.act.at\/shop\/18\/en\/wp-json\/wp\/v2\/product\/357"}],"collection":[{"href":"https:\/\/actionmall.act.at\/shop\/18\/en\/wp-json\/wp\/v2\/product"}],"about":[{"href":"https:\/\/actionmall.act.at\/shop\/18\/en\/wp-json\/wp\/v2\/types\/product"}],"wp:featuredmedia":[{"embeddable":true,"href":"https:\/\/actionmall.act.at\/shop\/18\/en\/wp-json\/wp\/v2\/media\/359"}],"wp:attachment":[{"href":"https:\/\/actionmall.act.at\/shop\/18\/en\/wp-json\/wp\/v2\/media?parent=357"}],"wp:term":[{"taxonomy":"product_cat","embeddable":true,"href":"https:\/\/actionmall.act.at\/shop\/18\/en\/wp-json\/wp\/v2\/product_cat?post=357"},{"taxonomy":"product_tag","embeddable":true,"href":"https:\/\/actionmall.act.at\/shop\/18\/en\/wp-json\/wp\/v2\/product_tag?post=357"}],"curies":[{"name":"wp","href":"https:\/\/api.w.org\/{rel}","templated":true}]}}