{"id":386,"date":"2025-04-03T14:21:11","date_gmt":"2025-04-03T12:21:11","guid":{"rendered":"https:\/\/actionmall.act.at\/shop\/18\/?post_type=product&#038;p=386"},"modified":"2026-04-01T01:54:20","modified_gmt":"2026-03-31T23:54:20","slug":"ki-04-microsoft-copilot-copilot-pro-einstieg-und-praxis","status":"publish","type":"product","link":"https:\/\/actionmall.act.at\/shop\/18\/en\/produkt\/ki-04-microsoft-copilot-copilot-pro-einstieg-und-praxis\/","title":{"rendered":"KI-04 Microsoft Copilot &#038; Copilot Pro &#8211; Einstieg und Praxis"},"content":{"rendered":"<p>Der KI-Assistent von Microsoft wird in diesem neuen Buch in der frei zug\u00e4nglichen\u00a0Basisversion und in der kostenpflichtigen Pro-Version\u00a0anschaulich vorgestellt. Wolfram Gieseke zeigt Ihnen die M\u00f6glichkeiten, aber auch die Unterschiede der beiden Versionen auf und erl\u00e4utert die Copilot-Technologie mit all ihren Funktionen. Viele Beispiele aus der t\u00e4glichen Praxis zeigen dem Leser, wie er k\u00fcnstliche Intelligenz gewinnbringend f\u00fcr sich nutzen kann. Microsoft-365-Nutzer erfahren, wie sie mit Copilot Pro von\u00a0neuartigen Assistenten bei Word, Excel, PowerPoint und Outlook\u00a0profitieren. Dank zahlreicher Tipps wird der Microsoft Copilot schnell zum wertvollen Helfer, den man nicht mehr missen m\u00f6chte.<\/p>\n","protected":false},"excerpt":{"rendered":"<p>Der KI-Assistent von Microsoft wird in diesem neuen Buch in der frei zug\u00e4nglichen\u00a0Basisversion und in der kostenpflichtigen Pro-Version\u00a0anschaulich vorgestellt. Wolfram Gieseke zeigt Ihnen die M\u00f6glichkeiten, aber auch die Unterschiede der beiden Versionen auf und erl\u00e4utert die Copilot-Technologie mit all ihren Funktionen. Viele Beispiele aus der t\u00e4glichen Praxis zeigen dem Leser, wie er k\u00fcnstliche Intelligenz gewinnbringend [&hellip;]<\/p>\n","protected":false},"featured_media":387,"template":"","meta":[],"product_cat":[34],"product_tag":[],"class_list":{"0":"post-386","1":"product","2":"type-product","3":"status-publish","4":"has-post-thumbnail","6":"product_cat-autos-und-fahrzeuge","8":"first","9":"instock","10":"taxable","11":"shipping-taxable","12":"purchasable","13":"product-type-simple"},"_links":{"self":[{"href":"https:\/\/actionmall.act.at\/shop\/18\/en\/wp-json\/wp\/v2\/product\/386"}],"collection":[{"href":"https:\/\/actionmall.act.at\/shop\/18\/en\/wp-json\/wp\/v2\/product"}],"about":[{"href":"https:\/\/actionmall.act.at\/shop\/18\/en\/wp-json\/wp\/v2\/types\/product"}],"wp:featuredmedia":[{"embeddable":true,"href":"https:\/\/actionmall.act.at\/shop\/18\/en\/wp-json\/wp\/v2\/media\/387"}],"wp:attachment":[{"href":"https:\/\/actionmall.act.at\/shop\/18\/en\/wp-json\/wp\/v2\/media?parent=386"}],"wp:term":[{"taxonomy":"product_cat","embeddable":true,"href":"https:\/\/actionmall.act.at\/shop\/18\/en\/wp-json\/wp\/v2\/product_cat?post=386"},{"taxonomy":"product_tag","embeddable":true,"href":"https:\/\/actionmall.act.at\/shop\/18\/en\/wp-json\/wp\/v2\/product_tag?post=386"}],"curies":[{"name":"wp","href":"https:\/\/api.w.org\/{rel}","templated":true}]}}