{"id":388,"date":"2025-04-03T14:42:18","date_gmt":"2025-04-03T12:42:18","guid":{"rendered":"https:\/\/actionmall.act.at\/shop\/18\/?post_type=product&#038;p=388"},"modified":"2025-11-18T11:38:36","modified_gmt":"2025-11-18T10:38:36","slug":"bk-02-flipchart-coach","status":"publish","type":"product","link":"https:\/\/actionmall.act.at\/shop\/18\/en\/produkt\/bk-02-flipchart-coach\/","title":{"rendered":"BK-02 Flipchart Coach"},"content":{"rendered":"<p><span class=\"TextRun SCXW59754731 BCX8\" lang=\"DE-DE\" xml:lang=\"DE-DE\" data-contrast=\"auto\"><span class=\"NormalTextRun SCXW59754731 BCX8\">Das Flipchart ist das schnellste und praktischste Pr\u00e4sentationsmedium. Gerade deshalb sollten Sie souver\u00e4n damit umgehen k\u00f6nnen: Wie gestalte ich in k\u00fcrzester Zeit ein aussagekr\u00e4ftiges Plakat? Welche Zeichentechniken wirken auf Entfernung? Wie transportiere und lagere ich meine Charts? Warum ist es gut, kleine Effekte in die Pr\u00e4sentation einzubauen? Sobald Sie ein paar grundlegende Regeln beachten, machen Sie Ihre Inhalte nicht nur eindrucksvoll sichtbar, sondern fesseln Ihre Teilnehmer mit dem einen oder anderen <\/span><span class=\"NormalTextRun ContextualSpellingAndGrammarErrorV2Themed SCXW59754731 BCX8\">Wow!-<\/span><span class=\"NormalTextRun SCXW59754731 BCX8\">Effekt. Lassen Sie sich vom Flipchart-Coach begleiten und in die Profi-Geheimnisse erfahrener Trainer, Moderatoren und Pr\u00e4sentatoren einweisen: von der Wahl und dem Einsatz des richtigen Equipments, \u00fcber grunds\u00e4tzliche Gestaltungselemente und deren Gesamtkomposition auf einem Chartbogen bis zu verbl\u00fcffenden Pr\u00e4sentationskniffen, die Ihr Publikum garantiert in Erinnerung beh\u00e4lt. Viele Fotos, Praxisbeispiele, Motivvorlagen, Detailhinweise zum Thema und unz\u00e4hlige praxiserprobte Tipps zeigen Ihnen, wie Sie Schritt f\u00fcr Schritt auch scheinbar schwierige zeichnerische Herausforderungen meistern k\u00f6nnen. Im Flipchart-Coach steckt geballtes Erfahrungswissen, mit dem Sie Ihre Auftrittskompetenz und Professionalit\u00e4t erh\u00f6hen.<\/span><\/span><span class=\"EOP SCXW59754731 BCX8\" data-ccp-props=\"{}\">\u00a0<\/span><\/p>\n","protected":false},"excerpt":{"rendered":"<p>Das Flipchart ist das schnellste und praktischste Pr\u00e4sentationsmedium. Gerade deshalb sollten Sie souver\u00e4n damit umgehen k\u00f6nnen: Wie gestalte ich in k\u00fcrzester Zeit ein aussagekr\u00e4ftiges Plakat? Welche Zeichentechniken wirken auf Entfernung? Wie transportiere und lagere ich meine Charts? Warum ist es gut, kleine Effekte in die Pr\u00e4sentation einzubauen? Sobald Sie ein paar grundlegende Regeln beachten, machen [&hellip;]<\/p>\n","protected":false},"featured_media":389,"template":"","meta":[],"product_cat":[],"product_tag":[],"class_list":{"0":"post-388","1":"product","2":"type-product","3":"status-publish","4":"has-post-thumbnail","7":"first","8":"instock","9":"taxable","10":"shipping-taxable","11":"purchasable","12":"product-type-simple"},"_links":{"self":[{"href":"https:\/\/actionmall.act.at\/shop\/18\/en\/wp-json\/wp\/v2\/product\/388"}],"collection":[{"href":"https:\/\/actionmall.act.at\/shop\/18\/en\/wp-json\/wp\/v2\/product"}],"about":[{"href":"https:\/\/actionmall.act.at\/shop\/18\/en\/wp-json\/wp\/v2\/types\/product"}],"wp:featuredmedia":[{"embeddable":true,"href":"https:\/\/actionmall.act.at\/shop\/18\/en\/wp-json\/wp\/v2\/media\/389"}],"wp:attachment":[{"href":"https:\/\/actionmall.act.at\/shop\/18\/en\/wp-json\/wp\/v2\/media?parent=388"}],"wp:term":[{"taxonomy":"product_cat","embeddable":true,"href":"https:\/\/actionmall.act.at\/shop\/18\/en\/wp-json\/wp\/v2\/product_cat?post=388"},{"taxonomy":"product_tag","embeddable":true,"href":"https:\/\/actionmall.act.at\/shop\/18\/en\/wp-json\/wp\/v2\/product_tag?post=388"}],"curies":[{"name":"wp","href":"https:\/\/api.w.org\/{rel}","templated":true}]}}