{"id":390,"date":"2025-04-03T14:45:45","date_gmt":"2025-04-03T12:45:45","guid":{"rendered":"https:\/\/actionmall.act.at\/shop\/18\/?post_type=product&#038;p=390"},"modified":"2025-11-18T11:37:45","modified_gmt":"2025-11-18T10:37:45","slug":"bk-04-podcasting","status":"publish","type":"product","link":"https:\/\/actionmall.act.at\/shop\/18\/en\/produkt\/bk-04-podcasting\/","title":{"rendered":"BK-04 Podcasting!"},"content":{"rendered":"<p><span class=\"TextRun SCXW169200238 BCX8\" lang=\"DE-DE\" xml:lang=\"DE-DE\" data-contrast=\"auto\"><span class=\"NormalTextRun SCXW169200238 BCX8\">Sie planen schon <\/span><span class=\"NormalTextRun SCXW169200238 BCX8\">l\u00e4nger einen eigenen Podcast? Sie m\u00f6chten mit Ihrem bestehenden Angebot mehr Menschen erreichen? In dieser Anleitung werden Sie f\u00fcndig. Alle Aspekte des Podcastings werden umfassend und anschaulich dargestellt, von der Formatfindung \u00fcber Fragen der Produktion und Aufzeichnung bis hin zur Ver\u00f6ffentlichung und Vermarktung. Mit zahlreichen Beitr\u00e4gen von \u00bbalten Hasen\u00ab und einem Gastkapitel zu rechtlichen Aspekten von Christian <\/span><span class=\"NormalTextRun SCXW169200238 BCX8\">Solmecke<\/span><span class=\"NormalTextRun SCXW169200238 BCX8\">. <\/span><\/span><span class=\"EOP SCXW169200238 BCX8\" data-ccp-props=\"{}\">\u00a0<\/span><\/p>\n","protected":false},"excerpt":{"rendered":"<p>Sie planen schon l\u00e4nger einen eigenen Podcast? Sie m\u00f6chten mit Ihrem bestehenden Angebot mehr Menschen erreichen? In dieser Anleitung werden Sie f\u00fcndig. Alle Aspekte des Podcastings werden umfassend und anschaulich dargestellt, von der Formatfindung \u00fcber Fragen der Produktion und Aufzeichnung bis hin zur Ver\u00f6ffentlichung und Vermarktung. Mit zahlreichen Beitr\u00e4gen von \u00bbalten Hasen\u00ab und einem Gastkapitel [&hellip;]<\/p>\n","protected":false},"featured_media":391,"template":"","meta":[],"product_cat":[],"product_tag":[],"class_list":{"0":"post-390","1":"product","2":"type-product","3":"status-publish","4":"has-post-thumbnail","7":"first","8":"instock","9":"taxable","10":"shipping-taxable","11":"purchasable","12":"product-type-simple"},"_links":{"self":[{"href":"https:\/\/actionmall.act.at\/shop\/18\/en\/wp-json\/wp\/v2\/product\/390"}],"collection":[{"href":"https:\/\/actionmall.act.at\/shop\/18\/en\/wp-json\/wp\/v2\/product"}],"about":[{"href":"https:\/\/actionmall.act.at\/shop\/18\/en\/wp-json\/wp\/v2\/types\/product"}],"wp:featuredmedia":[{"embeddable":true,"href":"https:\/\/actionmall.act.at\/shop\/18\/en\/wp-json\/wp\/v2\/media\/391"}],"wp:attachment":[{"href":"https:\/\/actionmall.act.at\/shop\/18\/en\/wp-json\/wp\/v2\/media?parent=390"}],"wp:term":[{"taxonomy":"product_cat","embeddable":true,"href":"https:\/\/actionmall.act.at\/shop\/18\/en\/wp-json\/wp\/v2\/product_cat?post=390"},{"taxonomy":"product_tag","embeddable":true,"href":"https:\/\/actionmall.act.at\/shop\/18\/en\/wp-json\/wp\/v2\/product_tag?post=390"}],"curies":[{"name":"wp","href":"https:\/\/api.w.org\/{rel}","templated":true}]}}