{"id":400,"date":"2025-04-03T16:01:32","date_gmt":"2025-04-03T14:01:32","guid":{"rendered":"https:\/\/actionmall.act.at\/shop\/18\/?post_type=product&#038;p=400"},"modified":"2025-11-18T11:35:05","modified_gmt":"2025-11-18T10:35:05","slug":"bi-03-sharepoint-fuer-anwender","status":"publish","type":"product","link":"https:\/\/actionmall.act.at\/shop\/18\/en\/produkt\/bi-03-sharepoint-fuer-anwender\/","title":{"rendered":"BI-03 Sharepoint f\u00fcr Anwender"},"content":{"rendered":"<p><span data-contrast=\"auto\">1006 Seiten <\/span><span data-ccp-props=\"{}\">\u00a0<\/span><span data-contrast=\"auto\">2019 | 3. Auflage <\/span><br \/>\n<span data-contrast=\"auto\">Rheinwerk (Verlag) <\/span><br \/>\n<span data-contrast=\"auto\">978-3-8362-6978-0 (ISBN)\u00a0<\/span><span data-ccp-props=\"{\">\u00a0<\/span><\/p>\n<p><b><span data-contrast=\"auto\">Einfach erfolgreich mit SharePoint arbeiten<\/span><\/b><span data-contrast=\"auto\">\u00a0<\/span><span data-ccp-props=\"{\">\u00a0<\/span><\/p>\n<ul>\n<li data-leveltext=\"\uf0b7\" data-font=\"Symbol\" data-listid=\"2\" data-list-defn-props=\"{\" data-aria-posinset=\"1\" data-aria-level=\"1\"><span data-contrast=\"auto\">Grundlagen und fortgeschrittenes Anwender-Know-how<\/span><span data-ccp-props=\"{\">\u00a0<\/span><\/li>\n<\/ul>\n<ul>\n<li data-leveltext=\"\uf0b7\" data-font=\"Symbol\" data-listid=\"2\" data-list-defn-props=\"{\" data-aria-posinset=\"2\" data-aria-level=\"1\"><span data-contrast=\"auto\">Apps, Websites, Berechtigungen, Webparts und Workflows<\/span><span data-ccp-props=\"{\">\u00a0<\/span><\/li>\n<\/ul>\n<ul>\n<li data-leveltext=\"\uf0b7\" data-font=\"Symbol\" data-listid=\"2\" data-list-defn-props=\"{\" data-aria-posinset=\"3\" data-aria-level=\"1\"><span data-contrast=\"auto\">Sofort einsetzbare L\u00f6sungen: Intranet, Internetpr\u00e4senz, Ticketsystem, Aufgaben-, Termin- und Dokumentenmanagement u. v. m.<\/span><span data-ccp-props=\"{\">\u00a0<\/span><\/li>\n<\/ul>\n<p><span data-contrast=\"auto\">Wenn Sie als Anwender im Unternehmen mit SharePoint schnell zu professionellen L\u00f6sungen gelangen m\u00f6chten, dann liegen Sie mit diesem Buch goldrichtig! Es vermittelt Ihnen anschaulich alle n\u00f6tigen Grundlagen und f\u00fchrt Sie Schritt f\u00fcr Schritt zu einer Collaboration-Plattform, die zu Ihrem Unternehmen passt. So erstellen Sie ganz einfach z. B. ein Ticketsystem oder eine Wissensdatenbank oder unterst\u00fctzen Ihre Genehmigungsprozesse \u2013 und zwar bei Bedarf komplett On-Premise. Mit vielen erprobten Praxistipps und konkreten Beispiell\u00f6sungen.<\/span><span data-ccp-props=\"{\">\u00a0<\/span><\/p>\n","protected":false},"excerpt":{"rendered":"<p>1006 Seiten \u00a02019 | 3. Auflage Rheinwerk (Verlag) 978-3-8362-6978-0 (ISBN)\u00a0\u00a0 Einfach erfolgreich mit SharePoint arbeiten\u00a0\u00a0 Grundlagen und fortgeschrittenes Anwender-Know-how\u00a0 Apps, Websites, Berechtigungen, Webparts und Workflows\u00a0 Sofort einsetzbare L\u00f6sungen: Intranet, Internetpr\u00e4senz, Ticketsystem, Aufgaben-, Termin- und Dokumentenmanagement u. v. m.\u00a0 Wenn Sie als Anwender im Unternehmen mit SharePoint schnell zu professionellen L\u00f6sungen gelangen m\u00f6chten, dann liegen Sie [&hellip;]<\/p>\n","protected":false},"featured_media":403,"template":"","meta":[],"product_cat":[],"product_tag":[],"class_list":{"0":"post-400","1":"product","2":"type-product","3":"status-publish","4":"has-post-thumbnail","7":"first","8":"instock","9":"taxable","10":"shipping-taxable","11":"purchasable","12":"product-type-simple"},"_links":{"self":[{"href":"https:\/\/actionmall.act.at\/shop\/18\/en\/wp-json\/wp\/v2\/product\/400"}],"collection":[{"href":"https:\/\/actionmall.act.at\/shop\/18\/en\/wp-json\/wp\/v2\/product"}],"about":[{"href":"https:\/\/actionmall.act.at\/shop\/18\/en\/wp-json\/wp\/v2\/types\/product"}],"wp:featuredmedia":[{"embeddable":true,"href":"https:\/\/actionmall.act.at\/shop\/18\/en\/wp-json\/wp\/v2\/media\/403"}],"wp:attachment":[{"href":"https:\/\/actionmall.act.at\/shop\/18\/en\/wp-json\/wp\/v2\/media?parent=400"}],"wp:term":[{"taxonomy":"product_cat","embeddable":true,"href":"https:\/\/actionmall.act.at\/shop\/18\/en\/wp-json\/wp\/v2\/product_cat?post=400"},{"taxonomy":"product_tag","embeddable":true,"href":"https:\/\/actionmall.act.at\/shop\/18\/en\/wp-json\/wp\/v2\/product_tag?post=400"}],"curies":[{"name":"wp","href":"https:\/\/api.w.org\/{rel}","templated":true}]}}