{"id":401,"date":"2025-04-03T16:00:42","date_gmt":"2025-04-03T14:00:42","guid":{"rendered":"https:\/\/actionmall.act.at\/shop\/18\/?post_type=product&#038;p=401"},"modified":"2025-11-18T11:35:24","modified_gmt":"2025-11-18T10:35:24","slug":"bi-04-business-intelligence-mit-excel","status":"publish","type":"product","link":"https:\/\/actionmall.act.at\/shop\/18\/en\/produkt\/bi-04-business-intelligence-mit-excel\/","title":{"rendered":"BI-04 Business Intelligence mit Excel\u00a0\u00a0"},"content":{"rendered":"<p><span data-contrast=\"none\">Business Intelligence mit Excel\u00a0<\/span><span data-ccp-props=\"{}\">\u00a0<\/span><\/p>\n<p><span data-contrast=\"none\">\u00a0BI-Werkzeuge und Methoden (ETL, OLAP, ODBC u. a.)<\/span><br \/>\n<span data-contrast=\"none\"> . Externe Daten abrufen und analysieren mit Power Query<\/span><br \/>\n<span data-contrast=\"none\"> . Power Pivot im Datenmodell &#8211; Import, Verkn\u00fcpfungen, Berechnungen<\/span><br \/>\n<span data-contrast=\"none\"> . Mit DAX-Funktionen kalkulieren und KPIs berechnen<\/span><br \/>\n<span data-contrast=\"none\"> . Excel-Daten mit Power BI visualisieren, Berichte und Dashboards in der Cloud ver\u00f6ffentlichen<\/span><\/p>\n<p><span data-contrast=\"none\">Der Zuwachs an Daten in allen Gesch\u00e4ftsprozessen stellt viele Anwender in der Praxis vor neue Herausforderungen. Unternehmensdaten m\u00fcssen aufbereitet werden verbunden mit intelligentem Reporting und Visualisierung. Analysen sollen zuk\u00fcnftig st\u00e4ndig, sofort und auf allen Medien verf\u00fcgbar sein. Die benutzerfreundlichen BI-Tools von Microsoft Excel sind hier die erste Wahl f\u00fcr Manager und Controller. Sie helfen Ihnen, Trends und Risiken zu erkennen, Zusammenh\u00e4nge zu begreifen und die Grundla-gen f\u00fcr Ihre Entscheidungen zu verbessern.<\/span><\/p>\n<p><span data-contrast=\"none\">Dieses Praxisbuch vermittelt die Grundlagen f\u00fcr den Einstieg in Business Intelligence. Es erkl\u00e4rt Begriffe und Methoden und zeigt, wie Daten aus unterschiedlichen Quellen mit Microsoft Excel importiert, transformiert und visualisiert werden. Lernen Sie, mit Power Query und der Skriptsprache M Daten aufzubereiten und \u00fcben Sie den Aufbau von Datenmodellen mit Power Pivot und DAX. Anschauliche Visualisierungen, Berichte und Dashboards erstellen Sie mit PivotTables, PivotCharts und Power BI.<\/span><\/p>\n<p><span data-contrast=\"none\">F\u00fcr Excel 2019 und Microsoft 365<\/span><span data-ccp-props=\"{\"> <img loading=\"lazy\" decoding=\"async\" class=\"alignnone size-medium wp-image-402\" src=\"https:\/\/actionmall.act.at\/shop\/18\/wp-content\/uploads\/2025\/04\/BI-04-Business-Intelligence-Excel-209x300.jpg\" alt=\"\" width=\"209\" height=\"300\" srcset=\"https:\/\/actionmall.act.at\/shop\/18\/wp-content\/uploads\/2025\/04\/BI-04-Business-Intelligence-Excel-209x300.jpg 209w, https:\/\/actionmall.act.at\/shop\/18\/wp-content\/uploads\/2025\/04\/BI-04-Business-Intelligence-Excel-713x1024.jpg 713w, https:\/\/actionmall.act.at\/shop\/18\/wp-content\/uploads\/2025\/04\/BI-04-Business-Intelligence-Excel-768x1103.jpg 768w, https:\/\/actionmall.act.at\/shop\/18\/wp-content\/uploads\/2025\/04\/BI-04-Business-Intelligence-Excel-1069x1536.jpg 1069w, https:\/\/actionmall.act.at\/shop\/18\/wp-content\/uploads\/2025\/04\/BI-04-Business-Intelligence-Excel-1425x2048.jpg 1425w, https:\/\/actionmall.act.at\/shop\/18\/wp-content\/uploads\/2025\/04\/BI-04-Business-Intelligence-Excel-416x598.jpg 416w, https:\/\/actionmall.act.at\/shop\/18\/wp-content\/uploads\/2025\/04\/BI-04-Business-Intelligence-Excel.jpg 1495w\" sizes=\"(max-width: 209px) 100vw, 209px\" \/><\/span><\/p>\n<p><span data-ccp-props=\"{}\">\u00a0<\/span><\/p>\n","protected":false},"excerpt":{"rendered":"<p><img loading=\"lazy\" decoding=\"async\" class=\"alignnone size-medium wp-image-402\" src=\"https:\/\/actionmall.act.at\/shop\/18\/wp-content\/uploads\/2025\/04\/BI-04-Business-Intelligence-Excel-209x300.jpg\" alt=\"\" width=\"209\" height=\"300\" srcset=\"https:\/\/actionmall.act.at\/shop\/18\/wp-content\/uploads\/2025\/04\/BI-04-Business-Intelligence-Excel-209x300.jpg 209w, https:\/\/actionmall.act.at\/shop\/18\/wp-content\/uploads\/2025\/04\/BI-04-Business-Intelligence-Excel-713x1024.jpg 713w, https:\/\/actionmall.act.at\/shop\/18\/wp-content\/uploads\/2025\/04\/BI-04-Business-Intelligence-Excel-768x1103.jpg 768w, https:\/\/actionmall.act.at\/shop\/18\/wp-content\/uploads\/2025\/04\/BI-04-Business-Intelligence-Excel-1069x1536.jpg 1069w, https:\/\/actionmall.act.at\/shop\/18\/wp-content\/uploads\/2025\/04\/BI-04-Business-Intelligence-Excel-1425x2048.jpg 1425w, https:\/\/actionmall.act.at\/shop\/18\/wp-content\/uploads\/2025\/04\/BI-04-Business-Intelligence-Excel-416x598.jpg 416w, https:\/\/actionmall.act.at\/shop\/18\/wp-content\/uploads\/2025\/04\/BI-04-Business-Intelligence-Excel.jpg 1495w\" sizes=\"(max-width: 209px) 100vw, 209px\" \/><\/p>\n","protected":false},"featured_media":402,"template":"","meta":[],"product_cat":[],"product_tag":[],"class_list":{"0":"post-401","1":"product","2":"type-product","3":"status-publish","4":"has-post-thumbnail","7":"first","8":"instock","9":"taxable","10":"shipping-taxable","11":"purchasable","12":"product-type-simple"},"_links":{"self":[{"href":"https:\/\/actionmall.act.at\/shop\/18\/en\/wp-json\/wp\/v2\/product\/401"}],"collection":[{"href":"https:\/\/actionmall.act.at\/shop\/18\/en\/wp-json\/wp\/v2\/product"}],"about":[{"href":"https:\/\/actionmall.act.at\/shop\/18\/en\/wp-json\/wp\/v2\/types\/product"}],"wp:featuredmedia":[{"embeddable":true,"href":"https:\/\/actionmall.act.at\/shop\/18\/en\/wp-json\/wp\/v2\/media\/402"}],"wp:attachment":[{"href":"https:\/\/actionmall.act.at\/shop\/18\/en\/wp-json\/wp\/v2\/media?parent=401"}],"wp:term":[{"taxonomy":"product_cat","embeddable":true,"href":"https:\/\/actionmall.act.at\/shop\/18\/en\/wp-json\/wp\/v2\/product_cat?post=401"},{"taxonomy":"product_tag","embeddable":true,"href":"https:\/\/actionmall.act.at\/shop\/18\/en\/wp-json\/wp\/v2\/product_tag?post=401"}],"curies":[{"name":"wp","href":"https:\/\/api.w.org\/{rel}","templated":true}]}}