{"id":408,"date":"2025-04-03T16:19:20","date_gmt":"2025-04-03T14:19:20","guid":{"rendered":"https:\/\/actionmall.act.at\/shop\/18\/?post_type=product&#038;p=408"},"modified":"2025-11-18T11:32:56","modified_gmt":"2025-11-18T10:32:56","slug":"web-08-texten-koennen","status":"publish","type":"product","link":"https:\/\/actionmall.act.at\/shop\/18\/en\/produkt\/web-08-texten-koennen\/","title":{"rendered":"WEB-08 Texten k\u00f6nnen"},"content":{"rendered":"<p><span class=\"TextRun SCXW70540472 BCX8\" lang=\"DE-DE\" xml:lang=\"DE-DE\" data-contrast=\"auto\"><span class=\"NormalTextRun SCXW70540472 BCX8\">Erfahren Sie, mit welchen Textstrategien Sie den Kunden oder Besucher im Content-Zeitalter begeistern und sanft zum Kauf f\u00fchren. Wie Sie den Texten Charakter verleihen und Sie Ihren Leser mit Ihrem Schreibstil bei der Stange halten. Mit praktischen \u00dcbungen und Checklisten, um das Gelernte gleich praktisch anzuwenden. Und mit genauen Schreibanleitungen f\u00fcr alle wichtigen Elemente und Texte im Online- und Content-Marketing, damit Sie gleich loslegen k\u00f6nnen. Mit dem neuen Texten<\/span><\/span><span class=\"EOP SCXW70540472 BCX8\" data-ccp-props=\"{}\">\u00a0<\/span><\/p>\n","protected":false},"excerpt":{"rendered":"<p>Erfahren Sie, mit welchen Textstrategien Sie den Kunden oder Besucher im Content-Zeitalter begeistern und sanft zum Kauf f\u00fchren. Wie Sie den Texten Charakter verleihen und Sie Ihren Leser mit Ihrem Schreibstil bei der Stange halten. Mit praktischen \u00dcbungen und Checklisten, um das Gelernte gleich praktisch anzuwenden. Und mit genauen Schreibanleitungen f\u00fcr alle wichtigen Elemente und [&hellip;]<\/p>\n","protected":false},"featured_media":409,"template":"","meta":[],"product_cat":[],"product_tag":[],"class_list":{"0":"post-408","1":"product","2":"type-product","3":"status-publish","4":"has-post-thumbnail","7":"first","8":"instock","9":"taxable","10":"shipping-taxable","11":"purchasable","12":"product-type-simple"},"_links":{"self":[{"href":"https:\/\/actionmall.act.at\/shop\/18\/en\/wp-json\/wp\/v2\/product\/408"}],"collection":[{"href":"https:\/\/actionmall.act.at\/shop\/18\/en\/wp-json\/wp\/v2\/product"}],"about":[{"href":"https:\/\/actionmall.act.at\/shop\/18\/en\/wp-json\/wp\/v2\/types\/product"}],"wp:featuredmedia":[{"embeddable":true,"href":"https:\/\/actionmall.act.at\/shop\/18\/en\/wp-json\/wp\/v2\/media\/409"}],"wp:attachment":[{"href":"https:\/\/actionmall.act.at\/shop\/18\/en\/wp-json\/wp\/v2\/media?parent=408"}],"wp:term":[{"taxonomy":"product_cat","embeddable":true,"href":"https:\/\/actionmall.act.at\/shop\/18\/en\/wp-json\/wp\/v2\/product_cat?post=408"},{"taxonomy":"product_tag","embeddable":true,"href":"https:\/\/actionmall.act.at\/shop\/18\/en\/wp-json\/wp\/v2\/product_tag?post=408"}],"curies":[{"name":"wp","href":"https:\/\/api.w.org\/{rel}","templated":true}]}}