{"id":435,"date":"2025-05-15T15:25:00","date_gmt":"2025-05-15T13:25:00","guid":{"rendered":"https:\/\/actionmall.act.at\/shop\/18\/?post_type=product&#038;p=435"},"modified":"2025-11-18T11:30:16","modified_gmt":"2025-11-18T10:30:16","slug":"bue-01-office-2019-das-praxisbuch","status":"publish","type":"product","link":"https:\/\/actionmall.act.at\/shop\/18\/en\/produkt\/bue-01-office-2019-das-praxisbuch\/","title":{"rendered":"BUE-01 Office 2019 \u2013 Das Praxisbuch"},"content":{"rendered":"<p><strong>Office 2019 \u2013 Das Praxisbuch <\/strong><\/p>\n<p>Ob im B\u00fcro, Studium, in der Ausbildung oder zu Hause: Dieses praktische Handbuch hilft Ihnen, <strong>Office 2019 bzw. Office 365 auf dem PC, Notebook oder Tablet im Nu zu beherrschen.<\/strong> Die Autoren Philip Kiefer und Gerhard Philipp unterst\u00fctzen Sie mit konkreten Fallbeispielen und leicht nachvollziehbaren Praxisl\u00f6sungen dabei, Ihre Office-Projekte umzusetzen, ob f\u00fcr private Anl\u00e4sse, Ihren Verein, im B\u00fcro, Studium oder in der Ausbildung.<br \/>\n<strong>So finden Sie sich problemlos in den verschiedenen Programmen zurecht,<\/strong> erstellen Dokumente, Tabellen und Pr\u00e4sentationen und machen sie dank Cloud-Anbindung \u00fcberall verf\u00fcgbar. Mit diesem preislich sehr attraktiven Nachschlagewerk sind Sie f\u00fcr den Office-Alltag gut ger\u00fcstet.<\/p>\n<p>von <a href=\"https:\/\/www.amazon.de\/s\/ref=dp_byline_sr_book_1?ie=UTF8&#038;field-author=Gerhard+Philipp&#038;text=Gerhard+Philipp&#038;sort=relevancerank&#038;search-alias=books-de\">Gerhard Philipp<\/a> (Autor), <a href=\"https:\/\/www.amazon.de\/s\/ref=dp_byline_sr_book_2?ie=UTF8&#038;field-author=Philip+Kiefer&#038;text=Philip+Kiefer&#038;sort=relevancerank&#038;search-alias=books-de\">Philip Kiefer<\/a> (Autor)<\/p>\n","protected":false},"excerpt":{"rendered":"<p>Office 2019 \u2013 Das Praxisbuch Ob im B\u00fcro, Studium, in der Ausbildung oder zu Hause: Dieses praktische Handbuch hilft Ihnen, Office 2019 bzw. Office 365 auf dem PC, Notebook oder Tablet im Nu zu beherrschen. Die Autoren Philip Kiefer und Gerhard Philipp unterst\u00fctzen Sie mit konkreten Fallbeispielen und leicht nachvollziehbaren Praxisl\u00f6sungen dabei, Ihre Office-Projekte umzusetzen, [&hellip;]<\/p>\n","protected":false},"featured_media":436,"template":"","meta":[],"product_cat":[],"product_tag":[],"class_list":{"0":"post-435","1":"product","2":"type-product","3":"status-publish","4":"has-post-thumbnail","7":"first","8":"instock","9":"taxable","10":"shipping-taxable","11":"purchasable","12":"product-type-simple"},"_links":{"self":[{"href":"https:\/\/actionmall.act.at\/shop\/18\/en\/wp-json\/wp\/v2\/product\/435"}],"collection":[{"href":"https:\/\/actionmall.act.at\/shop\/18\/en\/wp-json\/wp\/v2\/product"}],"about":[{"href":"https:\/\/actionmall.act.at\/shop\/18\/en\/wp-json\/wp\/v2\/types\/product"}],"wp:featuredmedia":[{"embeddable":true,"href":"https:\/\/actionmall.act.at\/shop\/18\/en\/wp-json\/wp\/v2\/media\/436"}],"wp:attachment":[{"href":"https:\/\/actionmall.act.at\/shop\/18\/en\/wp-json\/wp\/v2\/media?parent=435"}],"wp:term":[{"taxonomy":"product_cat","embeddable":true,"href":"https:\/\/actionmall.act.at\/shop\/18\/en\/wp-json\/wp\/v2\/product_cat?post=435"},{"taxonomy":"product_tag","embeddable":true,"href":"https:\/\/actionmall.act.at\/shop\/18\/en\/wp-json\/wp\/v2\/product_tag?post=435"}],"curies":[{"name":"wp","href":"https:\/\/api.w.org\/{rel}","templated":true}]}}