{"id":483,"date":"2025-12-02T13:23:21","date_gmt":"2025-12-02T12:23:21","guid":{"rendered":"https:\/\/actionmall.act.at\/shop\/18\/?post_type=product&#038;p=483"},"modified":"2026-02-01T23:58:00","modified_gmt":"2026-02-01T22:58:00","slug":"pro-03","status":"publish","type":"product","link":"https:\/\/actionmall.act.at\/shop\/18\/en\/produkt\/pro-03\/","title":{"rendered":"PRO-03 Software- Fehler erkennen und vermeiden"},"content":{"rendered":"<p>Das Lehrbuch befasst sich mit Fehlern in der Software: Wie kann man diese Bugs und Programmfehler erkennen, benennen, erfassen und transparent machen? Ziel ist es, aus Fehlern zu lernen, um sie in der Zukunft zu vermeiden.Neben Grundlagen und der Definition von &#8220;Golden Rules&#8221; werden Fehler anhand konkreter Praxisbeispiele aufgezeigt. Das Buch kann als Erg\u00e4nzung zu Vorlesungen im Themenbereich C\/C++ bzw. Einf\u00fchrung in die Informatik genutzt werden. Damit ist das Lehrbuch sowohl f\u00fcr Studierende der Informatik und verwandter Studieng\u00e4nge geeignet als auch f\u00fcr Berufseinsteiger_innen.<\/p>\n<p>&nbsp;<\/p>\n<p>Inhaltsverzeichnis:<\/p>\n<p>Vorwort.- 1 Entwicklungsumgebungen.- 2 Hallo Welt.- 3 International bekannte Software-Fehler.- 4 Einfache Software-Fehler in der industriellen Praxis.- 5 Testen von Software, Fehleridentifikation und Fehlermanagement.- 6 Umgang mit Fehlern.- 7 Nutzung der KI zur Fehlervermeidung.- 8 Managementprozesse.- 9 Best Practices und Golden Rules.- 10 Zusammenfassung und abschlie\u00dfende Bemerkungen.- Literatur.- Index.<\/p>\n<p>&nbsp;<\/p>\n","protected":false},"excerpt":{"rendered":"<p>Das Lehrbuch befasst sich mit Fehlern in der Software: Wie kann man diese Bugs und Programmfehler erkennen, benennen, erfassen und transparent machen? Ziel ist es, aus Fehlern zu lernen, um sie in der Zukunft zu vermeiden.Neben Grundlagen und der Definition von &#8220;Golden Rules&#8221; werden Fehler anhand konkreter Praxisbeispiele aufgezeigt. Das Buch kann als Erg\u00e4nzung zu [&hellip;]<\/p>\n","protected":false},"featured_media":476,"template":"","meta":[],"product_cat":[],"product_tag":[],"class_list":{"0":"post-483","1":"product","2":"type-product","3":"status-publish","4":"has-post-thumbnail","7":"first","8":"instock","9":"taxable","10":"shipping-taxable","11":"purchasable","12":"product-type-simple"},"_links":{"self":[{"href":"https:\/\/actionmall.act.at\/shop\/18\/en\/wp-json\/wp\/v2\/product\/483"}],"collection":[{"href":"https:\/\/actionmall.act.at\/shop\/18\/en\/wp-json\/wp\/v2\/product"}],"about":[{"href":"https:\/\/actionmall.act.at\/shop\/18\/en\/wp-json\/wp\/v2\/types\/product"}],"wp:featuredmedia":[{"embeddable":true,"href":"https:\/\/actionmall.act.at\/shop\/18\/en\/wp-json\/wp\/v2\/media\/476"}],"wp:attachment":[{"href":"https:\/\/actionmall.act.at\/shop\/18\/en\/wp-json\/wp\/v2\/media?parent=483"}],"wp:term":[{"taxonomy":"product_cat","embeddable":true,"href":"https:\/\/actionmall.act.at\/shop\/18\/en\/wp-json\/wp\/v2\/product_cat?post=483"},{"taxonomy":"product_tag","embeddable":true,"href":"https:\/\/actionmall.act.at\/shop\/18\/en\/wp-json\/wp\/v2\/product_tag?post=483"}],"curies":[{"name":"wp","href":"https:\/\/api.w.org\/{rel}","templated":true}]}}