{"id":535,"date":"2026-05-12T12:26:21","date_gmt":"2026-05-12T10:26:21","guid":{"rendered":"https:\/\/actionmall.act.at\/shop\/18\/?post_type=product&#038;p=535"},"modified":"2026-05-12T12:26:21","modified_gmt":"2026-05-12T10:26:21","slug":"ki-06-kuenstliche-intelligenz-wissensverarbeitung-neuronale-netze","status":"publish","type":"product","link":"https:\/\/actionmall.act.at\/shop\/18\/en\/produkt\/ki-06-kuenstliche-intelligenz-wissensverarbeitung-neuronale-netze\/","title":{"rendered":"KI-06 K\u00fcnstliche Intelligenz &#8211; Wissensverarbeitung &#8211; Neuronale Netze"},"content":{"rendered":"<p>K\u00fcnstliche Intelligenz (KI) ganz praktisch<\/p>\n<p>&#8211; Symbolverarbeitende k\u00fcnstliche Intelligenz und k\u00fcnstliche neuronale Netze in einem Buch<br \/>\n&#8211; Business Rules und Wissensnetze<br \/>\n&#8211; Convolutional Neural Networks und Deep Learning<br \/>\n&#8211; \u00dcbungen in PROLOG sowie mit JavaNNS und Python<\/p>\n<p>Die k\u00fcnstliche Intelligenz hat unseren Alltag erreicht: Wir nutzen Chatbots, reden mit Sprachassistenten, KI digitalisiert die Dokumentenverarbeitung, die Muster-, Bild- oder Objekt-Erkennung. Sie erm\u00f6glicht neue, intelligentere L\u00f6sungen in vielen Bereichen, von der Medizin bis zum autonomen Fahren.<\/p>\n<p>Das Buch gibt eine Einf\u00fchrung in die KI. Es wird gezeigt, wie symbolverabeitende KI in Form von Wissensnetzen oder Gesch\u00e4ftsregeln heute angewendet und wie k\u00fcnstliche neuronale Netze in der Mustererkennung oder auch im Data Mining eingesetzt werden k\u00f6nnen.<\/p>\n<p>Wissensrepr\u00e4sentation und -verarbeitung auf Basis der Logik wird unter Nutzung der logischen Programmiersprache PROLOG eingef\u00fchrt. Logische Schlussfolgerungen lassen sich in PROLOG wesentlich leichter als in Python oder Java implementieren. Die Konzepte neuronaler Netze werden mit dem System JavaNNS und mittels Python praktisch vertieft.<\/p>\n<p>Fragen und Aufgaben am Ende eines Abschnittes fordern zum aktiven Lesen und Lernen auf. Die Webseiten zum Buch enthalten Demo-Programme, die diskutierte Vorgehensweisen veranschaulichen und das Verst\u00e4ndnis f\u00f6rdern.<\/p>\n<p><span class=\"TextRun SCXW261363911 BCX8\" lang=\"DE-DE\" xml:lang=\"DE-DE\" data-contrast=\"auto\"><span class=\"NormalTextRun SCXW261363911 BCX8\">Art. Nr.: KI-06<\/span><\/span><\/p>\n<p><span class=\"TextRun SCXW159903986 BCX8\" lang=\"DE-DE\" xml:lang=\"DE-DE\" data-contrast=\"auto\"><span class=\"NormalTextRun SCXW159903986 BCX8\">Seiten<\/span><span class=\"NormalTextRun SCXW159903986 BCX8\">zahl:\u00a0<\/span><span class=\"NormalTextRun SCXW159903986 BCX8\">364<\/span><\/span><\/p>\n<p>Verlag: Hanser Fachbuchverlag<\/p>\n<p>ISBN: 9783446478817<\/p>\n","protected":false},"excerpt":{"rendered":"<p>K\u00fcnstliche Intelligenz (KI) ganz praktisch &#8211; Symbolverarbeitende k\u00fcnstliche Intelligenz und k\u00fcnstliche neuronale Netze in einem Buch &#8211; Business Rules und Wissensnetze &#8211; Convolutional Neural Networks und Deep Learning &#8211; \u00dcbungen in PROLOG sowie mit JavaNNS und Python Die k\u00fcnstliche Intelligenz hat unseren Alltag erreicht: Wir nutzen Chatbots, reden mit Sprachassistenten, KI digitalisiert die Dokumentenverarbeitung, die [&hellip;]<\/p>\n","protected":false},"featured_media":0,"template":"","meta":[],"product_cat":[34],"product_tag":[],"class_list":{"0":"post-535","1":"product","2":"type-product","3":"status-publish","5":"product_cat-autos-und-fahrzeuge","7":"first","8":"instock","9":"taxable","10":"shipping-taxable","11":"purchasable","12":"product-type-simple"},"_links":{"self":[{"href":"https:\/\/actionmall.act.at\/shop\/18\/en\/wp-json\/wp\/v2\/product\/535"}],"collection":[{"href":"https:\/\/actionmall.act.at\/shop\/18\/en\/wp-json\/wp\/v2\/product"}],"about":[{"href":"https:\/\/actionmall.act.at\/shop\/18\/en\/wp-json\/wp\/v2\/types\/product"}],"wp:attachment":[{"href":"https:\/\/actionmall.act.at\/shop\/18\/en\/wp-json\/wp\/v2\/media?parent=535"}],"wp:term":[{"taxonomy":"product_cat","embeddable":true,"href":"https:\/\/actionmall.act.at\/shop\/18\/en\/wp-json\/wp\/v2\/product_cat?post=535"},{"taxonomy":"product_tag","embeddable":true,"href":"https:\/\/actionmall.act.at\/shop\/18\/en\/wp-json\/wp\/v2\/product_tag?post=535"}],"curies":[{"name":"wp","href":"https:\/\/api.w.org\/{rel}","templated":true}]}}