{"id":265,"date":"2024-11-21T14:45:38","date_gmt":"2024-11-21T13:45:38","guid":{"rendered":"https:\/\/actionmall.act.at\/shop\/18\/?post_type=product&#038;p=265"},"modified":"2025-11-18T11:45:44","modified_gmt":"2025-11-18T10:45:44","slug":"access-2016","status":"publish","type":"product","link":"https:\/\/actionmall.act.at\/shop\/18\/produkt\/access-2016\/","title":{"rendered":"DB-02 Access 2016 f\u00fcr Einsteiger"},"content":{"rendered":"<p><span data-contrast=\"auto\">Lernen Sie Access von Grund auf verstehen und sicher nutzen!<br \/>\n<\/span><span data-contrast=\"auto\">Leicht nachvollziehbare Anleitungen und anschauliche Beispiele helfen Ihnen dabei, Datenbanken anzupassen sowie selbst neu zu konzipieren. <\/span><span data-contrast=\"auto\">Systematisch erl\u00e4utert die Autorin den Entwurf einer Tabelle und das Erstellen von Beziehungen zwischen Tabellen. Sie zeigt Ihnen, wie Sie Daten eingeben und verschiedene Abfragetechniken anwenden. Erfahren Sie, wie Sie mit Formularen, Steuerelementen und Makros eine benutzerfreundliche Oberfl\u00e4che gestalten und professionelle Berichte drucken. Als \u00dcbungsbeispiel erstellen Sie selbst eine Datenbank zur Verwaltung von Kunden und erfassen deren Bestellungen. Mit Aufgaben am Ende jedes einzelnen Kapitels k\u00f6nnen Sie das Gelernte verinnerlichen und praktisch umsetzen.<br \/>\n<\/span><span data-contrast=\"auto\">Profitieren Sie von Inge Baumeisters Know-how sowie ihrer langj\u00e4hrigen Erfahrung als Dozentin in der Erwachsenenbildung und werden Sie Schritt f\u00fcr Schritt zum Access-K\u00f6nner!<\/span><span data-ccp-props=\"{}\">\u00a0<\/span><\/p>\n<h5><span data-contrast=\"auto\">Art.Nr.: DB-02<\/span><span data-ccp-props=\"{}\">\u00a0<\/span><\/h5>\n<h5><span data-contrast=\"auto\">Seitenzahl 450<\/span><span data-ccp-props=\"{}\">\u00a0<\/span><\/h5>\n<h5><span data-contrast=\"auto\">Verlag Bildner Verlag<\/span><span data-ccp-props=\"{}\">\u00a0<\/span><\/h5>\n<h5><span data-contrast=\"auto\">ISBN 978-3-8328-0533-3<\/span><span data-ccp-props=\"{}\">\u00a0<\/span><\/h5>\n<h5><span data-contrast=\"auto\">12,90 \u20ac inkl. gesetzl. MwSt.<\/span><span data-ccp-props=\"{}\">\u00a0<\/span><\/h5>\n","protected":false},"excerpt":{"rendered":"<p>Lernen Sie Access von Grund auf verstehen und sicher nutzen! Leicht nachvollziehbare Anleitungen und anschauliche Beispiele helfen Ihnen dabei, Datenbanken anzupassen sowie selbst neu zu konzipieren. Systematisch erl\u00e4utert die Autorin den Entwurf einer Tabelle und das Erstellen von Beziehungen zwischen Tabellen. Sie zeigt Ihnen, wie Sie Daten eingeben und verschiedene Abfragetechniken anwenden. Erfahren Sie, wie [&hellip;]<\/p>\n","protected":false},"featured_media":331,"template":"","meta":[],"product_cat":[],"product_tag":[],"class_list":{"0":"post-265","1":"product","2":"type-product","3":"status-publish","4":"has-post-thumbnail","7":"first","8":"instock","9":"taxable","10":"shipping-taxable","11":"purchasable","12":"product-type-simple"},"_links":{"self":[{"href":"https:\/\/actionmall.act.at\/shop\/18\/wp-json\/wp\/v2\/product\/265"}],"collection":[{"href":"https:\/\/actionmall.act.at\/shop\/18\/wp-json\/wp\/v2\/product"}],"about":[{"href":"https:\/\/actionmall.act.at\/shop\/18\/wp-json\/wp\/v2\/types\/product"}],"wp:featuredmedia":[{"embeddable":true,"href":"https:\/\/actionmall.act.at\/shop\/18\/wp-json\/wp\/v2\/media\/331"}],"wp:attachment":[{"href":"https:\/\/actionmall.act.at\/shop\/18\/wp-json\/wp\/v2\/media?parent=265"}],"wp:term":[{"taxonomy":"product_cat","embeddable":true,"href":"https:\/\/actionmall.act.at\/shop\/18\/wp-json\/wp\/v2\/product_cat?post=265"},{"taxonomy":"product_tag","embeddable":true,"href":"https:\/\/actionmall.act.at\/shop\/18\/wp-json\/wp\/v2\/product_tag?post=265"}],"curies":[{"name":"wp","href":"https:\/\/api.w.org\/{rel}","templated":true}]}}