{"id":272,"date":"2024-11-21T16:10:42","date_gmt":"2024-11-21T15:10:42","guid":{"rendered":"https:\/\/actionmall.act.at\/shop\/18\/?post_type=product&#038;p=272"},"modified":"2025-11-18T11:44:38","modified_gmt":"2025-11-18T10:44:38","slug":"kal-04-power-bi-mit-excel","status":"publish","type":"product","link":"https:\/\/actionmall.act.at\/shop\/18\/produkt\/kal-04-power-bi-mit-excel\/","title":{"rendered":"KAL-04 Power BI mit Excel"},"content":{"rendered":"<p><span class=\"TextRun SCXW6817126 BCX8\" lang=\"DE-DE\" xml:lang=\"DE-DE\" data-contrast=\"auto\"><span class=\"NormalTextRun SCXW6817126 BCX8\">Dank Power BI lassen sich mit Excel auch gro\u00dfe Datenmengen analysieren und aufbereiten. Mit diesem Buch erhalten Sie alles, was Sie f\u00fcr den Arbeitsalltag ben\u00f6tigen: umfassende und verst\u00e4ndliche Erkl\u00e4rungen anhand anschaulicher Praxisszenarien.\u202f<\/span><span class=\"NormalTextRun SCXW6817126 BCX8\">Stephan<\/span><span class=\"NormalTextRun SCXW6817126 BCX8\">\u202fNelles zeigt Ihnen den Umgang mit Rohdaten aus unterschiedlichen Datenquellen und deren Bereinigung, Verkn\u00fcpfung, Analyse und Visualisierung. Sie erfahren, wie Ihnen das Zusammenspiel von Excel mit Power Query, Power Pivot und Power BI Desktop effizient gelingt.<\/span><\/span><span class=\"EOP SCXW6817126 BCX8\" data-ccp-props=\"{}\">\u00a0<\/span><\/p>\n","protected":false},"excerpt":{"rendered":"<p>Dank Power BI lassen sich mit Excel auch gro\u00dfe Datenmengen analysieren und aufbereiten. Mit diesem Buch erhalten Sie alles, was Sie f\u00fcr den Arbeitsalltag ben\u00f6tigen: umfassende und verst\u00e4ndliche Erkl\u00e4rungen anhand anschaulicher Praxisszenarien.\u202fStephan\u202fNelles zeigt Ihnen den Umgang mit Rohdaten aus unterschiedlichen Datenquellen und deren Bereinigung, Verkn\u00fcpfung, Analyse und Visualisierung. Sie erfahren, wie Ihnen das Zusammenspiel von [&hellip;]<\/p>\n","protected":false},"featured_media":273,"template":"","meta":[],"product_cat":[],"product_tag":[],"class_list":{"0":"post-272","1":"product","2":"type-product","3":"status-publish","4":"has-post-thumbnail","7":"first","8":"instock","9":"taxable","10":"shipping-taxable","11":"purchasable","12":"product-type-simple"},"_links":{"self":[{"href":"https:\/\/actionmall.act.at\/shop\/18\/wp-json\/wp\/v2\/product\/272"}],"collection":[{"href":"https:\/\/actionmall.act.at\/shop\/18\/wp-json\/wp\/v2\/product"}],"about":[{"href":"https:\/\/actionmall.act.at\/shop\/18\/wp-json\/wp\/v2\/types\/product"}],"wp:featuredmedia":[{"embeddable":true,"href":"https:\/\/actionmall.act.at\/shop\/18\/wp-json\/wp\/v2\/media\/273"}],"wp:attachment":[{"href":"https:\/\/actionmall.act.at\/shop\/18\/wp-json\/wp\/v2\/media?parent=272"}],"wp:term":[{"taxonomy":"product_cat","embeddable":true,"href":"https:\/\/actionmall.act.at\/shop\/18\/wp-json\/wp\/v2\/product_cat?post=272"},{"taxonomy":"product_tag","embeddable":true,"href":"https:\/\/actionmall.act.at\/shop\/18\/wp-json\/wp\/v2\/product_tag?post=272"}],"curies":[{"name":"wp","href":"https:\/\/api.w.org\/{rel}","templated":true}]}}