{"id":280,"date":"2024-11-21T16:22:23","date_gmt":"2024-11-21T15:22:23","guid":{"rendered":"https:\/\/actionmall.act.at\/shop\/18\/?post_type=product&#038;p=280"},"modified":"2025-11-18T11:50:42","modified_gmt":"2025-11-18T10:50:42","slug":"web-02-ab-ins-netz","status":"publish","type":"product","link":"https:\/\/actionmall.act.at\/shop\/18\/produkt\/web-02-ab-ins-netz\/","title":{"rendered":"WEB-02 Ab ins Netz"},"content":{"rendered":"<p><span data-contrast=\"auto\">Ab ins Netz?!<\/span><span data-ccp-props=\"{}\">\u00a0<\/span><\/p>\n<p><span data-contrast=\"auto\">Digitale Kompetenz schl\u00e4gt digitale Demenz! Hilfe: Mein Kind will vor den Bildschirm! Irgendwann ist es so weit, der Nachwuchs soll einen Einstieg in die digitale Welt finden. Eltern f\u00fcrchten dort allerhand Gefahren &#8211; reale und weniger reale. Sich-Heraushalten oder Kontrolle scheinen oft die einzigen Alternativen. Katja Reim wei\u00df, dass es auch anders geht. Sie erz\u00e4hlt mit viel Know-How und Selbstironie, wie man Kinder schon im Kindergartenalter auf virtuelle Spielpl\u00e4tze begleiten kann. Dann sind sie n\u00e4mlich sicher unterwegs, wenn sie sp\u00e4ter nichts mehr auf den Rat der Eltern geben.<\/span><span data-ccp-props=\"{}\">\u00a0<\/span><\/p>\n<p><span data-ccp-props=\"{}\">\u00a0<\/span><\/p>\n<ol start=\"2017\">\n<li><span data-contrast=\"auto\"> Buch. 223 S. Softcover<\/span><\/li>\n<\/ol>\n<p><span data-contrast=\"auto\">K\u00f6sel-Verlag ISBN\u202f978-3-466-31079-1\u00a0<\/span><span data-ccp-props=\"{}\">\u00a0<\/span><\/p>\n<p><span data-contrast=\"auto\">Format (B x L): 13.6 x 21.6 cm<\/span><span data-ccp-props=\"{}\">\u00a0<\/span><\/p>\n<p><span data-contrast=\"auto\">Gewicht: 355 g<\/span><span data-ccp-props=\"{}\">\u00a0<\/span><\/p>\n","protected":false},"excerpt":{"rendered":"<p>Ab ins Netz?!\u00a0 Digitale Kompetenz schl\u00e4gt digitale Demenz! Hilfe: Mein Kind will vor den Bildschirm! Irgendwann ist es so weit, der Nachwuchs soll einen Einstieg in die digitale Welt finden. Eltern f\u00fcrchten dort allerhand Gefahren &#8211; reale und weniger reale. Sich-Heraushalten oder Kontrolle scheinen oft die einzigen Alternativen. Katja Reim wei\u00df, dass es auch anders [&hellip;]<\/p>\n","protected":false},"featured_media":282,"template":"","meta":[],"product_cat":[],"product_tag":[],"class_list":{"0":"post-280","1":"product","2":"type-product","3":"status-publish","4":"has-post-thumbnail","7":"first","8":"instock","9":"taxable","10":"shipping-taxable","11":"purchasable","12":"product-type-simple"},"_links":{"self":[{"href":"https:\/\/actionmall.act.at\/shop\/18\/wp-json\/wp\/v2\/product\/280"}],"collection":[{"href":"https:\/\/actionmall.act.at\/shop\/18\/wp-json\/wp\/v2\/product"}],"about":[{"href":"https:\/\/actionmall.act.at\/shop\/18\/wp-json\/wp\/v2\/types\/product"}],"wp:featuredmedia":[{"embeddable":true,"href":"https:\/\/actionmall.act.at\/shop\/18\/wp-json\/wp\/v2\/media\/282"}],"wp:attachment":[{"href":"https:\/\/actionmall.act.at\/shop\/18\/wp-json\/wp\/v2\/media?parent=280"}],"wp:term":[{"taxonomy":"product_cat","embeddable":true,"href":"https:\/\/actionmall.act.at\/shop\/18\/wp-json\/wp\/v2\/product_cat?post=280"},{"taxonomy":"product_tag","embeddable":true,"href":"https:\/\/actionmall.act.at\/shop\/18\/wp-json\/wp\/v2\/product_tag?post=280"}],"curies":[{"name":"wp","href":"https:\/\/api.w.org\/{rel}","templated":true}]}}