{"id":293,"date":"2024-11-28T15:00:30","date_gmt":"2024-11-28T14:00:30","guid":{"rendered":"https:\/\/actionmall.act.at\/shop\/18\/?post_type=product&#038;p=293"},"modified":"2025-11-18T11:48:03","modified_gmt":"2025-11-18T10:48:03","slug":"chatgpt-fuer-dummies","status":"publish","type":"product","link":"https:\/\/actionmall.act.at\/shop\/18\/produkt\/chatgpt-fuer-dummies\/","title":{"rendered":"SOM-01 ChatGPT f\u00fcr Dummies"},"content":{"rendered":"<p>Profitieren auch Sie von den wunderbaren F\u00e4higkeiten von ChatGPT. Pam Baker erkl\u00e4rt Ihnen, wie ChatGPT funktioniert und wie Sie den Chatbot gewinnbringend einsetzen &#8211; sei es bei der Texterstellung f\u00fcr Werbezwecke, der Kundenbetreuung auf einer Webseite oder f\u00fcr die Beantwortung all jener Fragen, auf die Sie bisher keine Antwort gefunden haben. Sie lernen die St\u00e4rken und Schw\u00e4chen des Tools kennen. So k\u00f6nnen Sie besser einsch\u00e4tzen, wo es Ihnen nutzt und wo Sie besser weiter arbeiten wie bisher. Erschlie\u00dfen Sie das Potenzial von ChatGPT!<\/p>\n","protected":false},"excerpt":{"rendered":"<p>Profitieren auch Sie von den wunderbaren F\u00e4higkeiten von ChatGPT. Pam Baker erkl\u00e4rt Ihnen, wie ChatGPT funktioniert und wie Sie den Chatbot gewinnbringend einsetzen &#8211; sei es bei der Texterstellung f\u00fcr Werbezwecke, der Kundenbetreuung auf einer Webseite oder f\u00fcr die Beantwortung all jener Fragen, auf die Sie bisher keine Antwort gefunden haben. Sie lernen die St\u00e4rken [&hellip;]<\/p>\n","protected":false},"featured_media":295,"template":"","meta":[],"product_cat":[],"product_tag":[],"class_list":{"0":"post-293","1":"product","2":"type-product","3":"status-publish","4":"has-post-thumbnail","7":"first","8":"instock","9":"taxable","10":"shipping-taxable","11":"purchasable","12":"product-type-simple"},"_links":{"self":[{"href":"https:\/\/actionmall.act.at\/shop\/18\/wp-json\/wp\/v2\/product\/293"}],"collection":[{"href":"https:\/\/actionmall.act.at\/shop\/18\/wp-json\/wp\/v2\/product"}],"about":[{"href":"https:\/\/actionmall.act.at\/shop\/18\/wp-json\/wp\/v2\/types\/product"}],"wp:featuredmedia":[{"embeddable":true,"href":"https:\/\/actionmall.act.at\/shop\/18\/wp-json\/wp\/v2\/media\/295"}],"wp:attachment":[{"href":"https:\/\/actionmall.act.at\/shop\/18\/wp-json\/wp\/v2\/media?parent=293"}],"wp:term":[{"taxonomy":"product_cat","embeddable":true,"href":"https:\/\/actionmall.act.at\/shop\/18\/wp-json\/wp\/v2\/product_cat?post=293"},{"taxonomy":"product_tag","embeddable":true,"href":"https:\/\/actionmall.act.at\/shop\/18\/wp-json\/wp\/v2\/product_tag?post=293"}],"curies":[{"name":"wp","href":"https:\/\/api.w.org\/{rel}","templated":true}]}}