{"id":301,"date":"2025-01-16T13:35:29","date_gmt":"2025-01-16T12:35:29","guid":{"rendered":"https:\/\/actionmall.act.at\/shop\/18\/?post_type=product&#038;p=301"},"modified":"2025-11-18T11:48:17","modified_gmt":"2025-11-18T10:48:17","slug":"microsoft-teams-in-vollem-umfang-und-sicher-einsetzen","status":"publish","type":"product","link":"https:\/\/actionmall.act.at\/shop\/18\/produkt\/microsoft-teams-in-vollem-umfang-und-sicher-einsetzen\/","title":{"rendered":"BUE-08 Microsoft Teams Praxis-Handbuch"},"content":{"rendered":"<p>Microsoft Teams ist ein chatbasierter Arbeitsraum f\u00fcr die effiziente Kommunikation und Zusammenarbeit im Team sowie f\u00fcr die praktische Verwaltung gemeinsamer Daten. Die Software ist cloudbasiert und kann von \u00fcberall genutzt werden egal ob Sie diese im Homeoffice oder im B\u00fcro einsetzen.<\/p>\n<p>Mit diesem Buch erhalten Sie eine praxisnahe Anleitung f\u00fcr die Arbeit mit Microsoft Teams. Der Autor zeigt Ihnen, wie Sie ganz einfach eine individuell angepasste und gut strukturierte Umgebung f\u00fcr die t\u00e4gliche Zusammenarbeit mit Ihren Kollegen einrichten und die Plattform im Arbeitsalltag f\u00fcr Chats und Besprechungen nutzen k\u00f6nnen.<\/p>\n<p>Der Aufbau des Buches richtet sich nach der 8-Schritte-Methode des Autors, mit der er Ihnen zeigt, wie Sie organisatorisch beim Planen und Anlegen eines Teams vorgehen, sodass Sie von Grund auf die besten Voraussetzungen f\u00fcr effiziente Teamarbeit schaffen. Von der Konfiguration eines Teams \u00fcber dessen sinnvolle Strukturierung mit Kan\u00e4len bis hin zum Datei- und Aufgabenmanagement lernen Sie, das volle Potenzial des Tools optimal auszusch\u00f6pfen.<\/p>\n<p>Au\u00dferdem erhalten Sie zahlreiche Tipps dazu, wie Sie Ihre Arbeit im Team besser organisieren k\u00f6nnen, z.B. indem Sie Teamregeln festlegen oder weitere Microsoft-Tools bzw. -Apps integrieren.<\/p>\n<p>Aus dem Inhalt:<br \/>\nEin Team planen, erstellen, konfigurieren und mit Kan\u00e4len strukturieren<br \/>\nDateien optimal ablegen und gemeinsam bearbeiten<br \/>\nOrdner und Dateien mit dem PC synchronisieren<br \/>\nRollen und Berechtigungen<br \/>\nTeamchats und 1:1-Chats<br \/>\nOnline-Besprechungen (Audio und Video)<br \/>\nSofortbesprechungen und geplante Besprechungen<br \/>\nAufgabenmanagement mit To-Do, Outlook, Planner und SharePoint Aufgaben<br \/>\nMS Teams ohne Office-365-Konto nutzen<br \/>\nFunktionalit\u00e4ten mit Apps erweitern<br \/>\nOneNote-Notizbuch einbinden und produktiv nutzen<\/p>\n","protected":false},"excerpt":{"rendered":"<p>Microsoft Teams ist ein chatbasierter Arbeitsraum f\u00fcr die effiziente Kommunikation und Zusammenarbeit im Team sowie f\u00fcr die praktische Verwaltung gemeinsamer Daten. Die Software ist cloudbasiert und kann von \u00fcberall genutzt werden egal ob Sie diese im Homeoffice oder im B\u00fcro einsetzen. Mit diesem Buch erhalten Sie eine praxisnahe Anleitung f\u00fcr die Arbeit mit Microsoft Teams. [&hellip;]<\/p>\n","protected":false},"featured_media":302,"template":"","meta":[],"product_cat":[],"product_tag":[],"class_list":{"0":"post-301","1":"product","2":"type-product","3":"status-publish","4":"has-post-thumbnail","7":"first","8":"instock","9":"taxable","10":"shipping-taxable","11":"purchasable","12":"product-type-simple"},"_links":{"self":[{"href":"https:\/\/actionmall.act.at\/shop\/18\/wp-json\/wp\/v2\/product\/301"}],"collection":[{"href":"https:\/\/actionmall.act.at\/shop\/18\/wp-json\/wp\/v2\/product"}],"about":[{"href":"https:\/\/actionmall.act.at\/shop\/18\/wp-json\/wp\/v2\/types\/product"}],"wp:featuredmedia":[{"embeddable":true,"href":"https:\/\/actionmall.act.at\/shop\/18\/wp-json\/wp\/v2\/media\/302"}],"wp:attachment":[{"href":"https:\/\/actionmall.act.at\/shop\/18\/wp-json\/wp\/v2\/media?parent=301"}],"wp:term":[{"taxonomy":"product_cat","embeddable":true,"href":"https:\/\/actionmall.act.at\/shop\/18\/wp-json\/wp\/v2\/product_cat?post=301"},{"taxonomy":"product_tag","embeddable":true,"href":"https:\/\/actionmall.act.at\/shop\/18\/wp-json\/wp\/v2\/product_tag?post=301"}],"curies":[{"name":"wp","href":"https:\/\/api.w.org\/{rel}","templated":true}]}}