{"id":317,"date":"2025-02-13T16:34:07","date_gmt":"2025-02-13T15:34:07","guid":{"rendered":"https:\/\/actionmall.act.at\/shop\/18\/?post_type=product&#038;p=317"},"modified":"2026-03-24T14:08:09","modified_gmt":"2026-03-24T13:08:09","slug":"cm-04-influencer-marketing","status":"publish","type":"product","link":"https:\/\/actionmall.act.at\/shop\/18\/produkt\/cm-04-influencer-marketing\/","title":{"rendered":"CM-04 Influencer Marketing"},"content":{"rendered":"<p><b><span data-contrast=\"auto\">Erfolgreich Influencer werden: mehr Reichweite, Follower und Einkommen<\/span><\/b><span data-ccp-props=\"{}\">\u00a0<\/span><\/p>\n<p><span data-contrast=\"auto\">Art.NR.: CM-04<\/span><span data-ccp-props=\"{}\">\u00a0<\/span><\/p>\n<p><span data-contrast=\"auto\">ISBN: 978-3-7475-0242-6<\/span><span data-ccp-props=\"{}\">\u00a0<\/span><\/p>\n<p><span data-contrast=\"auto\">Seitenzahl:304<\/span><span data-ccp-props=\"{}\">\u00a0<\/span><\/p>\n<p><span data-ccp-props=\"{}\">\u00a0<\/span><\/p>\n<ul>\n<li data-leveltext=\"\uf0b7\" data-font=\"Symbol\" data-listid=\"3\" data-list-defn-props=\"{\" data-aria-posinset=\"1\" data-aria-level=\"1\"><b><span data-contrast=\"none\">Die passende Strategie entwickeln: Deine St\u00e4rken und Ziele bestimmen<\/span><\/b><span data-ccp-props=\"{\">\u00a0<\/span><\/li>\n<\/ul>\n<ul>\n<li data-leveltext=\"\uf0b7\" data-font=\"Symbol\" data-listid=\"3\" data-list-defn-props=\"{\" data-aria-posinset=\"2\" data-aria-level=\"1\"><b><span data-contrast=\"none\">In 13 Schritten zu mehr Fans und Bekanntheit<\/span><\/b><span data-ccp-props=\"{\">\u00a0<\/span><\/li>\n<\/ul>\n<ul>\n<li data-leveltext=\"\uf0b7\" data-font=\"Symbol\" data-listid=\"3\" data-list-defn-props=\"{\" data-aria-posinset=\"3\" data-aria-level=\"1\"><b><span data-contrast=\"none\">25 Ideen, dein Einkommen zu steigern<\/span><\/b><span data-ccp-props=\"{\">\u00a0<\/span><\/li>\n<\/ul>\n<ul>\n<li data-leveltext=\"\uf0b7\" data-font=\"Symbol\" data-listid=\"3\" data-list-defn-props=\"{\" data-aria-posinset=\"4\" data-aria-level=\"1\"><b><span data-contrast=\"none\">Mit pers\u00f6nlichen Tipps von 17 Top-Influencern mit bis zu 1,1 Millionen Followern<\/span><\/b><span data-ccp-props=\"{\">\u00a0<\/span><\/li>\n<\/ul>\n<p><span data-contrast=\"none\">M\u00f6chtest du Influencer werden, Spa\u00df haben, dein Leben nach deinen eigenen Vorstellungen gestalten und damit Geld verdienen? Niklas Hartmann ist seit 7 Jahren Influencer-Berater und zeigt dir, wie du Schritt f\u00fcr Schritt vorgehst, um auf Instagram, TikTok und Co. erfolgreich zu sein.<\/span><span data-ccp-props=\"{\">\u00a0<\/span><\/p>\n<p><b><span data-contrast=\"none\">Finde deine Strategie<\/span><\/b><br \/>\n<span data-contrast=\"none\">Der Autor beschreibt die unterschiedlichen Arten von Influencern und hilft dir herauszufinden, welcher Influencer-Typ zu dir passt. Weiterhin erf\u00e4hrst du, welche Plattformen und Zielgruppen sich f\u00fcr deine Vorstellungen eignen. Dar\u00fcber hinaus musst du dich positionieren: Was machen deine Konkurrenten und wie kannst du darauf reagieren?<\/span><span data-ccp-props=\"{\">\u00a0<\/span><\/p>\n<p><b><span data-contrast=\"none\">Setze deinen Plan in die Praxis um<\/span><\/b><br \/>\n<span data-contrast=\"none\">Du lernst, welche Inhalte zu deinen Interessen und deiner Strategie passen und wie du dein Publikum \u00fcberzeugst. Lerne aus deinen Erfahrungen und analysiere, welche Beitr\u00e4ge deine Abonnenten lieben.<\/span><br \/>\n<span data-contrast=\"none\">Du erh\u00e4ltst zahlreiche wertvolle Ratschl\u00e4ge, wie du Follower und Reichweite aufbaust und dir eine loyale Community schaffst. Der Autor zeigt dir, wie du Menschen begeisterst, wertvolle Beziehungen kn\u00fcpfst und mit anderen Influencern kooperierst.<\/span><span data-ccp-props=\"{\">\u00a0<\/span><\/p>\n<p><b><span data-contrast=\"none\">Verdiene Geld mit deiner Arbeit<\/span><\/b><br \/>\n<span data-contrast=\"none\">Der Autor gibt dir zahlreiche Tipps, wie du geeignete Werbepartner findest, mit diesen erfolgreich verhandelst und zusammenarbeitest, um dir ein Netzwerk von Kunden aufzubauen.<\/span><br \/>\n<span data-contrast=\"none\">Zahlreiche Checklisten, Praxistipps &#038; Aufgaben helfen dir, deinen Traum zu verwirklichen. Mit diesem umfassenden Praxisbuch bist du perfekt vorbereitet, um in der Social-Media-Welt zu bestehen.<\/span><span data-ccp-props=\"{\">\u00a0<\/span><\/p>\n<p><b><span data-contrast=\"none\">Mit wertvollen Tipps von Top-Influencern<\/span><\/b><span data-ccp-props=\"{\">\u00a0<\/span><\/p>\n<ul>\n<li data-leveltext=\"\uf0b7\" data-font=\"Symbol\" data-listid=\"4\" data-list-defn-props=\"{\" data-aria-posinset=\"1\" data-aria-level=\"1\"><span data-contrast=\"none\">Fitness &#038; Sport:<\/span><br \/>\n<span data-contrast=\"none\">Olympia-Goldmedaillengewinner Thomas R\u00f6hler, Lisa Be, Jasmin Jour, Mareike Rothfuchs, Roman Rodin, Manuel Teufel<\/span><span data-ccp-props=\"{\">\u00a0<\/span><\/li>\n<\/ul>\n<ul>\n<li data-leveltext=\"\uf0b7\" data-font=\"Symbol\" data-listid=\"4\" data-list-defn-props=\"{\" data-aria-posinset=\"2\" data-aria-level=\"1\"><span data-contrast=\"none\">Mode:<\/span><br \/>\n<span data-contrast=\"none\">Laura Haberl, Sophie Ge\u00dfner, Melissa Deines, Vanessa R\u00f6sner<\/span><span data-ccp-props=\"{\">\u00a0<\/span><\/li>\n<\/ul>\n<ul>\n<li data-leveltext=\"\uf0b7\" data-font=\"Symbol\" data-listid=\"4\" data-list-defn-props=\"{\" data-aria-posinset=\"3\" data-aria-level=\"1\"><span data-contrast=\"none\">Reisen:<\/span><br \/>\n<span data-contrast=\"none\">Hagen Richter, Ella Luibl<\/span><span data-ccp-props=\"{\">\u00a0<\/span><\/li>\n<\/ul>\n<ul>\n<li data-leveltext=\"\uf0b7\" data-font=\"Symbol\" data-listid=\"4\" data-list-defn-props=\"{\" data-aria-posinset=\"4\" data-aria-level=\"1\"><span data-contrast=\"none\">Body Positivity:<\/span><br \/>\n<span data-contrast=\"none\">Kimberly Waldhoff<\/span><span data-ccp-props=\"{\">\u00a0<\/span><\/li>\n<\/ul>\n<ul>\n<li data-leveltext=\"\uf0b7\" data-font=\"Symbol\" data-listid=\"4\" data-list-defn-props=\"{\" data-aria-posinset=\"5\" data-aria-level=\"1\"><span data-contrast=\"none\">Unterhaltung:<\/span><br \/>\n<span data-contrast=\"none\">Laura Soons, Vallixpauline<\/span><span data-ccp-props=\"{\">\u00a0<\/span><\/li>\n<\/ul>\n<ul>\n<li data-leveltext=\"\uf0b7\" data-font=\"Symbol\" data-listid=\"4\" data-list-defn-props=\"{\" data-aria-posinset=\"6\" data-aria-level=\"1\"><span data-contrast=\"none\">Musik:<\/span><br \/>\n<span data-contrast=\"none\">Katarsiz<\/span><span data-ccp-props=\"{\">\u00a0<\/span><\/li>\n<\/ul>\n","protected":false},"excerpt":{"rendered":"<p>Erfolgreich Influencer werden: mehr Reichweite, Follower und Einkommen\u00a0 Art.NR.: CM-04\u00a0 ISBN: 978-3-7475-0242-6\u00a0 Seitenzahl:304\u00a0 \u00a0 Die passende Strategie entwickeln: Deine St\u00e4rken und Ziele bestimmen\u00a0 In 13 Schritten zu mehr Fans und Bekanntheit\u00a0 25 Ideen, dein Einkommen zu steigern\u00a0 Mit pers\u00f6nlichen Tipps von 17 Top-Influencern mit bis zu 1,1 Millionen Followern\u00a0 M\u00f6chtest du Influencer werden, Spa\u00df haben, [&hellip;]<\/p>\n","protected":false},"featured_media":318,"template":"","meta":[],"product_cat":[34],"product_tag":[],"class_list":{"0":"post-317","1":"product","2":"type-product","3":"status-publish","4":"has-post-thumbnail","6":"product_cat-autos-und-fahrzeuge","8":"first","9":"instock","10":"taxable","11":"shipping-taxable","12":"purchasable","13":"product-type-simple"},"_links":{"self":[{"href":"https:\/\/actionmall.act.at\/shop\/18\/wp-json\/wp\/v2\/product\/317"}],"collection":[{"href":"https:\/\/actionmall.act.at\/shop\/18\/wp-json\/wp\/v2\/product"}],"about":[{"href":"https:\/\/actionmall.act.at\/shop\/18\/wp-json\/wp\/v2\/types\/product"}],"wp:featuredmedia":[{"embeddable":true,"href":"https:\/\/actionmall.act.at\/shop\/18\/wp-json\/wp\/v2\/media\/318"}],"wp:attachment":[{"href":"https:\/\/actionmall.act.at\/shop\/18\/wp-json\/wp\/v2\/media?parent=317"}],"wp:term":[{"taxonomy":"product_cat","embeddable":true,"href":"https:\/\/actionmall.act.at\/shop\/18\/wp-json\/wp\/v2\/product_cat?post=317"},{"taxonomy":"product_tag","embeddable":true,"href":"https:\/\/actionmall.act.at\/shop\/18\/wp-json\/wp\/v2\/product_tag?post=317"}],"curies":[{"name":"wp","href":"https:\/\/api.w.org\/{rel}","templated":true}]}}