{"id":320,"date":"2025-03-05T17:49:34","date_gmt":"2025-03-05T16:49:34","guid":{"rendered":"https:\/\/actionmall.act.at\/shop\/18\/?post_type=product&#038;p=320"},"modified":"2025-11-18T11:48:47","modified_gmt":"2025-11-18T10:48:47","slug":"pro-04-foto-und-video-mit-raspberry-pi","status":"publish","type":"product","link":"https:\/\/actionmall.act.at\/shop\/18\/produkt\/pro-04-foto-und-video-mit-raspberry-pi\/","title":{"rendered":"PRO-04 Foto und Video mit Raspberry Pi"},"content":{"rendered":"<p><span class=\"TextRun Highlight SCXW182194176 BCX8\" lang=\"DE-DE\" xml:lang=\"DE-DE\" data-contrast=\"none\"><span class=\"NormalTextRun SCXW182194176 BCX8\">Haben Sie schon dar\u00fcber nachgedacht, Ihre\u202f<\/span><span class=\"NormalTextRun SCXW182194176 BCX8\" data-ccp-charstyle=\"a-text-bold\">Digitalkamera <\/span><span class=\"NormalTextRun ContextualSpellingAndGrammarErrorV2Themed SCXW182194176 BCX8\" data-ccp-charstyle=\"a-text-bold\">fernzusteuern\u202f<\/span><span class=\"NormalTextRun ContextualSpellingAndGrammarErrorV2Themed SCXW182194176 BCX8\">?<\/span><span class=\"NormalTextRun SCXW182194176 BCX8\"> Oder wollten Sie nicht auch schon mal Fotos wie die Profis machen, aber nicht ein Verm\u00f6gen f\u00fcr das Equipment ausgeben?\u202f<\/span><span class=\"NormalTextRun SCXW182194176 BCX8\" data-ccp-charstyle=\"a-text-bold\">Highspeed- Fotografie\u202f<\/span><span class=\"NormalTextRun SCXW182194176 BCX8\">oder\u202f<\/span><span class=\"NormalTextRun SCXW182194176 BCX8\" data-ccp-charstyle=\"a-text-bold\">Focus <\/span><span class=\"NormalTextRun SCXW182194176 BCX8\" data-ccp-charstyle=\"a-text-bold\">Stacking<\/span><span class=\"NormalTextRun SCXW182194176 BCX8\" data-ccp-charstyle=\"a-text-bold\">\u202f<\/span><span class=\"NormalTextRun SCXW182194176 BCX8\">sind faszinierende Techniken, nur wie bekommt man diese als Nicht-Profi hin?<\/span><\/span><span class=\"LineBreakBlob BlobObject DragDrop SCXW182194176 BCX8\"><span class=\"SCXW182194176 BCX8\">\u00a0<\/span><br class=\"SCXW182194176 BCX8\" \/><\/span><span class=\"LineBreakBlob BlobObject DragDrop SCXW182194176 BCX8\"><span class=\"SCXW182194176 BCX8\">\u00a0<\/span><br class=\"SCXW182194176 BCX8\" \/><\/span><span class=\"TextRun Highlight SCXW182194176 BCX8\" lang=\"DE-DE\" xml:lang=\"DE-DE\" data-contrast=\"none\"><span class=\"NormalTextRun SCXW182194176 BCX8\">Der erste Weg zur\u202f<\/span><span class=\"NormalTextRun SCXW182194176 BCX8\" data-ccp-charstyle=\"a-text-bold\">Fernsteuerung einer Digitalkamera\u202f<\/span><span class=\"NormalTextRun SCXW182194176 BCX8\">ist das Fernausl\u00f6sen: Das macht sich der Autor zunutze und dockt mit dem <\/span><span class=\"NormalTextRun SCXW182194176 BCX8\">Raspberry<\/span><span class=\"NormalTextRun SCXW182194176 BCX8\"> Pi an diese Schnittstelle an. Dann k\u00f6nnen Sie Ihre Kamera per Kommandozeile steuern und haben damit den Grundstein f\u00fcr spannende Fotoprojekte gelegt, z. B. f\u00fcr einen Kameraschlitten. Hierf\u00fcr k\u00f6nnen Sie einen alten Scanner umr\u00fcsten und die Kamera darauf befestigen. Das notwendige Wissen f\u00fcr die Ansteuerung der Motoren liefert Ihnen der Autor in einer praxisnahen Beschreibung.<\/span><\/span><span class=\"LineBreakBlob BlobObject DragDrop SCXW182194176 BCX8\"><span class=\"SCXW182194176 BCX8\">\u00a0<\/span><br class=\"SCXW182194176 BCX8\" \/><\/span><span class=\"LineBreakBlob BlobObject DragDrop SCXW182194176 BCX8\"><span class=\"SCXW182194176 BCX8\">\u00a0<\/span><br class=\"SCXW182194176 BCX8\" \/><\/span><span class=\"TextRun Highlight SCXW182194176 BCX8\" lang=\"DE-DE\" xml:lang=\"DE-DE\" data-contrast=\"none\"><span class=\"NormalTextRun SCXW182194176 BCX8\" data-ccp-charstyle=\"a-text-bold\">Ob Focus <\/span><span class=\"NormalTextRun SCXW182194176 BCX8\" data-ccp-charstyle=\"a-text-bold\">Stacking<\/span><span class=\"NormalTextRun SCXW182194176 BCX8\" data-ccp-charstyle=\"a-text-bold\">, Zeitrafferaufnahmen oder auch Highspeed-Fotos:<\/span><\/span><span class=\"LineBreakBlob BlobObject DragDrop SCXW182194176 BCX8\"><span class=\"SCXW182194176 BCX8\">\u00a0<\/span><br class=\"SCXW182194176 BCX8\" \/><\/span><span class=\"TextRun Highlight SCXW182194176 BCX8\" lang=\"DE-DE\" xml:lang=\"DE-DE\" data-contrast=\"none\"><span class=\"NormalTextRun SCXW182194176 BCX8\">Alles wird Realit\u00e4t, mit fertiger Digitalkamera oder dem <\/span><span class=\"NormalTextRun SCXW182194176 BCX8\">Raspberry<\/span><span class=\"NormalTextRun SCXW182194176 BCX8\"> Pi <\/span><span class=\"NormalTextRun SpellingErrorV2Themed SCXW182194176 BCX8\">Camera<\/span><span class=\"NormalTextRun SCXW182194176 BCX8\"> Module dem ersten offiziellen Zubeh\u00f6r von der <\/span><span class=\"NormalTextRun SCXW182194176 BCX8\">Raspberry<\/span><span class=\"NormalTextRun SCXW182194176 BCX8\"> Pi <\/span><span class=\"NormalTextRun SpellingErrorV2Themed SCXW182194176 BCX8\">Foundation<\/span><span class=\"NormalTextRun SCXW182194176 BCX8\">. Da sich Engelhardt nicht mit fertigen Dingen <\/span><span class=\"NormalTextRun ContextualSpellingAndGrammarErrorV2Themed SCXW182194176 BCX8\">zufrieden gibt<\/span><span class=\"NormalTextRun SCXW182194176 BCX8\">, hat er eine komplette Digitalkamera entwickelt. Vom Schaltplan bis zur Firmware. Jeder Schritt ist detailliert beschrieben und die Kamera existiert wirklich. Das optimale Wochenendprojekt!<\/span><\/span><span class=\"LineBreakBlob BlobObject DragDrop SCXW182194176 BCX8\"><span class=\"SCXW182194176 BCX8\">\u00a0<\/span><br class=\"SCXW182194176 BCX8\" \/><\/span><span class=\"LineBreakBlob BlobObject DragDrop SCXW182194176 BCX8\"><span class=\"SCXW182194176 BCX8\">\u00a0<\/span><br class=\"SCXW182194176 BCX8\" \/><\/span><span class=\"TextRun Highlight SCXW182194176 BCX8\" lang=\"DE-DE\" xml:lang=\"DE-DE\" data-contrast=\"none\"><span class=\"NormalTextRun SCXW182194176 BCX8\" data-ccp-charstyle=\"a-text-bold\">Spannende Projekte:<\/span><\/span><span class=\"LineBreakBlob BlobObject DragDrop SCXW182194176 BCX8\"><span class=\"SCXW182194176 BCX8\">\u00a0<\/span><br class=\"SCXW182194176 BCX8\" \/><\/span><span class=\"TextRun Highlight SCXW182194176 BCX8\" lang=\"DE-DE\" xml:lang=\"DE-DE\" data-contrast=\"none\"><span class=\"NormalTextRun SCXW182194176 BCX8\">Das <\/span><span class=\"NormalTextRun SpellingErrorV2Themed SCXW182194176 BCX8\">Camera<\/span><span class=\"NormalTextRun SCXW182194176 BCX8\"> Module l\u00e4sst sich noch f\u00fcr viel mehr einsetzen. Auch in Haus und Garten: Gesichtserkennung f\u00fcr die Haust\u00fcr, Video im Vogelhaus oder auch als Raum\u00fcberwachung. Lassen Sie Ihrer Kreativit\u00e4t freien Lauf und steigen Sie mit Ihrem <\/span><span class=\"NormalTextRun SCXW182194176 BCX8\">Raspberry<\/span><span class=\"NormalTextRun SCXW182194176 BCX8\"> Pi in die Welt der spannenden Foto- und Videoprojekte ein.<\/span><\/span><span class=\"EOP SCXW182194176 BCX8\">\u00a0<\/span><\/p>\n","protected":false},"excerpt":{"rendered":"<p>Haben Sie schon dar\u00fcber nachgedacht, Ihre\u202fDigitalkamera fernzusteuern\u202f? Oder wollten Sie nicht auch schon mal Fotos wie die Profis machen, aber nicht ein Verm\u00f6gen f\u00fcr das Equipment ausgeben?\u202fHighspeed- Fotografie\u202foder\u202fFocus Stacking\u202fsind faszinierende Techniken, nur wie bekommt man diese als Nicht-Profi hin?\u00a0\u00a0Der erste Weg zur\u202fFernsteuerung einer Digitalkamera\u202fist das Fernausl\u00f6sen: Das macht sich der Autor zunutze und dockt mit [&hellip;]<\/p>\n","protected":false},"featured_media":332,"template":"","meta":[],"product_cat":[],"product_tag":[],"class_list":{"0":"post-320","1":"product","2":"type-product","3":"status-publish","4":"has-post-thumbnail","7":"first","8":"instock","9":"taxable","10":"shipping-taxable","11":"purchasable","12":"product-type-simple"},"_links":{"self":[{"href":"https:\/\/actionmall.act.at\/shop\/18\/wp-json\/wp\/v2\/product\/320"}],"collection":[{"href":"https:\/\/actionmall.act.at\/shop\/18\/wp-json\/wp\/v2\/product"}],"about":[{"href":"https:\/\/actionmall.act.at\/shop\/18\/wp-json\/wp\/v2\/types\/product"}],"wp:featuredmedia":[{"embeddable":true,"href":"https:\/\/actionmall.act.at\/shop\/18\/wp-json\/wp\/v2\/media\/332"}],"wp:attachment":[{"href":"https:\/\/actionmall.act.at\/shop\/18\/wp-json\/wp\/v2\/media?parent=320"}],"wp:term":[{"taxonomy":"product_cat","embeddable":true,"href":"https:\/\/actionmall.act.at\/shop\/18\/wp-json\/wp\/v2\/product_cat?post=320"},{"taxonomy":"product_tag","embeddable":true,"href":"https:\/\/actionmall.act.at\/shop\/18\/wp-json\/wp\/v2\/product_tag?post=320"}],"curies":[{"name":"wp","href":"https:\/\/api.w.org\/{rel}","templated":true}]}}