{"id":330,"date":"2025-03-06T14:33:49","date_gmt":"2025-03-06T13:33:49","guid":{"rendered":"https:\/\/actionmall.act.at\/shop\/18\/?post_type=product&#038;p=330"},"modified":"2025-11-18T11:46:42","modified_gmt":"2025-11-18T10:46:42","slug":"db-04-datenbankentwicklung-lernen-mit-sql-server-2016","status":"publish","type":"product","link":"https:\/\/actionmall.act.at\/shop\/18\/produkt\/db-04-datenbankentwicklung-lernen-mit-sql-server-2016\/","title":{"rendered":"DB-04 Datenbankentwicklung lernen mit SQL Server 2016"},"content":{"rendered":"<p>Datenbankentwicklung lernen mit SQL Server 2022<\/p>\n<p>Art.Nr: Db-04<\/p>\n<p>Seitenzahl: 572<\/p>\n<p>Verlag: O&#8217;Reilly<\/p>\n<p>ISBN: 978-3-96009-222-3<\/p>\n<p>39,90 \u20ac inkl. gesetzl. MwSt.<\/p>\n<p>Beschreibung<\/p>\n<p>Alles, was ein gutes Lehrbuch bieten sollte: Klar definierte Lernziele, anschauliche Beispiele und viele praktische \u00dcbungsaufgaben<\/p>\n<p>Aktualisierte Neuauflage der bew\u00e4hrten Einf\u00fchrung in die Datenbankentwicklung<\/p>\n<p>Jetzt komplett \u00fcberarbeitet und an alle Neuerungen der SQL-Server-Version von 2022 angepasst<\/p>\n<p>Wenn Sie tiefer in die Datenbankentwicklung mit einem professionellen Datenbankserver einsteigen wollen, ist dieses Buch genau das Richtige f\u00fcr Sie. Es vermittelt leicht verst\u00e4ndlich sowohl die Datenbankgrundlagen als auch das Programmierwissen, das Sie ben\u00f6tigen, um die umfangreichen M\u00f6glichkeiten von SQL Server 2022 zu nutzen.<\/p>\n<p>Aufgrund des didaktisch durchdachten Konzepts mit vielen \u00dcbungen und Praxistipps erm\u00f6glicht dieses Buch Ihnen eine fundierte Einarbeitung in die Entwicklung von Datenbanken. Es basiert auf der kostenfrei erh\u00e4ltlichen Version SQL Server 2022 Express, eignet sich aber auch f\u00fcr gr\u00f6\u00dfere SQL-Server-Editionen.<\/p>\n","protected":false},"excerpt":{"rendered":"<p>Datenbankentwicklung lernen mit SQL Server 2022 Art.Nr: Db-04 Seitenzahl: 572 Verlag: O&#8217;Reilly ISBN: 978-3-96009-222-3 39,90 \u20ac inkl. gesetzl. MwSt. Beschreibung Alles, was ein gutes Lehrbuch bieten sollte: Klar definierte Lernziele, anschauliche Beispiele und viele praktische \u00dcbungsaufgaben Aktualisierte Neuauflage der bew\u00e4hrten Einf\u00fchrung in die Datenbankentwicklung Jetzt komplett \u00fcberarbeitet und an alle Neuerungen der SQL-Server-Version von 2022 [&hellip;]<\/p>\n","protected":false},"featured_media":337,"template":"","meta":[],"product_cat":[],"product_tag":[],"class_list":{"0":"post-330","1":"product","2":"type-product","3":"status-publish","4":"has-post-thumbnail","7":"first","8":"instock","9":"taxable","10":"shipping-taxable","11":"purchasable","12":"product-type-simple"},"_links":{"self":[{"href":"https:\/\/actionmall.act.at\/shop\/18\/wp-json\/wp\/v2\/product\/330"}],"collection":[{"href":"https:\/\/actionmall.act.at\/shop\/18\/wp-json\/wp\/v2\/product"}],"about":[{"href":"https:\/\/actionmall.act.at\/shop\/18\/wp-json\/wp\/v2\/types\/product"}],"wp:featuredmedia":[{"embeddable":true,"href":"https:\/\/actionmall.act.at\/shop\/18\/wp-json\/wp\/v2\/media\/337"}],"wp:attachment":[{"href":"https:\/\/actionmall.act.at\/shop\/18\/wp-json\/wp\/v2\/media?parent=330"}],"wp:term":[{"taxonomy":"product_cat","embeddable":true,"href":"https:\/\/actionmall.act.at\/shop\/18\/wp-json\/wp\/v2\/product_cat?post=330"},{"taxonomy":"product_tag","embeddable":true,"href":"https:\/\/actionmall.act.at\/shop\/18\/wp-json\/wp\/v2\/product_tag?post=330"}],"curies":[{"name":"wp","href":"https:\/\/api.w.org\/{rel}","templated":true}]}}