{"id":345,"date":"2025-03-06T14:37:53","date_gmt":"2025-03-06T13:37:53","guid":{"rendered":"https:\/\/actionmall.act.at\/shop\/18\/?post_type=product&#038;p=345"},"modified":"2025-11-18T11:45:15","modified_gmt":"2025-11-18T10:45:15","slug":"bs-07-windows-11-powertipps","status":"publish","type":"product","link":"https:\/\/actionmall.act.at\/shop\/18\/produkt\/bs-07-windows-11-powertipps\/","title":{"rendered":"BS-07 Windows 11-Powertipps"},"content":{"rendered":"<p><span data-contrast=\"auto\">Windows 11 Power-Tipps &#8211; viele Insider Tipps rund um Windows<\/span><br \/>\n<span data-contrast=\"none\">In diesen Power-Tipps hat Windows-Experte Wolfram Gieseke neue Tricks aus seinem Blog-Alltag f\u00fcr Sie zusammengestellt.<\/span><span data-contrast=\"auto\"> Der Autor wei\u00df aufgrund vieler Anfragen in seinem Blog, wo die Fehlerquellen liegen, und zeigt konkrete L\u00f6sungswege auf. <\/span><span data-contrast=\"none\">Ob ein externes Ger\u00e4t nicht erkannt wird, Programme nicht mehr wie gewohnt laufen oder ein Ihnen unbekannter Update-Fehler auftritt:<\/span><br \/>\n<span data-contrast=\"none\">Wenn Sie den unterschiedlichen Fehlermeldungen selbst auf den Grund gehen m\u00f6chten, hilft Ihnen dieses Buch weiter.<\/span><\/p>\n<p><span data-contrast=\"auto\">Dieses Buch ber\u00fccksichtigt alle Windows 11 Editionen. <\/span><span data-contrast=\"none\">Das detaillierte Inhaltsverzeichnis sowie ein ausf\u00fchrliches Stichwortverzeichnis machen alle Informationen leicht auffindbar.<\/span><\/p>\n<p><span data-contrast=\"none\">F\u00fcr PC, Notebook und Tablet <\/span><span data-contrast=\"auto\">Aus dem Inhalt:<\/span><br \/>\n<span data-contrast=\"none\">&#8211; Spezielle Installationsmethoden<\/span><br \/>\n<span data-contrast=\"none\">&#8211; Diagnose und Reparatur<\/span><br \/>\n<span data-contrast=\"none\">&#8211; Update- und Treiber-Management<\/span><br \/>\n<span data-contrast=\"none\">&#8211; Partitionierung und Datentr\u00e4gerverwaltung<\/span><br \/>\n<span data-contrast=\"none\">&#8211; Benutzerverwaltung und Zugriffskontrolle<\/span><br \/>\n<span data-contrast=\"none\">&#8211; Netzwerk, Internet, Sicherheit<\/span><br \/>\n<span data-contrast=\"none\">&#8211; Virtualisierung<\/span><br \/>\n<span data-contrast=\"none\">&#8211; Windows-Troubleshooting<\/span><span data-ccp-props=\"{}\">\u00a0<\/span><\/p>\n<p><span data-contrast=\"none\">Preis: 20,60 \u20ac inkl. USt<\/span><span data-ccp-props=\"{}\">\u00a0<\/span><\/p>\n<p><span data-contrast=\"none\">ISBN: 978-3959825160<\/span><span data-ccp-props=\"{}\">\u00a0<\/span><\/p>\n<p><span data-contrast=\"none\">Seitenzahl: 544<\/span><span data-ccp-props=\"{}\">\u00a0<\/span><\/p>\n<p><span data-contrast=\"none\">Verlag: Markt + Technik Verlag<\/span><span data-ccp-props=\"{}\">\u00a0<\/span><\/p>\n<p><span data-contrast=\"none\">Art: Nr.: BS-07<\/span><span data-ccp-props=\"{}\">\u00a0<\/span><\/p>\n","protected":false},"excerpt":{"rendered":"<p>Windows 11 Power-Tipps &#8211; viele Insider Tipps rund um Windows In diesen Power-Tipps hat Windows-Experte Wolfram Gieseke neue Tricks aus seinem Blog-Alltag f\u00fcr Sie zusammengestellt. Der Autor wei\u00df aufgrund vieler Anfragen in seinem Blog, wo die Fehlerquellen liegen, und zeigt konkrete L\u00f6sungswege auf. Ob ein externes Ger\u00e4t nicht erkannt wird, Programme nicht mehr wie gewohnt [&hellip;]<\/p>\n","protected":false},"featured_media":346,"template":"","meta":[],"product_cat":[],"product_tag":[],"class_list":{"0":"post-345","1":"product","2":"type-product","3":"status-publish","4":"has-post-thumbnail","7":"first","8":"instock","9":"taxable","10":"shipping-taxable","11":"purchasable","12":"product-type-simple"},"_links":{"self":[{"href":"https:\/\/actionmall.act.at\/shop\/18\/wp-json\/wp\/v2\/product\/345"}],"collection":[{"href":"https:\/\/actionmall.act.at\/shop\/18\/wp-json\/wp\/v2\/product"}],"about":[{"href":"https:\/\/actionmall.act.at\/shop\/18\/wp-json\/wp\/v2\/types\/product"}],"wp:featuredmedia":[{"embeddable":true,"href":"https:\/\/actionmall.act.at\/shop\/18\/wp-json\/wp\/v2\/media\/346"}],"wp:attachment":[{"href":"https:\/\/actionmall.act.at\/shop\/18\/wp-json\/wp\/v2\/media?parent=345"}],"wp:term":[{"taxonomy":"product_cat","embeddable":true,"href":"https:\/\/actionmall.act.at\/shop\/18\/wp-json\/wp\/v2\/product_cat?post=345"},{"taxonomy":"product_tag","embeddable":true,"href":"https:\/\/actionmall.act.at\/shop\/18\/wp-json\/wp\/v2\/product_tag?post=345"}],"curies":[{"name":"wp","href":"https:\/\/api.w.org\/{rel}","templated":true}]}}