{"id":384,"date":"2025-04-03T14:15:58","date_gmt":"2025-04-03T12:15:58","guid":{"rendered":"https:\/\/actionmall.act.at\/shop\/18\/?post_type=product&#038;p=384"},"modified":"2025-11-18T11:41:02","modified_gmt":"2025-11-18T10:41:02","slug":"vid-02-videos-mit-dem-smartphone","status":"publish","type":"product","link":"https:\/\/actionmall.act.at\/shop\/18\/produkt\/vid-02-videos-mit-dem-smartphone\/","title":{"rendered":"VID-02 Videos mit dem Smartphone"},"content":{"rendered":"<p><span data-contrast=\"auto\">Lernen Sie Geschichten zu erz\u00e4hlen per Smartphone- Video \u2013 von Planung und Aufnahmekonzept \u00fcber den Dreh bis zur Postproduktion auf iPhone oder iPad. Unter Anleitung von Mobile Journalism-Profi Robb Montgomery kommen Sie schnell zu ersten Ergebnissen. Kapitel f\u00fcr Kapitel verr\u00e4t er Ihnen Praxisrezepte f\u00fcr verschiedenste Genres \u2013 unter anderem Portr\u00e4t, Interview, Erkl\u00e4r-, Unboxing-, Food- oder 360\u00b0-Video sowie Livestreaming und Studioproduktionen.<\/span><span data-ccp-props=\"{}\">\u00a0<\/span><\/p>\n<p><span data-contrast=\"auto\">Die n\u00f6tigen filmischen und journalistischen Grundlagen f\u00fcr packendes Storytelling sowie das Arbeiten mit Apps zum Filmen, Texten, zur Nachbearbeitung und zur Erstellung von Video-\/Foto-Collagen f\u00fcr Social Media erlernen Sie fast nebenbei.<\/span><span data-ccp-props=\"{}\">\u00a0<\/span><\/p>\n","protected":false},"excerpt":{"rendered":"<p>Lernen Sie Geschichten zu erz\u00e4hlen per Smartphone- Video \u2013 von Planung und Aufnahmekonzept \u00fcber den Dreh bis zur Postproduktion auf iPhone oder iPad. Unter Anleitung von Mobile Journalism-Profi Robb Montgomery kommen Sie schnell zu ersten Ergebnissen. Kapitel f\u00fcr Kapitel verr\u00e4t er Ihnen Praxisrezepte f\u00fcr verschiedenste Genres \u2013 unter anderem Portr\u00e4t, Interview, Erkl\u00e4r-, Unboxing-, Food- oder [&hellip;]<\/p>\n","protected":false},"featured_media":385,"template":"","meta":[],"product_cat":[],"product_tag":[],"class_list":{"0":"post-384","1":"product","2":"type-product","3":"status-publish","4":"has-post-thumbnail","7":"first","8":"instock","9":"taxable","10":"shipping-taxable","11":"purchasable","12":"product-type-simple"},"_links":{"self":[{"href":"https:\/\/actionmall.act.at\/shop\/18\/wp-json\/wp\/v2\/product\/384"}],"collection":[{"href":"https:\/\/actionmall.act.at\/shop\/18\/wp-json\/wp\/v2\/product"}],"about":[{"href":"https:\/\/actionmall.act.at\/shop\/18\/wp-json\/wp\/v2\/types\/product"}],"wp:featuredmedia":[{"embeddable":true,"href":"https:\/\/actionmall.act.at\/shop\/18\/wp-json\/wp\/v2\/media\/385"}],"wp:attachment":[{"href":"https:\/\/actionmall.act.at\/shop\/18\/wp-json\/wp\/v2\/media?parent=384"}],"wp:term":[{"taxonomy":"product_cat","embeddable":true,"href":"https:\/\/actionmall.act.at\/shop\/18\/wp-json\/wp\/v2\/product_cat?post=384"},{"taxonomy":"product_tag","embeddable":true,"href":"https:\/\/actionmall.act.at\/shop\/18\/wp-json\/wp\/v2\/product_tag?post=384"}],"curies":[{"name":"wp","href":"https:\/\/api.w.org\/{rel}","templated":true}]}}