{"id":393,"date":"2025-04-03T14:52:13","date_gmt":"2025-04-03T12:52:13","guid":{"rendered":"https:\/\/actionmall.act.at\/shop\/18\/?post_type=product&#038;p=393"},"modified":"2025-11-18T11:37:19","modified_gmt":"2025-11-18T10:37:19","slug":"gra-01-das-prezi-buch-fuer-spannende-praesentationen","status":"publish","type":"product","link":"https:\/\/actionmall.act.at\/shop\/18\/produkt\/gra-01-das-prezi-buch-fuer-spannende-praesentationen\/","title":{"rendered":"GRA-01 Das Prezi-Buch f\u00fcr spannende Pr\u00e4sentationen\u00a0"},"content":{"rendered":"<p><span class=\"TextRun SCXW218782951 BCX8\" lang=\"DE-DE\" xml:lang=\"DE-DE\" data-contrast=\"auto\"><span class=\"NormalTextRun SCXW218782951 BCX8\">Der praktische Einstieg in <\/span><span class=\"NormalTextRun SCXW218782951 BCX8\">Prezi<\/span><span class=\"NormalTextRun SCXW218782951 BCX8\"> Diese lebendige, visuelle Einf\u00fchrung macht es Ihnen leicht, einen Zugang zu <\/span><span class=\"NormalTextRun SCXW218782951 BCX8\">Prezi<\/span><span class=\"NormalTextRun SCXW218782951 BCX8\"> zu finden. Innerhalb k\u00fcrzester Zeit erfahren Sie, wie Sie eine Pr\u00e4sentation anlegen, mit Inhalten anreichern und ansprechend gestalten. Nat\u00fcrlich lernen Sie auch, wie Sie PowerPoint-Folien, PDF-Dateien, Fotos und Videos einbinden. Welche Story m\u00f6chten Sie erz\u00e4hlen? Anschlie\u00dfend besch\u00e4ftigen Sie sich mit der Dramaturgie der Pr\u00e4sentation. Sie machen sich im Rahmen des sogenannten Story <\/span><span class=\"NormalTextRun SpellingErrorV2Themed SCXW218782951 BCX8\">Stormings<\/span><span class=\"NormalTextRun SCXW218782951 BCX8\"> klar, welche Geschichte Sie mit Ihrer Pr\u00e4sentation erz\u00e4hlen m\u00f6chten, und lernen, wie Sie Ihre Inhalte in diesem Sinne strukturieren. Jede Menge Tipps zum Einsatz von Gestik und Mimik sowie zu Ihrer Rolle als Pr\u00e4sentator runden das Buch ab.<\/span><\/span><span class=\"EOP SCXW218782951 BCX8\" data-ccp-props=\"{\">\u00a0<\/span><\/p>\n","protected":false},"excerpt":{"rendered":"<p>Der praktische Einstieg in Prezi Diese lebendige, visuelle Einf\u00fchrung macht es Ihnen leicht, einen Zugang zu Prezi zu finden. Innerhalb k\u00fcrzester Zeit erfahren Sie, wie Sie eine Pr\u00e4sentation anlegen, mit Inhalten anreichern und ansprechend gestalten. Nat\u00fcrlich lernen Sie auch, wie Sie PowerPoint-Folien, PDF-Dateien, Fotos und Videos einbinden. Welche Story m\u00f6chten Sie erz\u00e4hlen? Anschlie\u00dfend besch\u00e4ftigen Sie [&hellip;]<\/p>\n","protected":false},"featured_media":394,"template":"","meta":[],"product_cat":[],"product_tag":[],"class_list":{"0":"post-393","1":"product","2":"type-product","3":"status-publish","4":"has-post-thumbnail","7":"first","8":"instock","9":"taxable","10":"shipping-taxable","11":"purchasable","12":"product-type-simple"},"_links":{"self":[{"href":"https:\/\/actionmall.act.at\/shop\/18\/wp-json\/wp\/v2\/product\/393"}],"collection":[{"href":"https:\/\/actionmall.act.at\/shop\/18\/wp-json\/wp\/v2\/product"}],"about":[{"href":"https:\/\/actionmall.act.at\/shop\/18\/wp-json\/wp\/v2\/types\/product"}],"wp:featuredmedia":[{"embeddable":true,"href":"https:\/\/actionmall.act.at\/shop\/18\/wp-json\/wp\/v2\/media\/394"}],"wp:attachment":[{"href":"https:\/\/actionmall.act.at\/shop\/18\/wp-json\/wp\/v2\/media?parent=393"}],"wp:term":[{"taxonomy":"product_cat","embeddable":true,"href":"https:\/\/actionmall.act.at\/shop\/18\/wp-json\/wp\/v2\/product_cat?post=393"},{"taxonomy":"product_tag","embeddable":true,"href":"https:\/\/actionmall.act.at\/shop\/18\/wp-json\/wp\/v2\/product_tag?post=393"}],"curies":[{"name":"wp","href":"https:\/\/api.w.org\/{rel}","templated":true}]}}