{"id":437,"date":"2025-05-15T15:35:50","date_gmt":"2025-05-15T13:35:50","guid":{"rendered":"https:\/\/actionmall.act.at\/shop\/18\/?post_type=product&#038;p=437"},"modified":"2025-11-18T11:26:53","modified_gmt":"2025-11-18T10:26:53","slug":"web-09","status":"publish","type":"product","link":"https:\/\/actionmall.act.at\/shop\/18\/produkt\/web-09\/","title":{"rendered":"WEB-09 Bloggen f\u00fcr Einsteiger"},"content":{"rendered":"<p><strong>WEB-09 Bloggen f\u00fcr Einsteiger<\/strong><\/p>\n<p>Yvonne Kraus hat schon viele erfolgreiche Blogs an den Start gebracht und kennt die Fragen der angehenden Bloggerinnen und Blogger. Mit Ihrem Ratgeber hast du eine Anleitung an der Hand, um schnell deinen Blog mit WordPress zu erstellen und die ersten Besucher anzusprechen. Dabei lernst du alle Facetten des Bloggens kennen. Schritt-f\u00fcr-Schritt-Anleitungen und bew\u00e4hrte Tipps aus der Praxis unterst\u00fctzen dich dabei. Inkl. Schreibschule, Rechtsfragen, Marketing mit Social Media, SEO, Community Aufbau und WooCommerce.<\/p>\n<p>ISBN 978-3-8362-8318-2<\/p>\n<p>Seitenzahl 363<\/p>\n<p>Verlag Rheinwerk<\/p>\n","protected":false},"excerpt":{"rendered":"<p>WEB-09 Bloggen f\u00fcr Einsteiger Yvonne Kraus hat schon viele erfolgreiche Blogs an den Start gebracht und kennt die Fragen der angehenden Bloggerinnen und Blogger. Mit Ihrem Ratgeber hast du eine Anleitung an der Hand, um schnell deinen Blog mit WordPress zu erstellen und die ersten Besucher anzusprechen. Dabei lernst du alle Facetten des Bloggens kennen. [&hellip;]<\/p>\n","protected":false},"featured_media":442,"template":"","meta":[],"product_cat":[],"product_tag":[],"class_list":{"0":"post-437","1":"product","2":"type-product","3":"status-publish","4":"has-post-thumbnail","7":"first","8":"instock","9":"taxable","10":"shipping-taxable","11":"purchasable","12":"product-type-simple"},"_links":{"self":[{"href":"https:\/\/actionmall.act.at\/shop\/18\/wp-json\/wp\/v2\/product\/437"}],"collection":[{"href":"https:\/\/actionmall.act.at\/shop\/18\/wp-json\/wp\/v2\/product"}],"about":[{"href":"https:\/\/actionmall.act.at\/shop\/18\/wp-json\/wp\/v2\/types\/product"}],"wp:featuredmedia":[{"embeddable":true,"href":"https:\/\/actionmall.act.at\/shop\/18\/wp-json\/wp\/v2\/media\/442"}],"wp:attachment":[{"href":"https:\/\/actionmall.act.at\/shop\/18\/wp-json\/wp\/v2\/media?parent=437"}],"wp:term":[{"taxonomy":"product_cat","embeddable":true,"href":"https:\/\/actionmall.act.at\/shop\/18\/wp-json\/wp\/v2\/product_cat?post=437"},{"taxonomy":"product_tag","embeddable":true,"href":"https:\/\/actionmall.act.at\/shop\/18\/wp-json\/wp\/v2\/product_tag?post=437"}],"curies":[{"name":"wp","href":"https:\/\/api.w.org\/{rel}","templated":true}]}}