{"id":481,"date":"2025-12-02T13:23:03","date_gmt":"2025-12-02T12:23:03","guid":{"rendered":"https:\/\/actionmall.act.at\/shop\/18\/?post_type=product&#038;p=481"},"modified":"2026-02-01T23:57:59","modified_gmt":"2026-02-01T22:57:59","slug":"bue-02","status":"publish","type":"product","link":"https:\/\/actionmall.act.at\/shop\/18\/produkt\/bue-02\/","title":{"rendered":"BUE-02 Immobilien und Vertr\u00e4ge"},"content":{"rendered":"<p><span data-contrast=\"none\">Mit diesem Buch lernen Sie, wie Sie SAP-Real Estate Management (SAP RE) in SAP S\/4HANA und SAP ERP bestm\u00f6glich nutzen, effektiv implementieren und anpassen. Das Buch f\u00fchrt Sie durch die Gesch\u00e4ftsprozesse der Immobilienverwaltung und erkl\u00e4rt Ihnen Stammdaten, Fl\u00e4chen- und Vertragsmanagement, Nebenkostenabrechnung u.v.m. Die Autorinnen machen Sie umfassend mit Funktionen und Prozessen, Customizingeinstellungen sowie mit Integrations- und Erweiterungsm\u00f6glichkeiten vertraut<\/span><span data-contrast=\"none\">.<\/span><span data-ccp-props=\"{}\">\u00a0<\/span><\/p>\n<p><span data-contrast=\"none\">Autor:<\/span><span data-contrast=\"none\"> Anke K\u00f6ppe, Sabine Toman<\/span><span data-ccp-props=\"{\">\u00a0<\/span><\/p>\n<p><span data-contrast=\"none\">Titel: SAP-Real Estate Management \u2013 Vertr\u00e4ge und Immobilien mit SAP verwalten.<\/span><span data-ccp-props=\"{\">\u00a0<\/span><\/p>\n<p><span data-contrast=\"auto\">Verlag: Rheinwerk Verlag<\/span><span data-ccp-props=\"{\">\u00a0<\/span><\/p>\n<p><span data-contrast=\"auto\">Seitenanzahl: 646<\/span><span data-ccp-props=\"{\">\u00a0<\/span><\/p>\n<p><span data-contrast=\"auto\">Ver\u00f6ffentlichung: 2018<\/span><span data-ccp-props=\"{\">\u00a0<\/span><\/p>\n","protected":false},"excerpt":{"rendered":"<p>Mit diesem Buch lernen Sie, wie Sie SAP-Real Estate Management (SAP RE) in SAP S\/4HANA und SAP ERP bestm\u00f6glich nutzen, effektiv implementieren und anpassen. Das Buch f\u00fchrt Sie durch die Gesch\u00e4ftsprozesse der Immobilienverwaltung und erkl\u00e4rt Ihnen Stammdaten, Fl\u00e4chen- und Vertragsmanagement, Nebenkostenabrechnung u.v.m. Die Autorinnen machen Sie umfassend mit Funktionen und Prozessen, Customizingeinstellungen sowie mit Integrations- [&hellip;]<\/p>\n","protected":false},"featured_media":478,"template":"","meta":[],"product_cat":[],"product_tag":[],"class_list":{"0":"post-481","1":"product","2":"type-product","3":"status-publish","4":"has-post-thumbnail","7":"first","8":"instock","9":"taxable","10":"shipping-taxable","11":"purchasable","12":"product-type-simple"},"_links":{"self":[{"href":"https:\/\/actionmall.act.at\/shop\/18\/wp-json\/wp\/v2\/product\/481"}],"collection":[{"href":"https:\/\/actionmall.act.at\/shop\/18\/wp-json\/wp\/v2\/product"}],"about":[{"href":"https:\/\/actionmall.act.at\/shop\/18\/wp-json\/wp\/v2\/types\/product"}],"wp:featuredmedia":[{"embeddable":true,"href":"https:\/\/actionmall.act.at\/shop\/18\/wp-json\/wp\/v2\/media\/478"}],"wp:attachment":[{"href":"https:\/\/actionmall.act.at\/shop\/18\/wp-json\/wp\/v2\/media?parent=481"}],"wp:term":[{"taxonomy":"product_cat","embeddable":true,"href":"https:\/\/actionmall.act.at\/shop\/18\/wp-json\/wp\/v2\/product_cat?post=481"},{"taxonomy":"product_tag","embeddable":true,"href":"https:\/\/actionmall.act.at\/shop\/18\/wp-json\/wp\/v2\/product_tag?post=481"}],"curies":[{"name":"wp","href":"https:\/\/api.w.org\/{rel}","templated":true}]}}