{"id":528,"date":"2026-05-05T12:17:07","date_gmt":"2026-05-05T10:17:07","guid":{"rendered":"https:\/\/actionmall.act.at\/shop\/18\/?post_type=product&#038;p=528"},"modified":"2026-05-05T12:19:16","modified_gmt":"2026-05-05T10:19:16","slug":"ki-08-dream-machine","status":"publish","type":"product","link":"https:\/\/actionmall.act.at\/shop\/18\/produkt\/ki-08-dream-machine\/","title":{"rendered":"KI-08 Dream Machine"},"content":{"rendered":"<p><span class=\"TextRun SCXW37689642 BCX8\" lang=\"DE-DE\" xml:lang=\"DE-DE\" data-contrast=\"auto\"><span class=\"NormalTextRun SCXW37689642 BCX8\">Large Language Model (LLM) ist das Herz von KI: Computer lesen Texte aus allen Sprachen ein und vervollst\u00e4ndigen damit immer weiter das Wissen von Chat GPT und seiner Konkurrenz, hin zum gesammelten Wissen, was Menschen je gedacht und verschriftlicht haben. Derzeit ist das Wissen der KI jedoch noch weitgehend auf das beschr\u00e4nkt, was in europ\u00e4ischen Sprachen ver\u00f6ffentlicht worden ist. In die L\u00fccke ist Hugo mit seinem Start-Up gesto\u00dfen: Er organisiert LLM auch f\u00fcr Texte auf Hindi und Arabisch. So wird der Software-Gigant REAL auf sein Unternehmen aufmerksam. Hugo ist bereit, sein Start-Up an REAL f\u00fcr gutes Geld zu verkaufen, doch im Lauf der Verhandlungen kommen ihm immer mehr Zweifel: Was wird REAL mit seiner Datenmacht tun? Kommt es hier nicht zu einer ungeheuren und ungeheuerlichen Konzentration von Macht und Reichtum, die unsere Gesellschaft zerst\u00f6ren k\u00f6nnte &#8230;?<\/span><\/span><\/p>\n<p><span data-contrast=\"auto\">Art. Nr.: KI-08<\/span><span data-ccp-props=\"{}\">\u00a0<\/span><\/p>\n<p><span data-contrast=\"auto\">Seiten:\u00a0176<\/span><span data-ccp-props=\"{}\">\u00a0<\/span><\/p>\n<p><span data-contrast=\"auto\">Verlag:\u00a0Jacoby &#038; Stuart<\/span><span data-ccp-props=\"{}\">\u00a0<\/span><\/p>\n<p><span data-contrast=\"auto\">ISBN-13:\u00a0978-3-9642-8230-9<\/span><span data-ccp-props=\"{}\">\u00a0<\/span><\/p>\n<p><span data-contrast=\"auto\">Preis: 25,00 \u20ac inkl. 10%\u00a0Ust<\/span><span data-ccp-props=\"{}\">\u00a0<\/span><\/p>\n","protected":false},"excerpt":{"rendered":"<p>Large Language Model (LLM) ist das Herz von KI: Computer lesen Texte aus allen Sprachen ein und vervollst\u00e4ndigen damit immer weiter das Wissen von Chat GPT und seiner Konkurrenz, hin zum gesammelten Wissen, was Menschen je gedacht und verschriftlicht haben. Derzeit ist das Wissen der KI jedoch noch weitgehend auf das beschr\u00e4nkt, was in europ\u00e4ischen [&hellip;]<\/p>\n","protected":false},"featured_media":0,"template":"","meta":[],"product_cat":[34],"product_tag":[],"class_list":{"0":"post-528","1":"product","2":"type-product","3":"status-publish","5":"product_cat-autos-und-fahrzeuge","7":"first","8":"instock","9":"taxable","10":"shipping-taxable","11":"purchasable","12":"product-type-simple"},"_links":{"self":[{"href":"https:\/\/actionmall.act.at\/shop\/18\/wp-json\/wp\/v2\/product\/528"}],"collection":[{"href":"https:\/\/actionmall.act.at\/shop\/18\/wp-json\/wp\/v2\/product"}],"about":[{"href":"https:\/\/actionmall.act.at\/shop\/18\/wp-json\/wp\/v2\/types\/product"}],"wp:attachment":[{"href":"https:\/\/actionmall.act.at\/shop\/18\/wp-json\/wp\/v2\/media?parent=528"}],"wp:term":[{"taxonomy":"product_cat","embeddable":true,"href":"https:\/\/actionmall.act.at\/shop\/18\/wp-json\/wp\/v2\/product_cat?post=528"},{"taxonomy":"product_tag","embeddable":true,"href":"https:\/\/actionmall.act.at\/shop\/18\/wp-json\/wp\/v2\/product_tag?post=528"}],"curies":[{"name":"wp","href":"https:\/\/api.w.org\/{rel}","templated":true}]}}