{"id":536,"date":"2026-05-12T12:29:35","date_gmt":"2026-05-12T10:29:35","guid":{"rendered":"https:\/\/actionmall.act.at\/shop\/18\/?post_type=product&#038;p=536"},"modified":"2026-05-12T12:29:35","modified_gmt":"2026-05-12T10:29:35","slug":"cm-02-instagram-optimal-nutzen","status":"publish","type":"product","link":"https:\/\/actionmall.act.at\/shop\/18\/produkt\/cm-02-instagram-optimal-nutzen\/","title":{"rendered":"CM-02 Instagram optimal nutzen"},"content":{"rendered":"<p><span data-contrast=\"none\">Dieses Buch stellt fundiert und pragmatisch die Erfolgsfaktoren des\u00a0Influencer\u00a0Marketings sowohl f\u00fcr die Unternehmens- als auch die\u00a0Influencer-Perspektive dar. Marketing-Profis erfahren, ob\u00a0Influencer\u00a0Marketing f\u00fcr ihre Ziele geeignet ist, wie sie\u00a0Influencer\u00a0Marketing erfolgreich in ihre Kommunikations-Strategie einbauen, die passenden\u00a0Influencer\u00a0finden, richtig\u00a0briefen\u00a0und mit ihnen erfolgreich zusammenarbeiten k\u00f6nnen und dabei den rechtlichen Rahmen im Auge behalten.\u00a0Influencer\u00a0erhalten wertvolle Anregungen, wie sie ihre Karriere weiter professionalisieren und ausbauen k\u00f6nnen.<\/span><br \/>\n<span data-contrast=\"none\">Ein gro\u00dfer Vorteil dieses Werkes ist, dass es gleicherma\u00dfen\u00a0Influencern\u00a0als auch den Marketing-Profis in Unternehmen Expertenwissen liefert, denn nur in einer professionellen Beziehung im mitunter fragilen Zusammenspiel k\u00f6nnen beide Seiten erfolgreich sein.<\/span><br \/>\n<span data-contrast=\"none\">Die 2. Auflage wurde vollst\u00e4ndig \u00fcberarbeitet und auf den neusten Stand gebracht, inklusive neuen Best Cases, dem neuen Medienstaatsvertrag als auch eine aktuelle \u00dcbersicht zu den UWG-Urteilen. Sie enth\u00e4lt neue Beitr\u00e4ge u.a. zum\u00a0Gamechanger\u00a0TikTok\u00a0und zu wichtigen\u00a0Influencer-Marketing-Studien und deren Ergebnisse (u.a. zu Trends, Best-Practises\u00a0und kampagnenbegleitende Wirkungsnachweise).<\/span><span data-ccp-props=\"{}\">\u00a0<\/span><\/p>\n<p><span data-contrast=\"auto\">Art. Nr.: CM-04<\/span><span data-ccp-props=\"{}\">\u00a0<\/span><\/p>\n<p><span data-contrast=\"auto\">Preis: 66,81<\/span><span data-ccp-props=\"{}\">\u00a0<\/span><\/p>\n<p><span data-contrast=\"auto\">ISBN:\u00a0978-3-658-31891-8<\/span><span data-ccp-props=\"{}\">\u00a0<\/span><\/p>\n<p><span data-contrast=\"auto\">Verlag:\u00a0Springer Gabler Wiesbaden<\/span><span data-ccp-props=\"{}\">\u00a0<\/span><\/p>\n<p><span data-contrast=\"auto\">Seiten: 356<\/span><\/p>\n","protected":false},"excerpt":{"rendered":"<p>Dieses Buch stellt fundiert und pragmatisch die Erfolgsfaktoren des\u00a0Influencer\u00a0Marketings sowohl f\u00fcr die Unternehmens- als auch die\u00a0Influencer-Perspektive dar. Marketing-Profis erfahren, ob\u00a0Influencer\u00a0Marketing f\u00fcr ihre Ziele geeignet ist, wie sie\u00a0Influencer\u00a0Marketing erfolgreich in ihre Kommunikations-Strategie einbauen, die passenden\u00a0Influencer\u00a0finden, richtig\u00a0briefen\u00a0und mit ihnen erfolgreich zusammenarbeiten k\u00f6nnen und dabei den rechtlichen Rahmen im Auge behalten.\u00a0Influencer\u00a0erhalten wertvolle Anregungen, wie sie ihre Karriere weiter [&hellip;]<\/p>\n","protected":false},"featured_media":0,"template":"","meta":[],"product_cat":[34],"product_tag":[],"class_list":{"0":"post-536","1":"product","2":"type-product","3":"status-publish","5":"product_cat-autos-und-fahrzeuge","7":"first","8":"instock","9":"taxable","10":"shipping-taxable","11":"purchasable","12":"product-type-simple"},"_links":{"self":[{"href":"https:\/\/actionmall.act.at\/shop\/18\/wp-json\/wp\/v2\/product\/536"}],"collection":[{"href":"https:\/\/actionmall.act.at\/shop\/18\/wp-json\/wp\/v2\/product"}],"about":[{"href":"https:\/\/actionmall.act.at\/shop\/18\/wp-json\/wp\/v2\/types\/product"}],"wp:attachment":[{"href":"https:\/\/actionmall.act.at\/shop\/18\/wp-json\/wp\/v2\/media?parent=536"}],"wp:term":[{"taxonomy":"product_cat","embeddable":true,"href":"https:\/\/actionmall.act.at\/shop\/18\/wp-json\/wp\/v2\/product_cat?post=536"},{"taxonomy":"product_tag","embeddable":true,"href":"https:\/\/actionmall.act.at\/shop\/18\/wp-json\/wp\/v2\/product_tag?post=536"}],"curies":[{"name":"wp","href":"https:\/\/api.w.org\/{rel}","templated":true}]}}