{"id":267,"date":"2025-02-24T15:12:03","date_gmt":"2025-02-24T14:12:03","guid":{"rendered":"https:\/\/actionmall.act.at\/shop\/1899\/?post_type=product&#038;p=267"},"modified":"2026-03-19T16:11:57","modified_gmt":"2026-03-19T15:11:57","slug":"buerodrehstuhl-fitness-open-x-deluxe-i","status":"publish","type":"product","link":"https:\/\/actionmall.act.at\/shop\/1899\/en\/produkt\/buerodrehstuhl-fitness-open-x-deluxe-i\/","title":{"rendered":"B\u00fcrodrehstuhl Fitness open X Deluxe I"},"content":{"rendered":"<p><strong>Bezug R\u00fcckenlehne:<\/strong> Mesh<\/p>\n<p><strong>Bezug Sitzfl\u00e4che:<\/strong> Webstoff<\/p>\n<p><strong>Fu\u00dfkreuz:<\/strong> Aluminium, verchromt, Chrom<\/p>\n<p><strong>Bezug:<\/strong> Schwarz<\/p>\n<p><strong>Belastbarkeit:<\/strong> 110 kg<\/p>\n<p><strong>Sitzh\u00f6he:<\/strong> 42cm<\/p>\n<p><strong>R\u00fcckenlehnen H\u00f6he:<\/strong> 58cm<\/p>\n<p><strong>Sitztiefe:<\/strong> 47cm<\/p>\n<p>&nbsp;<\/p>\n","protected":false},"excerpt":{"rendered":"<p>Bezug R\u00fcckenlehne: Mesh Bezug Sitzfl\u00e4che: Webstoff Fu\u00dfkreuz: Aluminium, verchromt, Chrom Bezug: Schwarz Belastbarkeit: 110 kg Sitzh\u00f6he: 42cm R\u00fcckenlehnen H\u00f6he: 58cm Sitztiefe: 47cm &nbsp;<\/p>\n","protected":false},"featured_media":270,"template":"","meta":[],"product_cat":[47],"product_tag":[],"class_list":{"0":"post-267","1":"product","2":"type-product","3":"status-publish","4":"has-post-thumbnail","6":"product_cat-buero-und-bueroeinrichtung","8":"first","9":"instock","10":"taxable","11":"shipping-taxable","12":"purchasable","13":"product-type-simple"},"_links":{"self":[{"href":"https:\/\/actionmall.act.at\/shop\/1899\/en\/wp-json\/wp\/v2\/product\/267"}],"collection":[{"href":"https:\/\/actionmall.act.at\/shop\/1899\/en\/wp-json\/wp\/v2\/product"}],"about":[{"href":"https:\/\/actionmall.act.at\/shop\/1899\/en\/wp-json\/wp\/v2\/types\/product"}],"wp:featuredmedia":[{"embeddable":true,"href":"https:\/\/actionmall.act.at\/shop\/1899\/en\/wp-json\/wp\/v2\/media\/270"}],"wp:attachment":[{"href":"https:\/\/actionmall.act.at\/shop\/1899\/en\/wp-json\/wp\/v2\/media?parent=267"}],"wp:term":[{"taxonomy":"product_cat","embeddable":true,"href":"https:\/\/actionmall.act.at\/shop\/1899\/en\/wp-json\/wp\/v2\/product_cat?post=267"},{"taxonomy":"product_tag","embeddable":true,"href":"https:\/\/actionmall.act.at\/shop\/1899\/en\/wp-json\/wp\/v2\/product_tag?post=267"}],"curies":[{"name":"wp","href":"https:\/\/api.w.org\/{rel}","templated":true}]}}