{"id":367,"date":"2026-02-26T14:24:02","date_gmt":"2026-02-26T13:24:02","guid":{"rendered":"https:\/\/actionmall.act.at\/shop\/1899\/?post_type=product&#038;p=367"},"modified":"2026-03-19T15:57:05","modified_gmt":"2026-03-19T14:57:05","slug":"samsung-galaxy-s-24-black","status":"publish","type":"product","link":"https:\/\/actionmall.act.at\/shop\/1899\/en\/produkt\/samsung-galaxy-s-24-black\/","title":{"rendered":"Samsung Galaxy S 24 Black"},"content":{"rendered":"<p>Das <strong data-start=\"122\" data-end=\"150\">Samsung Galaxy S24 Black<\/strong> ist ein leistungsstarkes 5G-Smartphone mit elegantem Design und robuster Verarbeitung. Es bietet ein brillantes <strong data-start=\"263\" data-end=\"297\">6,2\u2033 Dynamic AMOLED 2X-Display<\/strong> mit 120 Hz f\u00fcr fl\u00fcssige Darstellung, einen schnellen Octa-Core-Prozessor und <strong data-start=\"375\" data-end=\"386\">Android<\/strong> mit aktueller One UI-Oberfl\u00e4che. Mit einer <strong data-start=\"430\" data-end=\"471\">Triple-Kamera (50 MP + 12 MP + 10 MP)<\/strong> und einer <strong data-start=\"482\" data-end=\"503\">12 MP-Frontkamera<\/strong> kannst du hochwertige Fotos und Videos aufnehmen. Der Akku mit <strong data-start=\"567\" data-end=\"585\">rund 4.000 mAh<\/strong> unterst\u00fctzt kabelloses Laden und PowerShare-Funktionen. Das Ger\u00e4t ist zudem nach <strong data-start=\"667\" data-end=\"675\">IP68<\/strong> gegen Staub und Wasser gesch\u00fctzt und wiegt ca. <strong data-start=\"723\" data-end=\"732\">167 g<\/strong> \u2013 angenehm leicht und kompakt.<\/p>\n","protected":false},"excerpt":{"rendered":"<p>Das Samsung Galaxy S24 Black ist ein leistungsstarkes 5G-Smartphone mit elegantem Design und robuster Verarbeitung. Es bietet ein brillantes 6,2\u2033 Dynamic AMOLED 2X-Display mit 120 Hz f\u00fcr fl\u00fcssige Darstellung, einen schnellen Octa-Core-Prozessor und Android mit aktueller One UI-Oberfl\u00e4che. Mit einer Triple-Kamera (50 MP + 12 MP + 10 MP) und einer 12 MP-Frontkamera kannst du [&hellip;]<\/p>\n","protected":false},"featured_media":355,"template":"","meta":[],"product_cat":[58],"product_tag":[],"class_list":{"0":"post-367","1":"product","2":"type-product","3":"status-publish","4":"has-post-thumbnail","6":"product_cat-it-und-elektronik","8":"first","9":"instock","10":"taxable","11":"shipping-taxable","12":"purchasable","13":"product-type-simple"},"_links":{"self":[{"href":"https:\/\/actionmall.act.at\/shop\/1899\/en\/wp-json\/wp\/v2\/product\/367"}],"collection":[{"href":"https:\/\/actionmall.act.at\/shop\/1899\/en\/wp-json\/wp\/v2\/product"}],"about":[{"href":"https:\/\/actionmall.act.at\/shop\/1899\/en\/wp-json\/wp\/v2\/types\/product"}],"wp:featuredmedia":[{"embeddable":true,"href":"https:\/\/actionmall.act.at\/shop\/1899\/en\/wp-json\/wp\/v2\/media\/355"}],"wp:attachment":[{"href":"https:\/\/actionmall.act.at\/shop\/1899\/en\/wp-json\/wp\/v2\/media?parent=367"}],"wp:term":[{"taxonomy":"product_cat","embeddable":true,"href":"https:\/\/actionmall.act.at\/shop\/1899\/en\/wp-json\/wp\/v2\/product_cat?post=367"},{"taxonomy":"product_tag","embeddable":true,"href":"https:\/\/actionmall.act.at\/shop\/1899\/en\/wp-json\/wp\/v2\/product_tag?post=367"}],"curies":[{"name":"wp","href":"https:\/\/api.w.org\/{rel}","templated":true}]}}