{"id":369,"date":"2026-02-26T14:26:24","date_gmt":"2026-02-26T13:26:24","guid":{"rendered":"https:\/\/actionmall.act.at\/shop\/1899\/?post_type=product&#038;p=369"},"modified":"2026-02-26T14:26:24","modified_gmt":"2026-02-26T13:26:24","slug":"telefon-kombination-kx-tg6451","status":"publish","type":"product","link":"https:\/\/actionmall.act.at\/shop\/1899\/en\/produkt\/telefon-kombination-kx-tg6451\/","title":{"rendered":"Telefon-Kombination KX-TG6451"},"content":{"rendered":"<p>Panasonic KX\u2011TG6451 ist eine Kombi-Telefonl\u00f6sung (2-in-1) mit einem schnurgebundenen und einem schnurlosen Telefon, ideal f\u00fcr Zuhause oder kleine B\u00fcros. Es arbeitet im analogen Netz und bietet eine einfache DECT-Funkkommunikation.<\/p>\n","protected":false},"excerpt":{"rendered":"<p>Panasonic KX\u2011TG6451 ist eine Kombi-Telefonl\u00f6sung (2-in-1) mit einem schnurgebundenen und einem schnurlosen Telefon, ideal f\u00fcr Zuhause oder kleine B\u00fcros. Es arbeitet im analogen Netz und bietet eine einfache DECT-Funkkommunikation.<\/p>\n","protected":false},"featured_media":0,"template":"","meta":[],"product_cat":[58],"product_tag":[],"class_list":{"0":"post-369","1":"product","2":"type-product","3":"status-publish","5":"product_cat-it-und-elektronik","7":"first","8":"instock","9":"taxable","10":"shipping-taxable","11":"purchasable","12":"product-type-simple"},"_links":{"self":[{"href":"https:\/\/actionmall.act.at\/shop\/1899\/en\/wp-json\/wp\/v2\/product\/369"}],"collection":[{"href":"https:\/\/actionmall.act.at\/shop\/1899\/en\/wp-json\/wp\/v2\/product"}],"about":[{"href":"https:\/\/actionmall.act.at\/shop\/1899\/en\/wp-json\/wp\/v2\/types\/product"}],"wp:attachment":[{"href":"https:\/\/actionmall.act.at\/shop\/1899\/en\/wp-json\/wp\/v2\/media?parent=369"}],"wp:term":[{"taxonomy":"product_cat","embeddable":true,"href":"https:\/\/actionmall.act.at\/shop\/1899\/en\/wp-json\/wp\/v2\/product_cat?post=369"},{"taxonomy":"product_tag","embeddable":true,"href":"https:\/\/actionmall.act.at\/shop\/1899\/en\/wp-json\/wp\/v2\/product_tag?post=369"}],"curies":[{"name":"wp","href":"https:\/\/api.w.org\/{rel}","templated":true}]}}