{"id":379,"date":"2026-02-26T14:45:06","date_gmt":"2026-02-26T13:45:06","guid":{"rendered":"https:\/\/actionmall.act.at\/shop\/1899\/?post_type=product&#038;p=379"},"modified":"2026-03-19T15:04:07","modified_gmt":"2026-03-19T14:04:07","slug":"canon-selphy-cp1000-fotodrucker","status":"publish","type":"product","link":"https:\/\/actionmall.act.at\/shop\/1899\/en\/produkt\/canon-selphy-cp1000-fotodrucker\/","title":{"rendered":"Canon  SELPHY CP1000 Fotodrucker"},"content":{"rendered":"<p><img loading=\"lazy\" decoding=\"async\" class=\"alignnone size-medium wp-image-279\" src=\"https:\/\/actionmall.act.at\/shop\/1899\/wp-content\/uploads\/2025\/02\/shopping-1-231x300.jpeg\" alt=\"\" width=\"231\" height=\"300\" srcset=\"https:\/\/actionmall.act.at\/shop\/1899\/wp-content\/uploads\/2025\/02\/shopping-1-231x300.jpeg 231w, https:\/\/actionmall.act.at\/shop\/1899\/wp-content\/uploads\/2025\/02\/shopping-1.jpeg 296w\" sizes=\"(max-width: 231px) 100vw, 231px\" \/>Kompakter <strong data-start=\"254\" data-end=\"288\">Thermosublimations\u2011Fotodrucker<\/strong> f\u00fcr brillante, langlebige Bilder in Postkartengr\u00f6\u00dfe (bis 148\u202f\u00d7\u202f100\u202fmm). <br data-start=\"398\" data-end=\"401\" \/>Druckt Fotos mit <strong data-start=\"420\" data-end=\"435\">300\u00d7300\u202fdpi<\/strong> und lebendigen Farben mit Schutz\u2011\u00dcberzug, der die Ausdrucke bis zu 100\u202fJahre haltbar machen kann. <br data-start=\"571\" data-end=\"574\" \/><strong data-start=\"576\" data-end=\"596\">2,7\u2033\u202fLCD\u2011Display<\/strong> zur einfachen Auswahl und Vorschau von Bildern direkt am Ger\u00e4t.<\/p>\n","protected":false},"excerpt":{"rendered":"<p>Kompakter Thermosublimations\u2011Fotodrucker f\u00fcr brillante, langlebige Bilder in Postkartengr\u00f6\u00dfe (bis 148\u202f\u00d7\u202f100\u202fmm). Druckt Fotos mit 300\u00d7300\u202fdpi und lebendigen Farben mit Schutz\u2011\u00dcberzug, der die Ausdrucke bis zu 100\u202fJahre haltbar machen kann. 2,7\u2033\u202fLCD\u2011Display zur einfachen Auswahl und Vorschau von Bildern direkt am Ger\u00e4t.<\/p>\n","protected":false},"featured_media":0,"template":"","meta":[],"product_cat":[58],"product_tag":[],"class_list":{"0":"post-379","1":"product","2":"type-product","3":"status-publish","5":"product_cat-it-und-elektronik","7":"first","8":"instock","9":"taxable","10":"shipping-taxable","11":"purchasable","12":"product-type-simple"},"_links":{"self":[{"href":"https:\/\/actionmall.act.at\/shop\/1899\/en\/wp-json\/wp\/v2\/product\/379"}],"collection":[{"href":"https:\/\/actionmall.act.at\/shop\/1899\/en\/wp-json\/wp\/v2\/product"}],"about":[{"href":"https:\/\/actionmall.act.at\/shop\/1899\/en\/wp-json\/wp\/v2\/types\/product"}],"wp:attachment":[{"href":"https:\/\/actionmall.act.at\/shop\/1899\/en\/wp-json\/wp\/v2\/media?parent=379"}],"wp:term":[{"taxonomy":"product_cat","embeddable":true,"href":"https:\/\/actionmall.act.at\/shop\/1899\/en\/wp-json\/wp\/v2\/product_cat?post=379"},{"taxonomy":"product_tag","embeddable":true,"href":"https:\/\/actionmall.act.at\/shop\/1899\/en\/wp-json\/wp\/v2\/product_tag?post=379"}],"curies":[{"name":"wp","href":"https:\/\/api.w.org\/{rel}","templated":true}]}}