{"id":382,"date":"2026-02-26T14:53:35","date_gmt":"2026-02-26T13:53:35","guid":{"rendered":"https:\/\/actionmall.act.at\/shop\/1899\/?post_type=product&#038;p=382"},"modified":"2026-02-26T14:53:36","modified_gmt":"2026-02-26T13:53:36","slug":"65premium-uhd-tv-mu9000","status":"publish","type":"product","link":"https:\/\/actionmall.act.at\/shop\/1899\/en\/produkt\/65premium-uhd-tv-mu9000\/","title":{"rendered":"65&#8243;Premium UHD TV MU9000"},"content":{"rendered":"<p><strong data-start=\"0\" data-end=\"41\"><span class=\"hover:entity-accent entity-underline inline cursor-pointer align-baseline\"><span class=\"whitespace-normal\">Samsung 65&#8243; MU9000 Premium UHD TV<\/span><\/span><\/strong> ist ein gro\u00dfer <strong data-start=\"57\" data-end=\"85\">65\u2033 Premium\u2011UHD\u2011Smart\u2011TV<\/strong> mit 4K\u2011Aufl\u00f6sung und vielf\u00e4ltigen Funktionen f\u00fcr ein hochwertiges Fernseherlebnis<\/p>\n","protected":false},"excerpt":{"rendered":"<p>Samsung 65&#8243; MU9000 Premium UHD TV ist ein gro\u00dfer 65\u2033 Premium\u2011UHD\u2011Smart\u2011TV mit 4K\u2011Aufl\u00f6sung und vielf\u00e4ltigen Funktionen f\u00fcr ein hochwertiges Fernseherlebnis<\/p>\n","protected":false},"featured_media":0,"template":"","meta":[],"product_cat":[58],"product_tag":[],"class_list":{"0":"post-382","1":"product","2":"type-product","3":"status-publish","5":"product_cat-it-und-elektronik","7":"first","8":"instock","9":"taxable","10":"shipping-taxable","11":"purchasable","12":"product-type-simple"},"_links":{"self":[{"href":"https:\/\/actionmall.act.at\/shop\/1899\/en\/wp-json\/wp\/v2\/product\/382"}],"collection":[{"href":"https:\/\/actionmall.act.at\/shop\/1899\/en\/wp-json\/wp\/v2\/product"}],"about":[{"href":"https:\/\/actionmall.act.at\/shop\/1899\/en\/wp-json\/wp\/v2\/types\/product"}],"wp:attachment":[{"href":"https:\/\/actionmall.act.at\/shop\/1899\/en\/wp-json\/wp\/v2\/media?parent=382"}],"wp:term":[{"taxonomy":"product_cat","embeddable":true,"href":"https:\/\/actionmall.act.at\/shop\/1899\/en\/wp-json\/wp\/v2\/product_cat?post=382"},{"taxonomy":"product_tag","embeddable":true,"href":"https:\/\/actionmall.act.at\/shop\/1899\/en\/wp-json\/wp\/v2\/product_tag?post=382"}],"curies":[{"name":"wp","href":"https:\/\/api.w.org\/{rel}","templated":true}]}}