{"id":275,"date":"2025-02-24T15:44:26","date_gmt":"2025-02-24T14:44:26","guid":{"rendered":"https:\/\/actionmall.act.at\/shop\/1899\/?post_type=product&#038;p=275"},"modified":"2026-03-19T16:03:46","modified_gmt":"2026-03-19T15:03:46","slug":"asus","status":"publish","type":"product","link":"https:\/\/actionmall.act.at\/shop\/1899\/produkt\/asus\/","title":{"rendered":"ASUS"},"content":{"rendered":"<ul>\n<li>81,28 cm (32 Zoll) 4K-IPS-Monitor mit einem beeindruckenden Kontrastverh\u00e4ltnis von 100.000.000:1 und hohem Betrachtungswinkel von 178\u00b0<\/li>\n<li>VESA-Display HDR-600 HDR-10 f\u00fcr eine naturgetreue Bilddarstellung<\/li>\n<li>98% DZI-P3, 100% Adobe RGB, 100% sRGB und 84% Rec. 2020, Farbraum, Ab Werk vorkalibriert f\u00fcr eine hervorragende Farbtreue<\/li>\n<li>ASUS ProArt- Kalibrierungstechnologie bietet eine 14-Bit Look-Up-Tabelle (LUT), Uniformit\u00e4tskompensation und die M\u00f6glichkeit , Farbprofile auf dem Monitor zu speichern<\/li>\n<\/ul>\n","protected":false},"excerpt":{"rendered":"<p>81,28 cm (32 Zoll) 4K-IPS-Monitor mit einem beeindruckenden Kontrastverh\u00e4ltnis von 100.000.000:1 und hohem Betrachtungswinkel von 178\u00b0 VESA-Display HDR-600 HDR-10 f\u00fcr eine naturgetreue Bilddarstellung 98% DZI-P3, 100% Adobe RGB, 100% sRGB und 84% Rec. 2020, Farbraum, Ab Werk vorkalibriert f\u00fcr eine hervorragende Farbtreue ASUS ProArt- Kalibrierungstechnologie bietet eine 14-Bit Look-Up-Tabelle (LUT), Uniformit\u00e4tskompensation und die M\u00f6glichkeit , [&hellip;]<\/p>\n","protected":false},"featured_media":282,"template":"","meta":[],"product_cat":[58],"product_tag":[],"class_list":{"0":"post-275","1":"product","2":"type-product","3":"status-publish","4":"has-post-thumbnail","6":"product_cat-it-und-elektronik","8":"first","9":"instock","10":"taxable","11":"shipping-taxable","12":"purchasable","13":"product-type-simple"},"_links":{"self":[{"href":"https:\/\/actionmall.act.at\/shop\/1899\/wp-json\/wp\/v2\/product\/275"}],"collection":[{"href":"https:\/\/actionmall.act.at\/shop\/1899\/wp-json\/wp\/v2\/product"}],"about":[{"href":"https:\/\/actionmall.act.at\/shop\/1899\/wp-json\/wp\/v2\/types\/product"}],"wp:featuredmedia":[{"embeddable":true,"href":"https:\/\/actionmall.act.at\/shop\/1899\/wp-json\/wp\/v2\/media\/282"}],"wp:attachment":[{"href":"https:\/\/actionmall.act.at\/shop\/1899\/wp-json\/wp\/v2\/media?parent=275"}],"wp:term":[{"taxonomy":"product_cat","embeddable":true,"href":"https:\/\/actionmall.act.at\/shop\/1899\/wp-json\/wp\/v2\/product_cat?post=275"},{"taxonomy":"product_tag","embeddable":true,"href":"https:\/\/actionmall.act.at\/shop\/1899\/wp-json\/wp\/v2\/product_tag?post=275"}],"curies":[{"name":"wp","href":"https:\/\/api.w.org\/{rel}","templated":true}]}}